{"id":103058,"date":"2026-04-29T19:09:29","date_gmt":"2026-04-29T19:09:29","guid":{"rendered":"https:\/\/brandss.com.py\/index\/?post_type=product&#038;p=103058"},"modified":"2026-04-29T19:09:52","modified_gmt":"2026-04-29T19:09:52","slug":"crema-de-manos-sweet-care-forever-you-59ml","status":"publish","type":"product","link":"https:\/\/brandss.com.py\/index\/producto\/crema-de-manos-sweet-care-forever-you-59ml\/","title":{"rendered":"CREMA DE MANOS SWEET CARE FOREVER YOU 59ML"},"content":{"rendered":"<p><img loading=\"lazy\" decoding=\"async\" class=\"\" src=\"https:\/\/lh5.googleusercontent.com\/proxy\/oPlj_2L6xWn3zlOyNABhs_CVOnyJMDERvLAUadBO0Kp8QdaebEvsmiTL0SoENllsZLO6PCDcWS1oH6w5Aw0vDDhNoNszLrSK-QlTtO2KgjiuokIWDskO2vW52Gxk7Heoh2CzDB7PHbPRAQ8OXRX4CA\" alt=\"Subcategorias\" width=\"122\" height=\"62\" \/><\/p>\n<h1>FOREVER YOU<\/h1>\n<p data-start=\"0\" data-end=\"187\">Es una opci\u00f3n pr\u00e1ctica y delicadamente perfumada, pensada para el cuidado diario de las manos con un toque femenino y suave. Es una crema hidratante de uso diario que ayuda a mantener las manos suaves, protegidas y con una fragancia agradable. Su tama\u00f1o de 59 ml la hace perfecta para llevar en la cartera o mochila.<\/p>\n<h3 data-section-id=\"1fiiefh\" data-start=\"409\" data-end=\"438\">Beneficios<\/h3>\n<ul data-start=\"439\" data-end=\"916\">\n<li data-section-id=\"xxs8tj\" data-start=\"439\" data-end=\"571\"><strong data-start=\"441\" data-end=\"466\">Hidrataci\u00f3n efectiva:<\/strong> aporta humectantes que ayudan a evitar la resequedad de la piel.<\/li>\n<li data-section-id=\"obunw7\" data-start=\"572\" data-end=\"724\"><strong data-start=\"574\" data-end=\"614\">Protecci\u00f3n contra la deshidrataci\u00f3n:<\/strong> crea una ligera barrera que cuida la piel frente a factores externos.<\/li>\n<li data-section-id=\"xa4d6a\" data-start=\"725\" data-end=\"799\"><strong data-start=\"727\" data-end=\"746\">Textura ligera:<\/strong> se absorbe f\u00e1cilmente sin dejar sensaci\u00f3n grasosa.<\/li>\n<li data-section-id=\"1icuydq\" data-start=\"800\" data-end=\"916\"><strong data-start=\"802\" data-end=\"828\">Piel suave y delicada:<\/strong> deja las manos con un acabado sedoso y cuidado.<\/li>\n<\/ul>\n<h3 data-section-id=\"149z3og\" data-start=\"918\" data-end=\"953\">Aroma<\/h3>\n<p data-start=\"954\" data-end=\"1011\">La versi\u00f3n Forever You suele destacarse por un aroma:<\/p>\n<ul data-start=\"1012\" data-end=\"1135\">\n<li data-section-id=\"hyf55z\" data-start=\"1012\" data-end=\"1032\">Dulce y femenino<\/li>\n<li data-section-id=\"1hphm3b\" data-start=\"1033\" data-end=\"1055\">Suave y envolvente<\/li>\n<li data-section-id=\"byxidh\" data-start=\"1056\" data-end=\"1135\">Ideal para quienes prefieren fragancias delicadas que acompa\u00f1en todo el d\u00eda<\/li>\n<\/ul>\n<h3 data-section-id=\"e86uwm\" data-start=\"1247\" data-end=\"1269\">Uso recomendado<\/h3>\n<p data-start=\"1270\" data-end=\"1423\">Aplicar 2 a 3 veces al d\u00eda, especialmente despu\u00e9s de lavar las manos, para mantener la hidrataci\u00f3n constante.<\/p>\n","protected":false},"excerpt":{"rendered":"<p>FOREVER YOU Es una opci\u00f3n pr\u00e1ctica y delicadamente perfumada, pensada para el cuidado diario de las manos con un toque<\/p>\n","protected":false},"featured_media":103059,"comment_status":"open","ping_status":"closed","template":"","meta":{"nf_dc_page":""},"product_brand":[3622],"product_cat":[85],"product_tag":[3624],"class_list":{"0":"post-103058","1":"product","2":"type-product","3":"status-publish","4":"has-post-thumbnail","6":"product_brand-sweet-care","7":"product_cat-cosmeticos","8":"product_tag-3624","10":"first","11":"instock","12":"shipping-taxable","13":"purchasable","14":"product-type-simple"},"_links":{"self":[{"href":"https:\/\/brandss.com.py\/index\/wp-json\/wp\/v2\/product\/103058","targetHints":{"allow":["GET"]}}],"collection":[{"href":"https:\/\/brandss.com.py\/index\/wp-json\/wp\/v2\/product"}],"about":[{"href":"https:\/\/brandss.com.py\/index\/wp-json\/wp\/v2\/types\/product"}],"replies":[{"embeddable":true,"href":"https:\/\/brandss.com.py\/index\/wp-json\/wp\/v2\/comments?post=103058"}],"version-history":[{"count":1,"href":"https:\/\/brandss.com.py\/index\/wp-json\/wp\/v2\/product\/103058\/revisions"}],"predecessor-version":[{"id":103061,"href":"https:\/\/brandss.com.py\/index\/wp-json\/wp\/v2\/product\/103058\/revisions\/103061"}],"wp:featuredmedia":[{"embeddable":true,"href":"https:\/\/brandss.com.py\/index\/wp-json\/wp\/v2\/media\/103059"}],"wp:attachment":[{"href":"https:\/\/brandss.com.py\/index\/wp-json\/wp\/v2\/media?parent=103058"}],"wp:term":[{"taxonomy":"product_brand","embeddable":true,"href":"https:\/\/brandss.com.py\/index\/wp-json\/wp\/v2\/product_brand?post=103058"},{"taxonomy":"product_cat","embeddable":true,"href":"https:\/\/brandss.com.py\/index\/wp-json\/wp\/v2\/product_cat?post=103058"},{"taxonomy":"product_tag","embeddable":true,"href":"https:\/\/brandss.com.py\/index\/wp-json\/wp\/v2\/product_tag?post=103058"}],"curies":[{"name":"wp","href":"https:\/\/api.w.org\/{rel}","templated":true}]}}