{"id":103063,"date":"2026-04-30T11:10:17","date_gmt":"2026-04-30T11:10:17","guid":{"rendered":"https:\/\/brandss.com.py\/index\/?post_type=product&#038;p=103063"},"modified":"2026-04-30T11:10:40","modified_gmt":"2026-04-30T11:10:40","slug":"crema-de-manos-sweet-care-happy-touch-59ml","status":"publish","type":"product","link":"https:\/\/brandss.com.py\/index\/producto\/crema-de-manos-sweet-care-happy-touch-59ml\/","title":{"rendered":"CREMA DE MANOS SWEET CARE HAPPY TOUCH 59ML"},"content":{"rendered":"<p><img loading=\"lazy\" decoding=\"async\" class=\"\" src=\"https:\/\/lh5.googleusercontent.com\/proxy\/oPlj_2L6xWn3zlOyNABhs_CVOnyJMDERvLAUadBO0Kp8QdaebEvsmiTL0SoENllsZLO6PCDcWS1oH6w5Aw0vDDhNoNszLrSK-QlTtO2KgjiuokIWDskO2vW52Gxk7Heoh2CzDB7PHbPRAQ8OXRX4CA\" alt=\"Subcategorias\" width=\"110\" height=\"56\" \/><\/p>\n<h1>HAPPY TOUCH<\/h1>\n<p data-start=\"0\" data-end=\"208\">Es un producto pensado para el cuidado diario de las manos, combinando hidrataci\u00f3n con una fragancia suave y femenina. Es una crema ligera y pr\u00e1ctica (tama\u00f1o 59 ml, ideal para cartera) que ayuda a mantener la piel de las manos hidratada, suave y protegida frente a la resequedad causada por factores externos como el clima o el lavado frecuente.<\/p>\n<h3 data-section-id=\"1fiiefh\" data-start=\"508\" data-end=\"537\">Beneficios<\/h3>\n<ul data-start=\"538\" data-end=\"985\">\n<li data-section-id=\"1sp81ka\" data-start=\"538\" data-end=\"647\"><strong data-start=\"540\" data-end=\"563\">Hidrataci\u00f3n diaria:<\/strong> aporta humectaci\u00f3n para evitar la sequedad.<\/li>\n<li data-section-id=\"m2mpiu\" data-start=\"648\" data-end=\"760\"><strong data-start=\"650\" data-end=\"673\">Suavidad inmediata:<\/strong> deja las manos m\u00e1s lisas y delicadas al tacto.<\/li>\n<li data-section-id=\"gh86k6\" data-start=\"761\" data-end=\"865\"><strong data-start=\"763\" data-end=\"789\">Protecci\u00f3n de la piel:<\/strong> ayuda a prevenir la deshidrataci\u00f3n.<\/li>\n<li data-section-id=\"2ntb4g\" data-start=\"866\" data-end=\"985\"><strong data-start=\"868\" data-end=\"886\">Uso frecuente:<\/strong> se puede aplicar varias veces al d\u00eda sin sensaci\u00f3n pesada.<\/li>\n<\/ul>\n<h3 data-section-id=\"qbw6l\" data-start=\"987\" data-end=\"1019\">Aroma<\/h3>\n<p data-start=\"1020\" data-end=\"1233\">Esta variante suele tener un perfil dulce, fresco y femenino, con notas que pueden incluir mandarina y jazm\u00edn, creando una sensaci\u00f3n agradable y duradera en la piel.<\/p>\n<h3 data-section-id=\"1h5jkfb\" data-start=\"1235\" data-end=\"1255\">Textura y uso<\/h3>\n<ul data-start=\"1256\" data-end=\"1387\">\n<li data-section-id=\"e0k2cq\" data-start=\"1256\" data-end=\"1300\">Textura ligera y de r\u00e1pida absorci\u00f3n.<\/li>\n<li data-section-id=\"d83o1w\" data-start=\"1301\" data-end=\"1330\">No deja sensaci\u00f3n grasosa.<\/li>\n<li data-section-id=\"14vb6ci\" data-start=\"1331\" data-end=\"1387\">Ideal para llevar en la cartera o usar en el trabajo.<\/li>\n<\/ul>\n","protected":false},"excerpt":{"rendered":"<p>HAPPY TOUCH Es un producto pensado para el cuidado diario de las manos, combinando hidrataci\u00f3n con una fragancia suave y<\/p>\n","protected":false},"featured_media":103064,"comment_status":"open","ping_status":"closed","template":"","meta":{"nf_dc_page":""},"product_brand":[3622],"product_cat":[85],"product_tag":[3625],"class_list":{"0":"post-103063","1":"product","2":"type-product","3":"status-publish","4":"has-post-thumbnail","6":"product_brand-sweet-care","7":"product_cat-cosmeticos","8":"product_tag-3625","10":"first","11":"instock","12":"shipping-taxable","13":"purchasable","14":"product-type-simple"},"_links":{"self":[{"href":"https:\/\/brandss.com.py\/index\/wp-json\/wp\/v2\/product\/103063","targetHints":{"allow":["GET"]}}],"collection":[{"href":"https:\/\/brandss.com.py\/index\/wp-json\/wp\/v2\/product"}],"about":[{"href":"https:\/\/brandss.com.py\/index\/wp-json\/wp\/v2\/types\/product"}],"replies":[{"embeddable":true,"href":"https:\/\/brandss.com.py\/index\/wp-json\/wp\/v2\/comments?post=103063"}],"version-history":[{"count":1,"href":"https:\/\/brandss.com.py\/index\/wp-json\/wp\/v2\/product\/103063\/revisions"}],"predecessor-version":[{"id":103066,"href":"https:\/\/brandss.com.py\/index\/wp-json\/wp\/v2\/product\/103063\/revisions\/103066"}],"wp:featuredmedia":[{"embeddable":true,"href":"https:\/\/brandss.com.py\/index\/wp-json\/wp\/v2\/media\/103064"}],"wp:attachment":[{"href":"https:\/\/brandss.com.py\/index\/wp-json\/wp\/v2\/media?parent=103063"}],"wp:term":[{"taxonomy":"product_brand","embeddable":true,"href":"https:\/\/brandss.com.py\/index\/wp-json\/wp\/v2\/product_brand?post=103063"},{"taxonomy":"product_cat","embeddable":true,"href":"https:\/\/brandss.com.py\/index\/wp-json\/wp\/v2\/product_cat?post=103063"},{"taxonomy":"product_tag","embeddable":true,"href":"https:\/\/brandss.com.py\/index\/wp-json\/wp\/v2\/product_tag?post=103063"}],"curies":[{"name":"wp","href":"https:\/\/api.w.org\/{rel}","templated":true}]}}