{"id":103067,"date":"2026-04-30T11:25:01","date_gmt":"2026-04-30T11:25:01","guid":{"rendered":"https:\/\/brandss.com.py\/index\/?post_type=product&#038;p=103067"},"modified":"2026-04-30T11:25:21","modified_gmt":"2026-04-30T11:25:21","slug":"crema-de-manos-sweet-care-passion-vanilla-59ml","status":"publish","type":"product","link":"https:\/\/brandss.com.py\/index\/producto\/crema-de-manos-sweet-care-passion-vanilla-59ml\/","title":{"rendered":"CREMA DE MANOS SWEET CARE PASSION VANILLA 59ML"},"content":{"rendered":"<p><img loading=\"lazy\" decoding=\"async\" class=\"\" src=\"https:\/\/lh5.googleusercontent.com\/proxy\/oPlj_2L6xWn3zlOyNABhs_CVOnyJMDERvLAUadBO0Kp8QdaebEvsmiTL0SoENllsZLO6PCDcWS1oH6w5Aw0vDDhNoNszLrSK-QlTtO2KgjiuokIWDskO2vW52Gxk7Heoh2CzDB7PHbPRAQ8OXRX4CA\" alt=\"Subcategorias\" width=\"128\" height=\"65\" \/><\/p>\n<h1>PASSION VANILLA<\/h1>\n<p data-start=\"0\" data-end=\"224\">Es una opci\u00f3n muy popular dentro de esta l\u00ednea por su aroma dulce y envolvente, ideal si te gustan las fragancias tipo gourmand (vainilla). Es una crema de manos pr\u00e1ctica y compacta, perfecta para llevar en la cartera y usar durante el d\u00eda. Est\u00e1 formulada para hidratar y suavizar la piel, ayudando a mantener las manos protegidas de la resequedad.<\/p>\n<h3 data-section-id=\"1jkr6od\" data-start=\"526\" data-end=\"557\">Beneficios<\/h3>\n<ul data-start=\"558\" data-end=\"1002\">\n<li data-section-id=\"sc3ho9\" data-start=\"558\" data-end=\"692\"><strong data-start=\"560\" data-end=\"583\">Hidrataci\u00f3n diaria:<\/strong> aporta humectantes que ayudan a evitar la deshidrataci\u00f3n de la piel.<\/li>\n<li data-section-id=\"m2mpiu\" data-start=\"693\" data-end=\"805\"><strong data-start=\"695\" data-end=\"718\">Suavidad inmediata:<\/strong> deja las manos m\u00e1s lisas y delicadas al tacto.<\/li>\n<li data-section-id=\"ujjbna\" data-start=\"806\" data-end=\"931\"><strong data-start=\"808\" data-end=\"833\">Protecci\u00f3n constante:<\/strong> ideal para usar varias veces al d\u00eda sin sensaci\u00f3n pesada.<\/li>\n<li data-section-id=\"m8k80y\" data-start=\"932\" data-end=\"1002\"><strong data-start=\"934\" data-end=\"955\">Formato port\u00e1til:<\/strong> tama\u00f1o perfecto para llevar siempre contigo.<\/li>\n<\/ul>\n<h3 data-section-id=\"1o3v1k5\" data-start=\"1009\" data-end=\"1041\">Aroma<\/h3>\n<p data-start=\"1042\" data-end=\"1156\">Esta versi\u00f3n se caracteriza por un aroma dulce, c\u00e1lido y femenino, donde la vainilla es la protagonista.<\/p>\n<ul data-start=\"1157\" data-end=\"1318\">\n<li data-section-id=\"1ywfy30\" data-start=\"1157\" data-end=\"1194\">Sensaci\u00f3n cremosa y reconfortante<\/li>\n<li data-section-id=\"1islbiv\" data-start=\"1195\" data-end=\"1246\">Perfil tipo \u201cpostre\u201d suave (vainilla azucarada)<\/li>\n<li data-section-id=\"z6ddgp\" data-start=\"1247\" data-end=\"1318\">Ideal si te gustan los aromas dulces que dejan una estela agradable<\/li>\n<\/ul>\n<h3 data-section-id=\"1tj87xj\" data-start=\"1325\" data-end=\"1347\">Textura y uso<\/h3>\n<ul data-start=\"1348\" data-end=\"1533\">\n<li data-section-id=\"e0k2cq\" data-start=\"1348\" data-end=\"1392\">Textura <strong data-start=\"1358\" data-end=\"1390\">l<\/strong>igera y de r\u00e1pida absorci\u00f3n.<\/li>\n<li data-section-id=\"d83o1w\" data-start=\"1393\" data-end=\"1422\">No deja sensaci\u00f3n grasosa.<\/li>\n<li data-section-id=\"asj3hi\" data-start=\"1423\" data-end=\"1533\">Recomendada para uso frecuente (2\u20133 veces al d\u00eda o cuando necesites).<\/li>\n<\/ul>\n","protected":false},"excerpt":{"rendered":"<p>PASSION VANILLA Es una opci\u00f3n muy popular dentro de esta l\u00ednea por su aroma dulce y envolvente, ideal si te<\/p>\n","protected":false},"featured_media":103068,"comment_status":"open","ping_status":"closed","template":"","meta":{"nf_dc_page":""},"product_brand":[3622],"product_cat":[85],"product_tag":[3626],"class_list":{"0":"post-103067","1":"product","2":"type-product","3":"status-publish","4":"has-post-thumbnail","6":"product_brand-sweet-care","7":"product_cat-cosmeticos","8":"product_tag-3626","10":"first","11":"instock","12":"shipping-taxable","13":"purchasable","14":"product-type-simple"},"_links":{"self":[{"href":"https:\/\/brandss.com.py\/index\/wp-json\/wp\/v2\/product\/103067","targetHints":{"allow":["GET"]}}],"collection":[{"href":"https:\/\/brandss.com.py\/index\/wp-json\/wp\/v2\/product"}],"about":[{"href":"https:\/\/brandss.com.py\/index\/wp-json\/wp\/v2\/types\/product"}],"replies":[{"embeddable":true,"href":"https:\/\/brandss.com.py\/index\/wp-json\/wp\/v2\/comments?post=103067"}],"version-history":[{"count":1,"href":"https:\/\/brandss.com.py\/index\/wp-json\/wp\/v2\/product\/103067\/revisions"}],"predecessor-version":[{"id":103070,"href":"https:\/\/brandss.com.py\/index\/wp-json\/wp\/v2\/product\/103067\/revisions\/103070"}],"wp:featuredmedia":[{"embeddable":true,"href":"https:\/\/brandss.com.py\/index\/wp-json\/wp\/v2\/media\/103068"}],"wp:attachment":[{"href":"https:\/\/brandss.com.py\/index\/wp-json\/wp\/v2\/media?parent=103067"}],"wp:term":[{"taxonomy":"product_brand","embeddable":true,"href":"https:\/\/brandss.com.py\/index\/wp-json\/wp\/v2\/product_brand?post=103067"},{"taxonomy":"product_cat","embeddable":true,"href":"https:\/\/brandss.com.py\/index\/wp-json\/wp\/v2\/product_cat?post=103067"},{"taxonomy":"product_tag","embeddable":true,"href":"https:\/\/brandss.com.py\/index\/wp-json\/wp\/v2\/product_tag?post=103067"}],"curies":[{"name":"wp","href":"https:\/\/api.w.org\/{rel}","templated":true}]}}