{"id":103071,"date":"2026-04-30T11:39:11","date_gmt":"2026-04-30T11:39:11","guid":{"rendered":"https:\/\/brandss.com.py\/index\/?post_type=product&#038;p=103071"},"modified":"2026-04-30T11:39:27","modified_gmt":"2026-04-30T11:39:27","slug":"crema-de-manos-sweet-care-pure-white-59ml","status":"publish","type":"product","link":"https:\/\/brandss.com.py\/index\/producto\/crema-de-manos-sweet-care-pure-white-59ml\/","title":{"rendered":"CREMA DE MANOS SWEET CARE PURE WHITE 59ML"},"content":{"rendered":"<p><img loading=\"lazy\" decoding=\"async\" class=\"\" src=\"https:\/\/lh5.googleusercontent.com\/proxy\/oPlj_2L6xWn3zlOyNABhs_CVOnyJMDERvLAUadBO0Kp8QdaebEvsmiTL0SoENllsZLO6PCDcWS1oH6w5Aw0vDDhNoNszLrSK-QlTtO2KgjiuokIWDskO2vW52Gxk7Heoh2CzDB7PHbPRAQ8OXRX4CA\" alt=\"Subcategorias\" width=\"88\" height=\"45\" \/><\/p>\n<h1>PURE WHITE<\/h1>\n<p data-start=\"0\" data-end=\"183\">Es una de las versiones m\u00e1s suaves y \u201climpias\u201d de la l\u00ednea, ideal si buscas hidrataci\u00f3n con un aroma delicado y elegante. Es una crema de manos en formato pr\u00e1ctico, dise\u00f1ada para el uso diario. Su f\u00f3rmula aporta humectaci\u00f3n a la piel, ayudando a mantener las manos protegidas y evitando la resequedad.<\/p>\n<h3 data-section-id=\"1jkr6od\" data-start=\"456\" data-end=\"487\">Beneficios<\/h3>\n<ul data-start=\"488\" data-end=\"941\">\n<li data-section-id=\"adtl6\" data-start=\"488\" data-end=\"589\"><strong data-start=\"490\" data-end=\"515\">Hidrataci\u00f3n efectiva:<\/strong> mantiene la piel suave y nutrida.<\/li>\n<li data-section-id=\"hb5y6q\" data-start=\"590\" data-end=\"728\"><strong data-start=\"592\" data-end=\"632\">Protecci\u00f3n contra la deshidrataci\u00f3n:<\/strong> ideal para manos expuestas al clima o lavado frecuente.<\/li>\n<li data-section-id=\"9aaxkj\" data-start=\"729\" data-end=\"834\"><strong data-start=\"731\" data-end=\"756\">Suavidad al instante:<\/strong> deja las manos m\u00e1s lisas y delicadas.<\/li>\n<li data-section-id=\"pnzyz7\" data-start=\"835\" data-end=\"941\"><strong data-start=\"837\" data-end=\"855\">Uso frecuente:<\/strong> recomendada para aplicar varias veces al d\u00eda.<\/li>\n<\/ul>\n<h3 data-section-id=\"10qxsgh\" data-start=\"948\" data-end=\"975\">Aroma<\/h3>\n<p data-start=\"976\" data-end=\"1019\">Esta versi\u00f3n se caracteriza por un aroma:<\/p>\n<ul data-start=\"1020\" data-end=\"1114\">\n<li data-section-id=\"1sqom69\" data-start=\"1020\" data-end=\"1043\">Limpio y fresco.<\/li>\n<li data-section-id=\"1f6whvm\" data-start=\"1044\" data-end=\"1087\">Suave, tipo \u201creci\u00e9n salido de la ducha\u201d.<\/li>\n<li data-section-id=\"ijyhhy\" data-start=\"1088\" data-end=\"1114\">Elegante y no invasivo.<\/li>\n<\/ul>\n<p data-start=\"1116\" data-end=\"1267\">A diferencia de Passion Vanilla (dulce) o Happy Touch (frutal\/floral), Pure White es m\u00e1s neutra, perfecta si no te gustan los perfumes intensos.<\/p>\n<h3 data-section-id=\"1tj87xj\" data-start=\"1274\" data-end=\"1296\">Textura y uso<\/h3>\n<ul data-start=\"1297\" data-end=\"1422\">\n<li data-section-id=\"e0k2cq\" data-start=\"1297\" data-end=\"1341\">Textura ligera y de r\u00e1pida absorci\u00f3n.<\/li>\n<li data-section-id=\"d83o1w\" data-start=\"1342\" data-end=\"1371\">No deja sensaci\u00f3n grasosa.<\/li>\n<li data-section-id=\"1qd2m76\" data-start=\"1372\" data-end=\"1422\">Ideal para llevar en cartera o usar en oficina.<\/li>\n<\/ul>\n","protected":false},"excerpt":{"rendered":"<p>PURE WHITE Es una de las versiones m\u00e1s suaves y \u201climpias\u201d de la l\u00ednea, ideal si buscas hidrataci\u00f3n con un<\/p>\n","protected":false},"featured_media":103072,"comment_status":"open","ping_status":"closed","template":"","meta":{"nf_dc_page":""},"product_brand":[3622],"product_cat":[85],"product_tag":[3627],"class_list":{"0":"post-103071","1":"product","2":"type-product","3":"status-publish","4":"has-post-thumbnail","6":"product_brand-sweet-care","7":"product_cat-cosmeticos","8":"product_tag-3627","10":"first","11":"instock","12":"shipping-taxable","13":"purchasable","14":"product-type-simple"},"_links":{"self":[{"href":"https:\/\/brandss.com.py\/index\/wp-json\/wp\/v2\/product\/103071","targetHints":{"allow":["GET"]}}],"collection":[{"href":"https:\/\/brandss.com.py\/index\/wp-json\/wp\/v2\/product"}],"about":[{"href":"https:\/\/brandss.com.py\/index\/wp-json\/wp\/v2\/types\/product"}],"replies":[{"embeddable":true,"href":"https:\/\/brandss.com.py\/index\/wp-json\/wp\/v2\/comments?post=103071"}],"version-history":[{"count":1,"href":"https:\/\/brandss.com.py\/index\/wp-json\/wp\/v2\/product\/103071\/revisions"}],"predecessor-version":[{"id":103074,"href":"https:\/\/brandss.com.py\/index\/wp-json\/wp\/v2\/product\/103071\/revisions\/103074"}],"wp:featuredmedia":[{"embeddable":true,"href":"https:\/\/brandss.com.py\/index\/wp-json\/wp\/v2\/media\/103072"}],"wp:attachment":[{"href":"https:\/\/brandss.com.py\/index\/wp-json\/wp\/v2\/media?parent=103071"}],"wp:term":[{"taxonomy":"product_brand","embeddable":true,"href":"https:\/\/brandss.com.py\/index\/wp-json\/wp\/v2\/product_brand?post=103071"},{"taxonomy":"product_cat","embeddable":true,"href":"https:\/\/brandss.com.py\/index\/wp-json\/wp\/v2\/product_cat?post=103071"},{"taxonomy":"product_tag","embeddable":true,"href":"https:\/\/brandss.com.py\/index\/wp-json\/wp\/v2\/product_tag?post=103071"}],"curies":[{"name":"wp","href":"https:\/\/api.w.org\/{rel}","templated":true}]}}