{"id":103080,"date":"2026-04-30T12:02:41","date_gmt":"2026-04-30T12:02:41","guid":{"rendered":"https:\/\/brandss.com.py\/index\/?post_type=product&#038;p=103080"},"modified":"2026-04-30T12:03:00","modified_gmt":"2026-04-30T12:03:00","slug":"crema-de-manos-sweet-care-strawberry-champagne-59ml","status":"publish","type":"product","link":"https:\/\/brandss.com.py\/index\/producto\/crema-de-manos-sweet-care-strawberry-champagne-59ml\/","title":{"rendered":"CREMA DE MANOS SWEET CARE STRAWBERRY &amp; CHAMPAGNE 59ML"},"content":{"rendered":"<p><img decoding=\"async\" src=\"https:\/\/lh5.googleusercontent.com\/proxy\/oPlj_2L6xWn3zlOyNABhs_CVOnyJMDERvLAUadBO0Kp8QdaebEvsmiTL0SoENllsZLO6PCDcWS1oH6w5Aw0vDDhNoNszLrSK-QlTtO2KgjiuokIWDskO2vW52Gxk7Heoh2CzDB7PHbPRAQ8OXRX4CA\" alt=\"Subcategorias\" \/><\/p>\n<h1>STRAWBERRY &amp; CHAMPAGNE<\/h1>\n<p data-start=\"0\" data-end=\"184\">Es una de las opciones m\u00e1s llamativas y \u201ccoquetas\u201d de la l\u00ednea, destac\u00e1ndose por su aroma dulce y sofisticado. Es una crema de manos en formato pr\u00e1ctico, ideal para llevar en la cartera y usar durante el d\u00eda. Su f\u00f3rmula aporta humectaci\u00f3n a la piel, ayudando a protegerla de la deshidrataci\u00f3n y dej\u00e1ndola suave y delicada.<\/p>\n<h3 data-section-id=\"1jkr6od\" data-start=\"489\" data-end=\"520\">Beneficios<\/h3>\n<ul data-start=\"521\" data-end=\"933\">\n<li data-section-id=\"x72rj6\" data-start=\"521\" data-end=\"632\"><strong data-start=\"523\" data-end=\"546\">Hidrataci\u00f3n diaria:<\/strong> ayuda a mantener la piel nutrida y protegida.<\/li>\n<li data-section-id=\"jx9bwu\" data-start=\"633\" data-end=\"746\"><strong data-start=\"635\" data-end=\"658\">Suavidad inmediata:<\/strong> deja las manos m\u00e1s lisas y agradables al tacto.<\/li>\n<li data-section-id=\"16y2kg3\" data-start=\"747\" data-end=\"870\"><strong data-start=\"749\" data-end=\"785\">Protecci\u00f3n contra la resequedad:<\/strong> ideal para uso frecuente (2\u20133 veces al d\u00eda).<\/li>\n<li data-section-id=\"jdm2y3\" data-start=\"871\" data-end=\"933\"><strong data-start=\"873\" data-end=\"894\">Formato port\u00e1til:<\/strong> perfecto para llevar siempre contigo<\/li>\n<\/ul>\n<h3 data-section-id=\"aoy4at\" data-start=\"940\" data-end=\"981\">\u00a0Aroma<\/h3>\n<p data-start=\"982\" data-end=\"1025\">Esta versi\u00f3n se caracteriza por un aroma:<\/p>\n<ul data-start=\"1026\" data-end=\"1220\">\n<li data-section-id=\"1h23pqv\" data-start=\"1026\" data-end=\"1098\">Frutal y dulce, con protagonismo de la frutilla.<\/li>\n<li data-section-id=\"12wujci\" data-start=\"1099\" data-end=\"1182\">Con un toque ligeramente sofisticado y chispeante inspirado en el champagne.<\/li>\n<li data-section-id=\"p4rlzh\" data-start=\"1183\" data-end=\"1220\">Femenino, juvenil y muy agradable.<\/li>\n<\/ul>\n<p data-start=\"1222\" data-end=\"1341\">Es una fragancia m\u00e1s \u201cdivertida\u201d y elegante al mismo tiempo: combina lo dulce de la fruta con un toque m\u00e1s refinado.<\/p>\n<h3 data-section-id=\"1tj87xj\" data-start=\"1348\" data-end=\"1370\">Textura y uso<\/h3>\n<ul data-start=\"1371\" data-end=\"1485\">\n<li data-section-id=\"e0k2cq\" data-start=\"1371\" data-end=\"1415\">Textura ligera y de r\u00e1pida absorci\u00f3n.<\/li>\n<li data-section-id=\"d83o1w\" data-start=\"1416\" data-end=\"1445\">No deja sensaci\u00f3n grasosa.<\/li>\n<li data-section-id=\"a6juqv\" data-start=\"1446\" data-end=\"1485\">Ideal para usar varias veces al d\u00eda.<\/li>\n<\/ul>\n<p data-start=\"1492\" data-end=\"1667\">Strawberry &amp; Champagne es perfecta si buscas una crema de manos hidratante con un aroma dulce, frutal y elegante, ideal para destacar sin ser pesada.<\/p>\n","protected":false},"excerpt":{"rendered":"<p>STRAWBERRY &amp; CHAMPAGNE Es una de las opciones m\u00e1s llamativas y \u201ccoquetas\u201d de la l\u00ednea, destac\u00e1ndose por su aroma dulce<\/p>\n","protected":false},"featured_media":103081,"comment_status":"open","ping_status":"closed","template":"","meta":{"nf_dc_page":""},"product_brand":[3622],"product_cat":[85],"product_tag":[3629],"class_list":{"0":"post-103080","1":"product","2":"type-product","3":"status-publish","4":"has-post-thumbnail","6":"product_brand-sweet-care","7":"product_cat-cosmeticos","8":"product_tag-3629","10":"first","11":"instock","12":"shipping-taxable","13":"purchasable","14":"product-type-simple"},"_links":{"self":[{"href":"https:\/\/brandss.com.py\/index\/wp-json\/wp\/v2\/product\/103080","targetHints":{"allow":["GET"]}}],"collection":[{"href":"https:\/\/brandss.com.py\/index\/wp-json\/wp\/v2\/product"}],"about":[{"href":"https:\/\/brandss.com.py\/index\/wp-json\/wp\/v2\/types\/product"}],"replies":[{"embeddable":true,"href":"https:\/\/brandss.com.py\/index\/wp-json\/wp\/v2\/comments?post=103080"}],"version-history":[{"count":1,"href":"https:\/\/brandss.com.py\/index\/wp-json\/wp\/v2\/product\/103080\/revisions"}],"predecessor-version":[{"id":103083,"href":"https:\/\/brandss.com.py\/index\/wp-json\/wp\/v2\/product\/103080\/revisions\/103083"}],"wp:featuredmedia":[{"embeddable":true,"href":"https:\/\/brandss.com.py\/index\/wp-json\/wp\/v2\/media\/103081"}],"wp:attachment":[{"href":"https:\/\/brandss.com.py\/index\/wp-json\/wp\/v2\/media?parent=103080"}],"wp:term":[{"taxonomy":"product_brand","embeddable":true,"href":"https:\/\/brandss.com.py\/index\/wp-json\/wp\/v2\/product_brand?post=103080"},{"taxonomy":"product_cat","embeddable":true,"href":"https:\/\/brandss.com.py\/index\/wp-json\/wp\/v2\/product_cat?post=103080"},{"taxonomy":"product_tag","embeddable":true,"href":"https:\/\/brandss.com.py\/index\/wp-json\/wp\/v2\/product_tag?post=103080"}],"curies":[{"name":"wp","href":"https:\/\/api.w.org\/{rel}","templated":true}]}}