{"id":103084,"date":"2026-04-30T12:41:45","date_gmt":"2026-04-30T12:41:45","guid":{"rendered":"https:\/\/brandss.com.py\/index\/?post_type=product&#038;p=103084"},"modified":"2026-04-30T12:43:18","modified_gmt":"2026-04-30T12:43:18","slug":"mascara-de-pestana-maybelline-great-lash-waterproof-111-black","status":"publish","type":"product","link":"https:\/\/brandss.com.py\/index\/producto\/mascara-de-pestana-maybelline-great-lash-waterproof-111-black\/","title":{"rendered":"M\u00c1SCARA DE PESTA\u00d1A MAYBELLINE GREAT LASH WATERPROOF 111 BLACK"},"content":{"rendered":"<p><img loading=\"lazy\" decoding=\"async\" class=\"\" src=\"https:\/\/1000marcas.net\/wp-content\/uploads\/2020\/02\/logo-Maybelline.png\" alt=\"Maybelline Logo - s\u00edmbolo, significado logotipo, historia, PNG\" width=\"149\" height=\"84\" \/><\/p>\n<h1>GREAT LASH WATERPROOF<\/h1>\n<p>La m\u00e1scara a prueba de agua Great Lash\u00ae acondiciona y da volumen. La f\u00f3rmula duplicadora de pesta\u00f1as se desliza con suavidad para crear unas pesta\u00f1as fabulosas. El cepillo modelador crea pesta\u00f1as m\u00e1s llenas y abundantes f\u00e1cilmente. Ganadora del premio Allure Readers\u2019 Choice y Best of Beauty Award. Adecuada para quienes usan lentes de contacto. Cepillo peque\u00f1o, gran control. Great Lash Mascara es tu cl\u00e1sico favorito para un volumen de aspecto natural. El cepillo peque\u00f1o es f\u00e1cil de controlar para obtener un volumen acumulable. Nuestra f\u00f3rmula que duplica las pesta\u00f1as las alarga y acondiciona para un look de maquillaje f\u00e1cil y cotidiano. La f\u00f3rmula hipoalerg\u00e9nica est\u00e1 probada por oftalm\u00f3logos y es adecuada para usuarios de lentes de contacto. Descubre por qu\u00e9 hay miles de millones de Great Lashes desde 1971.<img loading=\"lazy\" decoding=\"async\" class=\"alignleft\" src=\"https:\/\/es.maybelline.com\/-\/media\/project\/loreal\/brand-sites\/mny\/americas\/us\/eye-makeup\/mascara\/great-lash-waterproof-mascara\/update-april-2024\/maybelline-great-lash-v3-1320x740.jpg?rev=-1&amp;cx=0.43&amp;cy=0.48&amp;cw=1319&amp;ch=739&amp;hash=527E04A0D5E2836A65D09B21F80973AA\" width=\"709\" height=\"397\" \/><\/p>\n<div id=\"ac-tabitem-1777550802482_1\" class=\"accordion__trigger is-active\" data-qa=\"ac-show\">\n<h3><\/h3>\n<h3 class=\"accordion-action--inner-text\">Beneficios<\/h3>\n<\/div>\n<div id=\"ac-panel-1777550802482_1\" class=\"accordion__content\" role=\"region\" aria-labelledby=\"ac-trigger-1777550802482_1\" aria-hidden=\"false\" data-qa=\"ac-panel\">\n<p>&nbsp;<\/p>\n<ul>\n<li>M\u00e1scara voluminizadora: esta f\u00f3rmula de m\u00e1scara voluminizadora a prueba de agua construye y acondiciona las pesta\u00f1as para lograr un volumen de aspecto natural<\/li>\n<li>El cepillo peque\u00f1o es f\u00e1cil de usar, y te permite tener el control para obtener un volumen acumulable<\/li>\n<li>Encuentra tu cepillo adecuado: Great Lash Mascara tiene varillas para todos los objetivos de pesta\u00f1as, tanto si quieres volumen, un rizo levantado o volumen de esquina a esquina<\/li>\n<li>Suave con las pesta\u00f1as: Great Lash Volumizing Mascara para dar volumen natural a las pesta\u00f1as es apta para usuarios de lentes de contacto y est\u00e1 probada por oftalm\u00f3logos<\/li>\n<\/ul>\n<div id=\"ac-tabitem-1777550802482_2\" class=\"accordion__trigger is-active\" data-qa=\"ac-show\">\n<h3><\/h3>\n<h3 class=\"accordion-action--inner-text\">Modo de uso<\/h3>\n<\/div>\n<div id=\"ac-panel-1777550802482_2\" class=\"accordion__content\" role=\"region\" aria-labelledby=\"ac-trigger-1777550802482_2\" aria-hidden=\"false\" data-qa=\"ac-panel\">\n<p>Paso 1. Desliza el cepillo desde la ra\u00edz hasta la punta de las pesta\u00f1as.<br \/>\nPaso 2. Contin\u00faa aplicando para lograr m\u00e1s volumen hasta conseguir el look deseado.<br \/>\nPaso 3. No dejes que la m\u00e1scara se seque entre capa y capa.<br \/>\nPaso 4. La m\u00e1scara se puede quitar f\u00e1cilmente con el desmaquillante de ojos 100% sin aceites Maybelline Expert Eyes\u00ae.<\/p>\n<\/div>\n<\/div>\n","protected":false},"excerpt":{"rendered":"<p>GREAT LASH WATERPROOF La m\u00e1scara a prueba de agua Great Lash\u00ae acondiciona y da volumen. La f\u00f3rmula duplicadora de pesta\u00f1as<\/p>\n","protected":false},"featured_media":103085,"comment_status":"open","ping_status":"closed","template":"","meta":{"nf_dc_page":""},"product_brand":[224],"product_cat":[95],"product_tag":[3630],"class_list":{"0":"post-103084","1":"product","2":"type-product","3":"status-publish","4":"has-post-thumbnail","6":"product_brand-maybelline","7":"product_cat-maquillaje","8":"product_tag-3630","10":"first","11":"instock","12":"shipping-taxable","13":"purchasable","14":"product-type-simple"},"_links":{"self":[{"href":"https:\/\/brandss.com.py\/index\/wp-json\/wp\/v2\/product\/103084","targetHints":{"allow":["GET"]}}],"collection":[{"href":"https:\/\/brandss.com.py\/index\/wp-json\/wp\/v2\/product"}],"about":[{"href":"https:\/\/brandss.com.py\/index\/wp-json\/wp\/v2\/types\/product"}],"replies":[{"embeddable":true,"href":"https:\/\/brandss.com.py\/index\/wp-json\/wp\/v2\/comments?post=103084"}],"version-history":[{"count":1,"href":"https:\/\/brandss.com.py\/index\/wp-json\/wp\/v2\/product\/103084\/revisions"}],"predecessor-version":[{"id":103092,"href":"https:\/\/brandss.com.py\/index\/wp-json\/wp\/v2\/product\/103084\/revisions\/103092"}],"wp:featuredmedia":[{"embeddable":true,"href":"https:\/\/brandss.com.py\/index\/wp-json\/wp\/v2\/media\/103085"}],"wp:attachment":[{"href":"https:\/\/brandss.com.py\/index\/wp-json\/wp\/v2\/media?parent=103084"}],"wp:term":[{"taxonomy":"product_brand","embeddable":true,"href":"https:\/\/brandss.com.py\/index\/wp-json\/wp\/v2\/product_brand?post=103084"},{"taxonomy":"product_cat","embeddable":true,"href":"https:\/\/brandss.com.py\/index\/wp-json\/wp\/v2\/product_cat?post=103084"},{"taxonomy":"product_tag","embeddable":true,"href":"https:\/\/brandss.com.py\/index\/wp-json\/wp\/v2\/product_tag?post=103084"}],"curies":[{"name":"wp","href":"https:\/\/api.w.org\/{rel}","templated":true}]}}