{"id":103107,"date":"2026-04-30T16:47:55","date_gmt":"2026-04-30T16:47:55","guid":{"rendered":"https:\/\/brandss.com.py\/index\/?post_type=product&#038;p=103107"},"modified":"2026-04-30T16:48:51","modified_gmt":"2026-04-30T16:48:51","slug":"iluminador-y-contorno-facial-miss-rose-nude-dual-ended","status":"publish","type":"product","link":"https:\/\/brandss.com.py\/index\/producto\/iluminador-y-contorno-facial-miss-rose-nude-dual-ended\/","title":{"rendered":"ILUMINADOR Y CONTORNO FACIAL MISS ROSE NUDE DUAL ENDED"},"content":{"rendered":"<p><img loading=\"lazy\" decoding=\"async\" class=\"\" src=\"https:\/\/cdn.salla.sa\/ggxrg\/rCmqgSROdJKZEtAQr8VtbEpXpgPYkSYMAkfzM95U.png\" alt=\"MISS ROSE - LOUF\" width=\"112\" height=\"51\" \/><\/p>\n<h1>NUDE DUAL ENDED<\/h1>\n<p><span dir=\"auto\">Te presentamos el stick iluminador y contorneador de doble punta Miss Rose Nude: \u00a1tu herramienta de belleza definitiva para una tez impecable! Este stick de doble funci\u00f3n combina el contorneado y la correcci\u00f3n en un solo producto f\u00e1cil de usar, realzando tu belleza natural con un acabado radiante y listo para la c\u00e1mara.<\/span><\/p>\n<h3><strong><span dir=\"auto\">Por qu\u00e9 nos encanta<\/span><\/strong><\/h3>\n<ul>\n<li><strong><span dir=\"auto\">Lado de contorno:<\/span><\/strong><span dir=\"auto\">\u00a0F\u00f3rmula rica y cremosa para esculpir y definir los rasgos.<\/span><\/li>\n<li><strong><span dir=\"auto\">Lado corrector:<\/span><\/strong><span dir=\"auto\">\u00a0Cobertura modulable para ocultar imperfecciones y ojeras.<\/span><\/li>\n<li><strong><span dir=\"auto\">Aplicaci\u00f3n sin esfuerzo:<\/span><\/strong><span dir=\"auto\">\u00a0Su textura cremosa se desliza suavemente para una f\u00e1cil aplicaci\u00f3n.<\/span><\/li>\n<li><strong><span dir=\"auto\">Vers\u00e1til:<\/span><\/strong><span dir=\"auto\">\u00a0Combina el contorneado y la correcci\u00f3n de imperfecciones en una sola barra.<\/span><\/li>\n<li><strong><span dir=\"auto\">Acabado natural:<\/span><\/strong><span dir=\"auto\">\u00a0Se integra a la perfecci\u00f3n para lograr un aspecto natural.<\/span><\/li>\n<li><strong><span dir=\"auto\">Larga duraci\u00f3n:<\/span><\/strong><span dir=\"auto\">\u00a0Permanece intacto todo el d\u00eda para una apariencia impecable.<\/span><\/li>\n<li><strong><span dir=\"auto\">Beneficios para la piel:<\/span><\/strong><span dir=\"auto\">\u00a0Enriquecida con ingredientes nutritivos para una mayor hidrataci\u00f3n.<\/span><\/li>\n<li><strong><span dir=\"auto\">Ideal para viajar:<\/span><\/strong><span dir=\"auto\">\u00a0compacto y perfecto para retoques sobre la marcha.<\/span><\/li>\n<\/ul>\n<h3><strong><span dir=\"auto\">Modo de uso<\/span><\/strong><\/h3>\n<ol>\n<li><strong><span dir=\"auto\">Preparaci\u00f3n:<\/span><\/strong><span dir=\"auto\">\u00a0Empieza con el rostro limpio e hidratado.<\/span><\/li>\n<li><strong><span dir=\"auto\">Contorno:<\/span><\/strong><span dir=\"auto\">\u00a0Aplicar a lo largo de los p\u00f3mulos, la mand\u00edbula y la nariz. Difuminar con una esponja o brocha.<\/span><\/li>\n<li><strong><span dir=\"auto\">Corrector:<\/span><\/strong><span dir=\"auto\">\u00a0Aplicar debajo de los ojos y sobre las imperfecciones. Difuminar de nuevo.<\/span><\/li>\n<li><span dir=\"auto\">Para una mayor duraci\u00f3n, aplica polvos y finaliza con un spray fijador\u00a0<strong>.<\/strong><\/span><\/li>\n<\/ol>\n<p><span dir=\"auto\">\u00a1Consigue un esculpido sin esfuerzo y una cobertura impecable con el iluminador y contorno en barra de doble punta Nude de Missrose!<\/span><\/p>\n<p><strong>Modelo:<\/strong> 7601-002Z1<\/p>\n","protected":false},"excerpt":{"rendered":"<p>NUDE DUAL ENDED Te presentamos el stick iluminador y contorneador de doble punta Miss Rose Nude: \u00a1tu herramienta de belleza<\/p>\n","protected":false},"featured_media":103109,"comment_status":"open","ping_status":"closed","template":"","meta":{"nf_dc_page":""},"product_brand":[221],"product_cat":[95],"product_tag":[3633],"class_list":{"0":"post-103107","1":"product","2":"type-product","3":"status-publish","4":"has-post-thumbnail","6":"product_brand-miss-rose","7":"product_cat-maquillaje","8":"product_tag-3633","10":"first","11":"instock","12":"shipping-taxable","13":"purchasable","14":"product-type-simple"},"_links":{"self":[{"href":"https:\/\/brandss.com.py\/index\/wp-json\/wp\/v2\/product\/103107","targetHints":{"allow":["GET"]}}],"collection":[{"href":"https:\/\/brandss.com.py\/index\/wp-json\/wp\/v2\/product"}],"about":[{"href":"https:\/\/brandss.com.py\/index\/wp-json\/wp\/v2\/types\/product"}],"replies":[{"embeddable":true,"href":"https:\/\/brandss.com.py\/index\/wp-json\/wp\/v2\/comments?post=103107"}],"version-history":[{"count":3,"href":"https:\/\/brandss.com.py\/index\/wp-json\/wp\/v2\/product\/103107\/revisions"}],"predecessor-version":[{"id":103116,"href":"https:\/\/brandss.com.py\/index\/wp-json\/wp\/v2\/product\/103107\/revisions\/103116"}],"wp:featuredmedia":[{"embeddable":true,"href":"https:\/\/brandss.com.py\/index\/wp-json\/wp\/v2\/media\/103109"}],"wp:attachment":[{"href":"https:\/\/brandss.com.py\/index\/wp-json\/wp\/v2\/media?parent=103107"}],"wp:term":[{"taxonomy":"product_brand","embeddable":true,"href":"https:\/\/brandss.com.py\/index\/wp-json\/wp\/v2\/product_brand?post=103107"},{"taxonomy":"product_cat","embeddable":true,"href":"https:\/\/brandss.com.py\/index\/wp-json\/wp\/v2\/product_cat?post=103107"},{"taxonomy":"product_tag","embeddable":true,"href":"https:\/\/brandss.com.py\/index\/wp-json\/wp\/v2\/product_tag?post=103107"}],"curies":[{"name":"wp","href":"https:\/\/api.w.org\/{rel}","templated":true}]}}