{"id":103118,"date":"2026-04-30T17:35:34","date_gmt":"2026-04-30T17:35:34","guid":{"rendered":"https:\/\/brandss.com.py\/index\/?post_type=product&#038;p=103118"},"modified":"2026-04-30T17:36:04","modified_gmt":"2026-04-30T17:36:04","slug":"mascara-de-pestana-miss-rose-grandient-aluminum-tube-black-10gr","status":"publish","type":"product","link":"https:\/\/brandss.com.py\/index\/producto\/mascara-de-pestana-miss-rose-grandient-aluminum-tube-black-10gr\/","title":{"rendered":"M\u00c1SCARA DE PESTA\u00d1A MISS ROSE GRANDIENT ALUMINUM TUBE BLACK 10GR"},"content":{"rendered":"<p><img loading=\"lazy\" decoding=\"async\" class=\"\" src=\"https:\/\/cdn.salla.sa\/ggxrg\/rCmqgSROdJKZEtAQr8VtbEpXpgPYkSYMAkfzM95U.png\" alt=\"MISS ROSE - LOUF\" width=\"95\" height=\"43\" \/><\/p>\n<h1 class=\"center-heading \">GRANDIENT ALUMINUM TUBE<\/h1>\n<p><span class=\"ILfuVd\"><span class=\"hgKElc\"><span dir=\"auto\">Unas pesta\u00f1as con mayor volumen pueden ayudar a dar una apariencia m\u00e1s juvenil a la mirada.<\/span><\/span><\/span><span dir=\"auto\">\u00a0Ahora, intensifica el volumen de tus<\/span><span class=\"ILfuVd\"><span class=\"hgKElc\"><span dir=\"auto\">\u00a0pesta\u00f1as con<\/span><\/span><\/span><span dir=\"auto\">\u00a0la m\u00e1scara de pesta\u00f1as negra Miss Rose Gradient Aluminum Tube, que las alarga, espesa y riza. Aumenta el volumen para lograr pesta\u00f1as m\u00e1s densas y con un aspecto m\u00e1s dram\u00e1tico. El cepillo riza, separa y da volumen para un look glamuroso y dram\u00e1tico, sin grumos, descamaci\u00f3n ni manchas.\u00a0<\/span><\/p>\n<p>&nbsp;<\/p>\n<p><strong><span dir=\"auto\">Por qu\u00e9 te encantar\u00e1:<\/span><\/strong><\/p>\n<ul>\n<li><span dir=\"auto\">La m\u00e1scara de pesta\u00f1as Miss Rose Gradient Aluminum Tube Black es para un volumen intenso, m\u00e1xima definici\u00f3n y longitud.<\/span><\/li>\n<li>Su cepillo grande y suave levanta y separa cada pesta\u00f1a y las cubre f\u00e1cilmente sin grumos ni descamaci\u00f3n.<\/li>\n<li>Su textura de volumen negro intenso y de larga duraci\u00f3n proporciona un volumen m\u00e1ximo definido y pesta\u00f1as m\u00e1s largas para una mirada dram\u00e1tica.<\/li>\n<li>Aplicar varias capas puede aumentar el volumen y la definici\u00f3n.<\/li>\n<li>Su f\u00f3rmula resistente al agua proporciona un volumen de pesta\u00f1as intenso durante todo el d\u00eda, sin manchar.<\/li>\n<li>Maximiza tus pesta\u00f1as largas y gruesas f\u00e1cilmente.<\/li>\n<li>Port\u00e1til y c\u00f3moda de usar.<\/li>\n<li>Tiene una f\u00f3rmula resistente al agua.<\/li>\n<\/ul>\n<p>&nbsp;<\/p>\n<h3><strong><span class=\"a-list-item\"><span dir=\"auto\">Modo de uso<\/span><\/span><\/strong><\/h3>\n<p><strong><span class=\"a-list-item\"><span dir=\"auto\">1.\u00a0<\/span><\/span><\/strong><span dir=\"auto\"> Riza tus pesta\u00f1as.<\/span><\/p>\n<p><strong><span dir=\"auto\">2.\u00a0<\/span><\/strong>\u00a0<span dir=\"auto\">Toma el tubo de r\u00edmel y gira el aplicador para cubrir bien las cerdas. <\/span><span dir=\"auto\">Aseg\u00farate de no presionar repetidamente el aplicador dentro del tubo, ya que esto introduce aire y hace que el r\u00edmel se apelmace y se seque m\u00e1s r\u00e1pido.<\/span><\/p>\n<p><strong><span dir=\"auto\">3.\u00a0<\/span><\/strong>\u00a0<span dir=\"auto\">Comenzando desde la ra\u00edz, aplica la m\u00e1scara de pesta\u00f1as con movimientos ondulantes.<\/span><\/p>\n<p><strong><span dir=\"auto\">4.<\/span><\/strong>\u00a0<span dir=\"auto\"> Haz lo mismo con las pesta\u00f1as inferiores.\u00a0<\/span><span dir=\"auto\">Si tienes las pesta\u00f1as pegadas o con grumos de r\u00edmel, puedes desenredarlas con la ayuda de un cepillo limpio.<\/span><\/p>\n<div id=\"attachment_348170\" class=\"wp-caption alignnone\"><strong><span dir=\"auto\">5.\u00a0<\/span><\/strong>\u00a0<span dir=\"auto\">Repite la aplicaci\u00f3n de la m\u00e1scara de pesta\u00f1as aplicando otra capa. Esto depender\u00e1 del volumen que desees darle a tus pesta\u00f1as.<\/span><\/div>\n<p>&nbsp;<\/p>\n","protected":false},"excerpt":{"rendered":"<p>GRANDIENT ALUMINUM TUBE Unas pesta\u00f1as con mayor volumen pueden ayudar a dar una apariencia m\u00e1s juvenil a la mirada.\u00a0Ahora, intensifica<\/p>\n","protected":false},"featured_media":103119,"comment_status":"open","ping_status":"closed","template":"","meta":{"nf_dc_page":""},"product_brand":[221],"product_cat":[95],"product_tag":[3634],"class_list":{"0":"post-103118","1":"product","2":"type-product","3":"status-publish","4":"has-post-thumbnail","6":"product_brand-miss-rose","7":"product_cat-maquillaje","8":"product_tag-7401-006h","10":"first","11":"instock","12":"shipping-taxable","13":"purchasable","14":"product-type-simple"},"_links":{"self":[{"href":"https:\/\/brandss.com.py\/index\/wp-json\/wp\/v2\/product\/103118","targetHints":{"allow":["GET"]}}],"collection":[{"href":"https:\/\/brandss.com.py\/index\/wp-json\/wp\/v2\/product"}],"about":[{"href":"https:\/\/brandss.com.py\/index\/wp-json\/wp\/v2\/types\/product"}],"replies":[{"embeddable":true,"href":"https:\/\/brandss.com.py\/index\/wp-json\/wp\/v2\/comments?post=103118"}],"version-history":[{"count":1,"href":"https:\/\/brandss.com.py\/index\/wp-json\/wp\/v2\/product\/103118\/revisions"}],"predecessor-version":[{"id":103128,"href":"https:\/\/brandss.com.py\/index\/wp-json\/wp\/v2\/product\/103118\/revisions\/103128"}],"wp:featuredmedia":[{"embeddable":true,"href":"https:\/\/brandss.com.py\/index\/wp-json\/wp\/v2\/media\/103119"}],"wp:attachment":[{"href":"https:\/\/brandss.com.py\/index\/wp-json\/wp\/v2\/media?parent=103118"}],"wp:term":[{"taxonomy":"product_brand","embeddable":true,"href":"https:\/\/brandss.com.py\/index\/wp-json\/wp\/v2\/product_brand?post=103118"},{"taxonomy":"product_cat","embeddable":true,"href":"https:\/\/brandss.com.py\/index\/wp-json\/wp\/v2\/product_cat?post=103118"},{"taxonomy":"product_tag","embeddable":true,"href":"https:\/\/brandss.com.py\/index\/wp-json\/wp\/v2\/product_tag?post=103118"}],"curies":[{"name":"wp","href":"https:\/\/api.w.org\/{rel}","templated":true}]}}