{"id":103129,"date":"2026-04-30T17:58:56","date_gmt":"2026-04-30T17:58:56","guid":{"rendered":"https:\/\/brandss.com.py\/index\/?post_type=product&#038;p=103129"},"modified":"2026-04-30T17:59:20","modified_gmt":"2026-04-30T17:59:20","slug":"mascara-de-pestana-miss-rose-mega-lash-2-look-black","status":"publish","type":"product","link":"https:\/\/brandss.com.py\/index\/producto\/mascara-de-pestana-miss-rose-mega-lash-2-look-black\/","title":{"rendered":"M\u00c1SCARA DE PESTA\u00d1A MISS ROSE MEGA LASH 2 LOOK BLACK"},"content":{"rendered":"<p><img loading=\"lazy\" decoding=\"async\" class=\"\" src=\"https:\/\/cdn.salla.sa\/ggxrg\/rCmqgSROdJKZEtAQr8VtbEpXpgPYkSYMAkfzM95U.png\" alt=\"MISS ROSE - LOUF\" width=\"181\" height=\"82\" \/><\/p>\n<h1>MEGA LASH 2 LOOK<\/h1>\n<p><span dir=\"auto\">La m\u00e1scara de pesta\u00f1as Miss Rose Mega Lash\u00a0<\/span><strong>\u00a0<\/strong><span dir=\"auto\">aporta volumen, longitud y rizo instant\u00e1neos a tus pesta\u00f1as con una f\u00f3rmula intensa de color negro azabache. Su textura suave y sin grumos cubre cada pesta\u00f1a de manera uniforme, brindando una mirada impactante y con efecto lifting que dura todo el d\u00eda sin emborronarse.<\/span><\/p>\n<h3><strong><span dir=\"auto\">Por qu\u00e9 te encantar\u00e1<\/span><\/strong><\/h3>\n<ul>\n<li><span dir=\"auto\">Aporta volumen, longitud y rizo.<\/span><\/li>\n<li><span dir=\"auto\">F\u00f3rmula a prueba de manchas y de larga duraci\u00f3n.<\/span><\/li>\n<li><span dir=\"auto\">Textura ligera que no se apelmaza.<\/span><\/li>\n<li><span dir=\"auto\">F\u00e1cil de aplicar y quitar.<\/span><\/li>\n<li><span dir=\"auto\">Realza las pesta\u00f1as con un acabado negro intenso.<\/span><\/li>\n<\/ul>\n<h3><strong><span dir=\"auto\">Modo de uso<\/span><\/strong><\/h3>\n<ol>\n<li><span dir=\"auto\">Aplica la m\u00e1scara desde la base de las pesta\u00f1as hasta las puntas con movimientos ascendentes. <\/span><\/li>\n<li><span dir=\"auto\">Aplica capas adicionales para un efecto m\u00e1s intenso. <\/span><\/li>\n<li><span dir=\"auto\">Deja secar ligeramente cada capa antes de aplicar la siguiente.<\/span><\/li>\n<\/ol>\n<p><strong>Modelo:<\/strong> 7401-058Z24<\/p>\n","protected":false},"excerpt":{"rendered":"<p>MEGA LASH 2 LOOK La m\u00e1scara de pesta\u00f1as Miss Rose Mega Lash\u00a0\u00a0aporta volumen, longitud y rizo instant\u00e1neos a tus pesta\u00f1as<\/p>\n","protected":false},"featured_media":103130,"comment_status":"open","ping_status":"closed","template":"","meta":{"nf_dc_page":""},"product_brand":[221],"product_cat":[95],"product_tag":[3635],"class_list":{"0":"post-103129","1":"product","2":"type-product","3":"status-publish","4":"has-post-thumbnail","6":"product_brand-miss-rose","7":"product_cat-maquillaje","8":"product_tag-3635","10":"first","11":"instock","12":"shipping-taxable","13":"purchasable","14":"product-type-simple"},"_links":{"self":[{"href":"https:\/\/brandss.com.py\/index\/wp-json\/wp\/v2\/product\/103129","targetHints":{"allow":["GET"]}}],"collection":[{"href":"https:\/\/brandss.com.py\/index\/wp-json\/wp\/v2\/product"}],"about":[{"href":"https:\/\/brandss.com.py\/index\/wp-json\/wp\/v2\/types\/product"}],"replies":[{"embeddable":true,"href":"https:\/\/brandss.com.py\/index\/wp-json\/wp\/v2\/comments?post=103129"}],"version-history":[{"count":1,"href":"https:\/\/brandss.com.py\/index\/wp-json\/wp\/v2\/product\/103129\/revisions"}],"predecessor-version":[{"id":103136,"href":"https:\/\/brandss.com.py\/index\/wp-json\/wp\/v2\/product\/103129\/revisions\/103136"}],"wp:featuredmedia":[{"embeddable":true,"href":"https:\/\/brandss.com.py\/index\/wp-json\/wp\/v2\/media\/103130"}],"wp:attachment":[{"href":"https:\/\/brandss.com.py\/index\/wp-json\/wp\/v2\/media?parent=103129"}],"wp:term":[{"taxonomy":"product_brand","embeddable":true,"href":"https:\/\/brandss.com.py\/index\/wp-json\/wp\/v2\/product_brand?post=103129"},{"taxonomy":"product_cat","embeddable":true,"href":"https:\/\/brandss.com.py\/index\/wp-json\/wp\/v2\/product_cat?post=103129"},{"taxonomy":"product_tag","embeddable":true,"href":"https:\/\/brandss.com.py\/index\/wp-json\/wp\/v2\/product_tag?post=103129"}],"curies":[{"name":"wp","href":"https:\/\/api.w.org\/{rel}","templated":true}]}}