{"id":103137,"date":"2026-04-30T18:24:19","date_gmt":"2026-04-30T18:24:19","guid":{"rendered":"https:\/\/brandss.com.py\/index\/?post_type=product&#038;p=103137"},"modified":"2026-04-30T18:24:51","modified_gmt":"2026-04-30T18:24:51","slug":"mascara-de-pestana-miss-rose-big-mood-waterproof-black","status":"publish","type":"product","link":"https:\/\/brandss.com.py\/index\/producto\/mascara-de-pestana-miss-rose-big-mood-waterproof-black\/","title":{"rendered":"M\u00c1SCARA DE PESTA\u00d1A MISS ROSE BIG MOOD WATERPROOF BLACK"},"content":{"rendered":"<p><img loading=\"lazy\" decoding=\"async\" class=\"\" src=\"https:\/\/cdn.salla.sa\/ggxrg\/rCmqgSROdJKZEtAQr8VtbEpXpgPYkSYMAkfzM95U.png\" alt=\"MISS ROSE - LOUF\" width=\"121\" height=\"55\" \/><\/p>\n<h1>BIG MOOD WATERPROOF<\/h1>\n<div><span class=\"ILfuVd\" lang=\"en\"><span class=\"hgKElc\"><span dir=\"auto\">La nueva m\u00e1scara de pesta\u00f1as Miss Rose Curling Brush est\u00e1 especialmente dise\u00f1ada con un cepillo rizador que alarga, da volumen, acondiciona y riza visiblemente las pesta\u00f1as para lograr una mirada deslumbrante. Sus pigmentos naturales definen cada pesta\u00f1a con un color de larga duraci\u00f3n.<\/span><\/span><\/span><\/div>\n<div>\n<div class=\"wDYxhc\" lang=\"en-PK\" data-md=\"61\"><\/div>\n<div class=\"g\">\n<div lang=\"en\" data-ved=\"2ahUKEwi4jJKtiqj7AhXChqQKHWbQBcoQFSgAegQIDxAA\" data-hveid=\"CA8QAA\">\n<div class=\"tF2Cxc\"><span dir=\"auto\">Su textura de gel ligera, modulable y no pegajosa proporciona un efecto suave y h\u00famedo, con una sensaci\u00f3n de pesta\u00f1as naturales; no se descama ni forma grumos. El aplicador de precisi\u00f3n recoge la cantidad perfecta de producto para un acabado natural.<\/span><\/div>\n<div><\/div>\n<\/div>\n<\/div>\n<\/div>\n<h3><strong><span dir=\"auto\">Por qu\u00e9 te encantar\u00e1<\/span><\/strong><\/h3>\n<ul>\n<li><span dir=\"auto\">Resistente al agua \/ Resistente a las manchas.<\/span><\/li>\n<li><span class=\"a-list-item\"><span dir=\"auto\">cobertura completa.<\/span><\/span><\/li>\n<li><span dir=\"auto\">Acabado mate.<\/span><\/li>\n<li><span dir=\"auto\">Aspecto de pesta\u00f1as naturales.<\/span><\/li>\n<li><span dir=\"auto\">Alarga, da volumen, riza y define visiblemente el cabello.<\/span><\/li>\n<li><span dir=\"auto\">Suaviza y acondiciona las pesta\u00f1as.<\/span><\/li>\n<li><span dir=\"auto\">Su capacidad para separar, dar volumen y alargar hasta la \u00faltima pesta\u00f1a.<\/span><\/li>\n<li><span dir=\"auto\">Disponible en negro.<\/span><\/li>\n<\/ul>\n<p><b>Modo de uso<\/b><\/p>\n<p><span dir=\"auto\">La mejor manera es sujetar el cepillo de la m\u00e1scara en la base de las pesta\u00f1as y moverlo suavemente de un lado a otro, para luego deslizarlo hacia arriba y a trav\u00e9s de las pesta\u00f1as hasta las puntas. Esto ayuda a cubrir m\u00e1s pesta\u00f1as y evitar grumos. Una vez que la m\u00e1scara se seque, \u00a1listo!<\/span><\/p>\n","protected":false},"excerpt":{"rendered":"<p>BIG MOOD WATERPROOF La nueva m\u00e1scara de pesta\u00f1as Miss Rose Curling Brush est\u00e1 especialmente dise\u00f1ada con un cepillo rizador que<\/p>\n","protected":false},"featured_media":103138,"comment_status":"open","ping_status":"closed","template":"","meta":{"nf_dc_page":""},"product_brand":[221],"product_cat":[95],"product_tag":[3636],"class_list":{"0":"post-103137","1":"product","2":"type-product","3":"status-publish","4":"has-post-thumbnail","6":"product_brand-miss-rose","7":"product_cat-maquillaje","8":"product_tag-3636","10":"first","11":"instock","12":"shipping-taxable","13":"purchasable","14":"product-type-simple"},"_links":{"self":[{"href":"https:\/\/brandss.com.py\/index\/wp-json\/wp\/v2\/product\/103137","targetHints":{"allow":["GET"]}}],"collection":[{"href":"https:\/\/brandss.com.py\/index\/wp-json\/wp\/v2\/product"}],"about":[{"href":"https:\/\/brandss.com.py\/index\/wp-json\/wp\/v2\/types\/product"}],"replies":[{"embeddable":true,"href":"https:\/\/brandss.com.py\/index\/wp-json\/wp\/v2\/comments?post=103137"}],"version-history":[{"count":1,"href":"https:\/\/brandss.com.py\/index\/wp-json\/wp\/v2\/product\/103137\/revisions"}],"predecessor-version":[{"id":103144,"href":"https:\/\/brandss.com.py\/index\/wp-json\/wp\/v2\/product\/103137\/revisions\/103144"}],"wp:featuredmedia":[{"embeddable":true,"href":"https:\/\/brandss.com.py\/index\/wp-json\/wp\/v2\/media\/103138"}],"wp:attachment":[{"href":"https:\/\/brandss.com.py\/index\/wp-json\/wp\/v2\/media?parent=103137"}],"wp:term":[{"taxonomy":"product_brand","embeddable":true,"href":"https:\/\/brandss.com.py\/index\/wp-json\/wp\/v2\/product_brand?post=103137"},{"taxonomy":"product_cat","embeddable":true,"href":"https:\/\/brandss.com.py\/index\/wp-json\/wp\/v2\/product_cat?post=103137"},{"taxonomy":"product_tag","embeddable":true,"href":"https:\/\/brandss.com.py\/index\/wp-json\/wp\/v2\/product_tag?post=103137"}],"curies":[{"name":"wp","href":"https:\/\/api.w.org\/{rel}","templated":true}]}}