{"id":103148,"date":"2026-04-30T19:00:01","date_gmt":"2026-04-30T19:00:01","guid":{"rendered":"https:\/\/brandss.com.py\/index\/?post_type=product&#038;p=103148"},"modified":"2026-04-30T19:00:58","modified_gmt":"2026-04-30T19:00:58","slug":"labial-liquido-miss-rose-fruit-lip-care-essence","status":"publish","type":"product","link":"https:\/\/brandss.com.py\/index\/producto\/labial-liquido-miss-rose-fruit-lip-care-essence\/","title":{"rendered":"LABIAL L\u00cdQUIDO MISS ROSE FRUIT LIP CARE ESSENCE"},"content":{"rendered":"<p><img loading=\"lazy\" decoding=\"async\" class=\"\" src=\"https:\/\/cdn.salla.sa\/ggxrg\/rCmqgSROdJKZEtAQr8VtbEpXpgPYkSYMAkfzM95U.png\" alt=\"MISS ROSE - LOUF\" width=\"113\" height=\"51\" \/><\/p>\n<h1>FRUIT LIP CARE ESSENCE<\/h1>\n<p data-start=\"126\" data-end=\"393\"><span dir=\"auto\">Nutre y mima tus labios con la delicada y afrutada esencia de Miss Rose Fruit Lip Care Essence. Este tratamiento hidratante para labios est\u00e1 dise\u00f1ado para reparar, hidratar y proteger tus labios, dej\u00e1ndolos suaves, tersos y sedosos.<\/span><\/p>\n<h3 data-start=\"395\" data-end=\"414\"><strong data-start=\"395\" data-end=\"412\"><span dir=\"auto\">Caracter\u00edsticas<\/span><\/strong><\/h3>\n<ul>\n<li data-start=\"417\" data-end=\"529\"><strong data-start=\"417\" data-end=\"447\"><span dir=\"auto\">Hidratante y nutritivo:<\/span><\/strong><span dir=\"auto\">\u00a0Enriquecido con escualano y aceite de jojoba para mantener tus labios hidratados y suaves.<\/span><\/li>\n<li data-start=\"532\" data-end=\"617\"><strong data-start=\"532\" data-end=\"559\"><span dir=\"auto\">Protecci\u00f3n antioxidante:<\/span><\/strong><span dir=\"auto\">\u00a0La vitamina E ayuda a proteger los labios del da\u00f1o ambiental.<\/span><\/li>\n<li data-start=\"620\" data-end=\"686\"><strong data-start=\"620\" data-end=\"639\"><span dir=\"auto\">Reparaci\u00f3n de la barrera cut\u00e1nea:<\/span><\/strong><span dir=\"auto\">\u00a0Fortalece y repara los labios secos o agrietados.<\/span><\/li>\n<li data-start=\"689\" data-end=\"772\"><strong data-start=\"689\" data-end=\"710\"><span dir=\"auto\">Sensaci\u00f3n de piel suave:<\/span><\/strong><span dir=\"auto\">\u00a0Deja los labios sedosos y flexibles con un brillo natural y saludable.<\/span><\/li>\n<\/ul>\n<h3 data-start=\"774\" data-end=\"791\"><strong data-start=\"774\" data-end=\"789\"><span dir=\"auto\">Modo de uso<\/span><\/strong><\/h3>\n<ul>\n<li data-start=\"795\" data-end=\"873\"><strong data-start=\"795\" data-end=\"806\"><span dir=\"auto\">Paso 1:<\/span><\/strong><span dir=\"auto\">\u00a0Exfolia tus labios suavemente con un exfoliante labial o un cepillo de dientes suave.<\/span><\/li>\n<li data-start=\"877\" data-end=\"971\"><strong data-start=\"877\" data-end=\"888\"><span dir=\"auto\">Paso 2:<\/span><\/strong><span dir=\"auto\">\u00a0Aplica la esencia para hidratar tus labios, ya sea sola o sobre un b\u00e1lsamo labial.<\/span><\/li>\n<\/ul>\n<p><strong>Modelo:<\/strong> 7701-027Z24<\/p>\n","protected":false},"excerpt":{"rendered":"<p>FRUIT LIP CARE ESSENCE Nutre y mima tus labios con la delicada y afrutada esencia de Miss Rose Fruit Lip<\/p>\n","protected":false},"featured_media":103149,"comment_status":"open","ping_status":"closed","template":"","meta":{"nf_dc_page":""},"product_brand":[221],"product_cat":[95],"product_tag":[3637],"class_list":{"0":"post-103148","1":"product","2":"type-product","3":"status-publish","4":"has-post-thumbnail","6":"product_brand-miss-rose","7":"product_cat-maquillaje","8":"product_tag-3637","10":"first","11":"instock","12":"shipping-taxable","13":"purchasable","14":"product-type-simple"},"_links":{"self":[{"href":"https:\/\/brandss.com.py\/index\/wp-json\/wp\/v2\/product\/103148","targetHints":{"allow":["GET"]}}],"collection":[{"href":"https:\/\/brandss.com.py\/index\/wp-json\/wp\/v2\/product"}],"about":[{"href":"https:\/\/brandss.com.py\/index\/wp-json\/wp\/v2\/types\/product"}],"replies":[{"embeddable":true,"href":"https:\/\/brandss.com.py\/index\/wp-json\/wp\/v2\/comments?post=103148"}],"version-history":[{"count":2,"href":"https:\/\/brandss.com.py\/index\/wp-json\/wp\/v2\/product\/103148\/revisions"}],"predecessor-version":[{"id":103154,"href":"https:\/\/brandss.com.py\/index\/wp-json\/wp\/v2\/product\/103148\/revisions\/103154"}],"wp:featuredmedia":[{"embeddable":true,"href":"https:\/\/brandss.com.py\/index\/wp-json\/wp\/v2\/media\/103149"}],"wp:attachment":[{"href":"https:\/\/brandss.com.py\/index\/wp-json\/wp\/v2\/media?parent=103148"}],"wp:term":[{"taxonomy":"product_brand","embeddable":true,"href":"https:\/\/brandss.com.py\/index\/wp-json\/wp\/v2\/product_brand?post=103148"},{"taxonomy":"product_cat","embeddable":true,"href":"https:\/\/brandss.com.py\/index\/wp-json\/wp\/v2\/product_cat?post=103148"},{"taxonomy":"product_tag","embeddable":true,"href":"https:\/\/brandss.com.py\/index\/wp-json\/wp\/v2\/product_tag?post=103148"}],"curies":[{"name":"wp","href":"https:\/\/api.w.org\/{rel}","templated":true}]}}