{"id":103156,"date":"2026-05-01T11:44:41","date_gmt":"2026-05-01T11:44:41","guid":{"rendered":"https:\/\/brandss.com.py\/index\/?post_type=product&#038;p=103156"},"modified":"2026-05-01T11:45:15","modified_gmt":"2026-05-01T11:45:15","slug":"toallitas-desmaquillante-facial-miss-rose-fruit-245gr","status":"publish","type":"product","link":"https:\/\/brandss.com.py\/index\/producto\/toallitas-desmaquillante-facial-miss-rose-fruit-245gr\/","title":{"rendered":"TOALLITAS DESMAQUILLANTE FACIAL MISS ROSE FRUIT 245GR"},"content":{"rendered":"<p><img loading=\"lazy\" decoding=\"async\" class=\"\" src=\"https:\/\/cdn.salla.sa\/ggxrg\/rCmqgSROdJKZEtAQr8VtbEpXpgPYkSYMAkfzM95U.png\" alt=\"MISS ROSE - LOUF\" width=\"102\" height=\"46\" \/><\/p>\n<h1>FRUIT<\/h1>\n<p data-end=\"286\" data-start=\"123\"><span dir=\"auto\">Las toallitas desmaquillantes Miss Rose Fruity<\/span><span dir=\"auto\">\u00a0son toallitas limpiadoras ultrasuaves y prehumedecidas, dise\u00f1adas para eliminar suavemente el maquillaje, la suciedad y el exceso de grasa con una sola pasada.<\/span><\/p>\n<p data-end=\"471\" data-start=\"288\"><span dir=\"auto\">Enriquecidas con extractos frutales e ingredientes beneficiosos para la piel, estas toallitas no solo limpian, sino que tambi\u00e9n ayudan\u00a0<\/span><span dir=\"auto\">a hidratar, refrescar y nutrir<\/span><span dir=\"auto\">\u00a0la piel, dej\u00e1ndola suave, limpia y radiante.<\/span><\/p>\n<p data-end=\"528\" data-start=\"473\"><span dir=\"auto\">Perfecto para uso diario, viajes, gimnasio o retoques r\u00e1pidos.<\/span><\/p>\n<h3 data-end=\"559\" data-start=\"535\"><strong><span dir=\"auto\">\u00a0Por qu\u00e9 te encantar\u00e1<\/span><\/strong><\/h3>\n<ul>\n<li data-end=\"763\" data-start=\"561\"><span dir=\"auto\">Elimina el maquillaje f\u00e1cilmente, incluso la base de larga duraci\u00f3n.<\/span><\/li>\n<li data-end=\"763\" data-start=\"561\"><span dir=\"auto\">Deja la piel fresca e hidratada.<\/span><\/li>\n<li data-end=\"763\" data-start=\"561\"><span dir=\"auto\">Sin sensaci\u00f3n pegajosa ni seca.<\/span><\/li>\n<li data-end=\"763\" data-start=\"561\"><span dir=\"auto\">Suave y delicado con la piel.<\/span><\/li>\n<li data-end=\"763\" data-start=\"561\"><span dir=\"auto\">Sensaci\u00f3n afrutada y refrescante<\/span><\/li>\n<li data-end=\"763\" data-start=\"561\"><span dir=\"auto\">Perfecto para todo tipo de piel.<\/span><\/li>\n<\/ul>\n<p data-end=\"860\" data-start=\"765\"><span dir=\"auto\">Es la soluci\u00f3n r\u00e1pida para el cuidado de la piel cuando est\u00e1s cansada pero a\u00fan deseas una piel limpia y de aspecto saludable.<\/span><\/p>\n<h3 data-end=\"883\" data-start=\"867\"><strong><span dir=\"auto\">Modo de uso<\/span><\/strong><\/h3>\n<ol>\n<li data-end=\"930\" data-start=\"888\"><span dir=\"auto\">Abra la tapa y saque una toallita.<\/span><\/li>\n<li data-end=\"1008\" data-start=\"934\"><span dir=\"auto\">Limpia suavemente el rostro, los ojos y los labios para eliminar el maquillaje y las impurezas.<\/span><\/li>\n<li data-end=\"1031\" data-start=\"1012\"><span dir=\"auto\">No es necesario enjuagar.<\/span><\/li>\n<li data-end=\"1079\" data-start=\"1035\"><span dir=\"auto\">Cierre bien la tapa para mantener las toallitas frescas.<\/span><\/li>\n<\/ol>\n<p data-end=\"1156\" data-start=\"1081\"><span dir=\"auto\">\u00dasalo en cualquier momento: para refrescarte por la ma\u00f1ana, despu\u00e9s de desmaquillarte o para limpiarte la piel sobre la marcha.<\/span><\/p>\n<p data-end=\"1156\" data-start=\"1081\"><strong>Modelo:<\/strong> 7505-013M.<\/p>\n","protected":false},"excerpt":{"rendered":"<p>FRUIT Las toallitas desmaquillantes Miss Rose Fruity\u00a0son toallitas limpiadoras ultrasuaves y prehumedecidas, dise\u00f1adas para eliminar suavemente el maquillaje, la suciedad<\/p>\n","protected":false},"featured_media":103157,"comment_status":"open","ping_status":"closed","template":"","meta":{"nf_dc_page":""},"product_brand":[221],"product_cat":[95],"product_tag":[3638],"class_list":{"0":"post-103156","1":"product","2":"type-product","3":"status-publish","4":"has-post-thumbnail","6":"product_brand-miss-rose","7":"product_cat-maquillaje","8":"product_tag-3638","10":"first","11":"instock","12":"shipping-taxable","13":"purchasable","14":"product-type-simple"},"_links":{"self":[{"href":"https:\/\/brandss.com.py\/index\/wp-json\/wp\/v2\/product\/103156","targetHints":{"allow":["GET"]}}],"collection":[{"href":"https:\/\/brandss.com.py\/index\/wp-json\/wp\/v2\/product"}],"about":[{"href":"https:\/\/brandss.com.py\/index\/wp-json\/wp\/v2\/types\/product"}],"replies":[{"embeddable":true,"href":"https:\/\/brandss.com.py\/index\/wp-json\/wp\/v2\/comments?post=103156"}],"version-history":[{"count":1,"href":"https:\/\/brandss.com.py\/index\/wp-json\/wp\/v2\/product\/103156\/revisions"}],"predecessor-version":[{"id":103162,"href":"https:\/\/brandss.com.py\/index\/wp-json\/wp\/v2\/product\/103156\/revisions\/103162"}],"wp:featuredmedia":[{"embeddable":true,"href":"https:\/\/brandss.com.py\/index\/wp-json\/wp\/v2\/media\/103157"}],"wp:attachment":[{"href":"https:\/\/brandss.com.py\/index\/wp-json\/wp\/v2\/media?parent=103156"}],"wp:term":[{"taxonomy":"product_brand","embeddable":true,"href":"https:\/\/brandss.com.py\/index\/wp-json\/wp\/v2\/product_brand?post=103156"},{"taxonomy":"product_cat","embeddable":true,"href":"https:\/\/brandss.com.py\/index\/wp-json\/wp\/v2\/product_cat?post=103156"},{"taxonomy":"product_tag","embeddable":true,"href":"https:\/\/brandss.com.py\/index\/wp-json\/wp\/v2\/product_tag?post=103156"}],"curies":[{"name":"wp","href":"https:\/\/api.w.org\/{rel}","templated":true}]}}