{"id":103163,"date":"2026-05-01T12:28:15","date_gmt":"2026-05-01T12:28:15","guid":{"rendered":"https:\/\/brandss.com.py\/index\/?post_type=product&#038;p=103163"},"modified":"2026-05-01T12:28:36","modified_gmt":"2026-05-01T12:28:36","slug":"perfume-femenino-miss-rose-yarah-edp-100ml","status":"publish","type":"product","link":"https:\/\/brandss.com.py\/index\/producto\/perfume-femenino-miss-rose-yarah-edp-100ml\/","title":{"rendered":"PERFUME FEMENINO MISS ROSE YARAH EDP 100ML"},"content":{"rendered":"<p><img loading=\"lazy\" decoding=\"async\" class=\"\" src=\"https:\/\/cdn.salla.sa\/ggxrg\/rCmqgSROdJKZEtAQr8VtbEpXpgPYkSYMAkfzM95U.png\" alt=\"MISS ROSE - LOUF\" width=\"64\" height=\"29\" \/><\/p>\n<h1>YARAH<\/h1>\n<p><span dir=\"auto\">El perfume Miss Rose Yarah es una fragancia suave y femenina dise\u00f1ada para la elegancia cotidiana. Ofrece un aroma ligero pero perceptible que se siente fresco, sofisticado y duradero. Perfecto para el uso diario, la oficina o ocasiones especiales en las que deseas oler a limpio, dulce y seguro de ti misma.<\/span><\/p>\n<h3><strong><span dir=\"auto\">Por qu\u00e9 te encantar\u00e1<\/span><\/strong><\/h3>\n<ul>\n<li><span dir=\"auto\">Fragancia suave, elegante y femenina<\/span><\/li>\n<li><span dir=\"auto\">Ligero y no demasiado potente.<\/span><\/li>\n<li><span dir=\"auto\">Perfecto para uso diario<\/span><\/li>\n<li><span dir=\"auto\">Sensaci\u00f3n de frescura duradera<\/span><\/li>\n<li><span dir=\"auto\">Embalaje apto para viajes<\/span><\/li>\n<li><span dir=\"auto\">Ideal para regalar<\/span><\/li>\n<\/ul>\n<h3>Notas Olfativas<\/h3>\n<p>Es una fragancia ideal para quienes buscan un aroma que equilibre la dulzura frutal con un fondo c\u00e1lido y lujoso, manteniendo una est\u00e9tica editorial y de alta definici\u00f3n en su presentaci\u00f3n. La fragancia se abre con una explosi\u00f3n dulce y jugosa de bayas rojas combinada con la elegancia del heliotropo y la mandarina, proporcionando una sensaci\u00f3n inicial fresca y alegre. En su centro, destaca un acorde cremoso y gourmet de vainilla y notas dulces, equilibrado por la suavidad floral de la orqu\u00eddea y el jazm\u00edn. La base es c\u00e1lida y persistente, donde el almizcle (musk), el s\u00e1ndalo y un toque de \u00e1mbar envuelven la fragancia, otorg\u00e1ndole profundidad y una estela sofisticada en la piel.<\/p>\n<ul data-path-to-node=\"2\">\n<li>\n<p data-path-to-node=\"2,0,0\"><b data-path-to-node=\"2,0,0\" data-index-in-node=\"0\">Notas de salida:<\/b> bayas rojas, heliotropo, mandarina.<\/p>\n<\/li>\n<li>\n<p data-path-to-node=\"2,1,0\"><b data-path-to-node=\"2,1,0\" data-index-in-node=\"0\">Notas de coraz\u00f3n:<\/b> vainilla, notas dulces, orqu\u00eddeas, jazm\u00edn.<\/p>\n<\/li>\n<li>\n<p data-path-to-node=\"2,2,0\"><b data-path-to-node=\"2,2,0\" data-index-in-node=\"0\">Notas de fondo: <\/b>almizcle, s\u00e1ndalo, \u00e1mbar.<\/p>\n<\/li>\n<\/ul>\n<h3><strong><span dir=\"auto\">C\u00f3mo usar<\/span><\/strong><\/h3>\n<ul>\n<li><span dir=\"auto\">Roc\u00ede sobre los puntos de pulso (mu\u00f1ecas, cuello, detr\u00e1s de las orejas).<\/span><\/li>\n<li><span dir=\"auto\">Sostenga la botella a una distancia de 5 a 8 pulgadas mientras roc\u00eda.<\/span><\/li>\n<li><span dir=\"auto\">No frotar despu\u00e9s de aplicar (ayuda a que la fragancia dure m\u00e1s).<\/span><\/li>\n<li><span dir=\"auto\">Vuelva a aplicar si es necesario para obtener un aroma m\u00e1s intenso.<\/span><\/li>\n<li><span dir=\"auto\">Tambi\u00e9n se puede rociar ligeramente sobre la ropa para un uso prolongado.<\/span><\/li>\n<\/ul>\n<p><strong>Modelo:<\/strong> 7505-044M1<\/p>\n","protected":false},"excerpt":{"rendered":"<p>YARAH El perfume Miss Rose Yarah es una fragancia suave y femenina dise\u00f1ada para la elegancia cotidiana. Ofrece un aroma<\/p>\n","protected":false},"featured_media":103164,"comment_status":"open","ping_status":"closed","template":"","meta":{"nf_dc_page":""},"product_brand":[221],"product_cat":[84],"product_tag":[3639],"class_list":{"0":"post-103163","1":"product","2":"type-product","3":"status-publish","4":"has-post-thumbnail","6":"product_brand-miss-rose","7":"product_cat-perfumeria","8":"product_tag-3639","10":"first","11":"instock","12":"shipping-taxable","13":"purchasable","14":"product-type-simple"},"_links":{"self":[{"href":"https:\/\/brandss.com.py\/index\/wp-json\/wp\/v2\/product\/103163","targetHints":{"allow":["GET"]}}],"collection":[{"href":"https:\/\/brandss.com.py\/index\/wp-json\/wp\/v2\/product"}],"about":[{"href":"https:\/\/brandss.com.py\/index\/wp-json\/wp\/v2\/types\/product"}],"replies":[{"embeddable":true,"href":"https:\/\/brandss.com.py\/index\/wp-json\/wp\/v2\/comments?post=103163"}],"version-history":[{"count":1,"href":"https:\/\/brandss.com.py\/index\/wp-json\/wp\/v2\/product\/103163\/revisions"}],"predecessor-version":[{"id":103171,"href":"https:\/\/brandss.com.py\/index\/wp-json\/wp\/v2\/product\/103163\/revisions\/103171"}],"wp:featuredmedia":[{"embeddable":true,"href":"https:\/\/brandss.com.py\/index\/wp-json\/wp\/v2\/media\/103164"}],"wp:attachment":[{"href":"https:\/\/brandss.com.py\/index\/wp-json\/wp\/v2\/media?parent=103163"}],"wp:term":[{"taxonomy":"product_brand","embeddable":true,"href":"https:\/\/brandss.com.py\/index\/wp-json\/wp\/v2\/product_brand?post=103163"},{"taxonomy":"product_cat","embeddable":true,"href":"https:\/\/brandss.com.py\/index\/wp-json\/wp\/v2\/product_cat?post=103163"},{"taxonomy":"product_tag","embeddable":true,"href":"https:\/\/brandss.com.py\/index\/wp-json\/wp\/v2\/product_tag?post=103163"}],"curies":[{"name":"wp","href":"https:\/\/api.w.org\/{rel}","templated":true}]}}