{"id":103186,"date":"2026-05-02T12:08:53","date_gmt":"2026-05-02T12:08:53","guid":{"rendered":"https:\/\/brandss.com.py\/index\/?post_type=product&#038;p=103186"},"modified":"2026-05-02T12:09:10","modified_gmt":"2026-05-02T12:09:10","slug":"locion-corporal-miss-rose-amber-romance-236ml","status":"publish","type":"product","link":"https:\/\/brandss.com.py\/index\/producto\/locion-corporal-miss-rose-amber-romance-236ml\/","title":{"rendered":"LOCI\u00d3N CORPORAL MISS ROSE AMBER ROMANCE 236ML"},"content":{"rendered":"<p><img loading=\"lazy\" decoding=\"async\" class=\"\" src=\"https:\/\/cdn.salla.sa\/ggxrg\/rCmqgSROdJKZEtAQr8VtbEpXpgPYkSYMAkfzM95U.png\" alt=\"M\u00c1SCARA DE PESTA\u00d1A MISS ROSE MEGA LASH 2 LOOK BLACK \u2013 Brands\" width=\"148\" height=\"67\" \/><\/p>\n<h1>AMBER ROMANCE<\/h1>\n<p><span dir=\"auto\">Disfruta de una hidrataci\u00f3n de lujo con la loci\u00f3n perfumada Miss Rose, dise\u00f1ada para hidratar, suavizar y dejar tu piel delicadamente perfumada. Enriquecida con ingredientes nutritivos y una mezcla de fragancias irresistibles, esta loci\u00f3n mima tu piel a la vez que le proporciona un acabado suave y sedoso.<\/span><\/p>\n<h3><strong><span dir=\"auto\">Por qu\u00e9 te encantar\u00e1<\/span><\/strong><\/h3>\n<ul>\n<li><span dir=\"auto\">F\u00f3rmula ligera y no grasa.<\/span><\/li>\n<li><span dir=\"auto\">Hidrataci\u00f3n y suavidad duraderas.<\/span><\/li>\n<li><span dir=\"auto\">Fragancias ricas y cautivadoras que perduran.<\/span><\/li>\n<li><span dir=\"auto\">Enriquecido con glicerina y vitamina E para nutrir la piel.<\/span><\/li>\n<li><span dir=\"auto\">Perfecto para uso diario en todo tipo de pieles.<\/span><\/li>\n<\/ul>\n<h3><strong><span dir=\"auto\">Notas Olfativas<\/span><\/strong><\/h3>\n<p><span dir=\"auto\">El jazm\u00edn oto\u00f1al baila, con pralin\u00e9 y n\u00e9ctar, la decadencia deleita.\u00a0<\/span><\/p>\n<h3><strong><span dir=\"auto\">Modo de empleo<\/span><\/strong><\/h3>\n<p><span dir=\"auto\">Aplicar generosamente sobre la piel limpia y masajear con movimientos circulares hasta su completa absorci\u00f3n. Para obtener mejores resultados, \u00faselo diariamente y disfrute de una piel suave y delicadamente perfumada.<\/span><\/p>\n<p><strong>Modelo:<\/strong> 7912-030M10<\/p>\n","protected":false},"excerpt":{"rendered":"<p>AMBER ROMANCE Disfruta de una hidrataci\u00f3n de lujo con la loci\u00f3n perfumada Miss Rose, dise\u00f1ada para hidratar, suavizar y dejar<\/p>\n","protected":false},"featured_media":103187,"comment_status":"open","ping_status":"closed","template":"","meta":{"nf_dc_page":""},"product_brand":[],"product_cat":[85],"product_tag":[3642],"class_list":{"0":"post-103186","1":"product","2":"type-product","3":"status-publish","4":"has-post-thumbnail","6":"product_cat-cosmeticos","7":"product_tag-3642","9":"first","10":"instock","11":"shipping-taxable","12":"purchasable","13":"product-type-simple"},"_links":{"self":[{"href":"https:\/\/brandss.com.py\/index\/wp-json\/wp\/v2\/product\/103186","targetHints":{"allow":["GET"]}}],"collection":[{"href":"https:\/\/brandss.com.py\/index\/wp-json\/wp\/v2\/product"}],"about":[{"href":"https:\/\/brandss.com.py\/index\/wp-json\/wp\/v2\/types\/product"}],"replies":[{"embeddable":true,"href":"https:\/\/brandss.com.py\/index\/wp-json\/wp\/v2\/comments?post=103186"}],"version-history":[{"count":1,"href":"https:\/\/brandss.com.py\/index\/wp-json\/wp\/v2\/product\/103186\/revisions"}],"predecessor-version":[{"id":103191,"href":"https:\/\/brandss.com.py\/index\/wp-json\/wp\/v2\/product\/103186\/revisions\/103191"}],"wp:featuredmedia":[{"embeddable":true,"href":"https:\/\/brandss.com.py\/index\/wp-json\/wp\/v2\/media\/103187"}],"wp:attachment":[{"href":"https:\/\/brandss.com.py\/index\/wp-json\/wp\/v2\/media?parent=103186"}],"wp:term":[{"taxonomy":"product_brand","embeddable":true,"href":"https:\/\/brandss.com.py\/index\/wp-json\/wp\/v2\/product_brand?post=103186"},{"taxonomy":"product_cat","embeddable":true,"href":"https:\/\/brandss.com.py\/index\/wp-json\/wp\/v2\/product_cat?post=103186"},{"taxonomy":"product_tag","embeddable":true,"href":"https:\/\/brandss.com.py\/index\/wp-json\/wp\/v2\/product_tag?post=103186"}],"curies":[{"name":"wp","href":"https:\/\/api.w.org\/{rel}","templated":true}]}}