{"id":103198,"date":"2026-05-02T13:31:29","date_gmt":"2026-05-02T13:31:29","guid":{"rendered":"https:\/\/brandss.com.py\/index\/?post_type=product&#038;p=103198"},"modified":"2026-05-02T13:31:50","modified_gmt":"2026-05-02T13:31:50","slug":"locion-corporal-paixao-tentadora-400ml","status":"publish","type":"product","link":"https:\/\/brandss.com.py\/index\/producto\/locion-corporal-paixao-tentadora-400ml\/","title":{"rendered":"LOCI\u00d3N CORPORAL PAIX\u00c3O TENTADORA 400ML"},"content":{"rendered":"<p><img loading=\"lazy\" decoding=\"async\" class=\"\" src=\"https:\/\/grandesnomesdapropaganda.com.br\/wp-content\/uploads\/2022\/08\/paix%C3%A3o.png\" alt=\"Nova campanha de Paix\u00e3o ressignifica a sensualidade de cada mulher\" width=\"109\" height=\"68\" \/><\/p>\n<h1>TENTADORA<\/h1>\n<div class=\"hide-scrollbar markdown prose relative w-full max-w-none overflow-x-scroll break-words text-base leading-7 first:mt-0 prose-headings:first:mt-0 prose-strong:font-bold prose-thead:font-bold light:text-[#3E4247] dark:text-[#EBEBEB] prose-headings:light:text-[#3E4247]\">\n<p class=\"mb-3 mt-0\" data-copy-text=\"true\">Revela tu encanto cautivador y potencia tu piel con la\u00a0Paix\u00e3o Tempting Ruby Plum Body Lotion. Esta f\u00f3rmula profundamente hidratante est\u00e1 dise\u00f1ada para proporcionar hasta 24 horas de hidrataci\u00f3n. Infundida con aceite nutritivo de almendra y con una sutil acci\u00f3n desodorante corporal, esta loci\u00f3n deja tu piel incre\u00edblemente suave, bellamente luminosa y delicadamente perfumada.<img decoding=\"async\" class=\"alignleft\" src=\"https:\/\/www.linhapaixao.com.br\/wp-content\/uploads\/2022\/01\/tentadora_locao-hidratante-400ml_card-default.webp\" \/><\/p>\n<p class=\"mb-3 mt-0\" data-copy-text=\"true\">Su fragancia cautivadora entrelaza la jugosidad de frutas rojas como fresa y mel\u00f3n, complementada por notas de violeta y rosa, y armonizada por el dulce calor de la vainilla. Dise\u00f1ada para uso diario y apta para todo tipo de piel, te brinda una piel radiante y un aroma seductor. Esta loci\u00f3n est\u00e1 disponible en tama\u00f1os de 200ml y 400ml para adaptarse a tu preferencia.<\/p>\n<\/div>\n<div class=\"hide-scrollbar markdown prose relative w-full max-w-none overflow-x-scroll break-words text-base leading-7 first:mt-0 prose-headings:first:mt-0 prose-strong:font-bold prose-thead:font-bold light:text-[#3E4247] dark:text-[#EBEBEB] prose-headings:light:text-[#3E4247]\">\n<div>\n<div>\n<h3><\/h3>\n<h3 class=\"mb-2 mt-4 text-[1.25rem]\/[2rem] font-bold\">Beneficios<\/h3>\n<p>&nbsp;<\/p>\n<\/div>\n<\/div>\n<\/div>\n<div class=\"hide-scrollbar markdown prose relative w-full max-w-none overflow-x-scroll break-words text-base leading-7 first:mt-0 prose-headings:first:mt-0 prose-strong:font-bold prose-thead:font-bold light:text-[#3E4247] dark:text-[#EBEBEB] prose-headings:light:text-[#3E4247]\">\n<ul class=\"mb-2 mt-0\">\n<li class=\"my-[5px] first:mt-0 last:mb-0\" data-copy-text=\"true\"><strong>Hidrataci\u00f3n profunda de 24 horas<\/strong>: enriquecida con noble aceite de almendra, esta loci\u00f3n proporciona humedad continua, manteniendo tu piel suave, flexible y bellamente acondicionada durante todo el d\u00eda.<\/li>\n<li class=\"my-[5px] first:mt-0 last:mb-0\" data-copy-text=\"true\"><strong>Piel luminosa y suave<\/strong>: logra una textura irresistiblemente suave y un brillo radiante, realzando la belleza natural de tu piel con cada aplicaci\u00f3n.<\/li>\n<li class=\"my-[5px] first:mt-0 last:mb-0\" data-copy-text=\"true\"><strong>Fragancia cautivadora y dulce<\/strong>: presenta una mezcla encantadora de frutas rojas (mandarina, naranja, mel\u00f3n, fresa, pera) y flores delicadas (violeta, mangost\u00e1n, ciruela, rosa), anclada por una base c\u00e1lida de almizcle, vainilla, s\u00e1ndalo y notas amaderadas rubias.<\/li>\n<li class=\"my-[5px] first:mt-0 last:mb-0\" data-copy-text=\"true\"><strong>Desodorante corporal integrado<\/strong>: ofrece un efecto desodorante sutil, contribuyendo a una sensaci\u00f3n fresca y segura durante todo tu d\u00eda.<\/li>\n<\/ul>\n<h3><\/h3>\n<h3>Notas Olfativas<\/h3>\n<p>&nbsp;<\/p>\n<div class=\"item\">\n<div>La loci\u00f3n hidratante Paix\u00e3o Tentadora combina el preciado aceite de almendras con una acci\u00f3n desodorante corporal, garantizando la hidrataci\u00f3n de la piel durante 24 horas. Una invitaci\u00f3n al autocuidado, Paix\u00e3o deja la piel deliciosamente suave con una envolvente fragancia dulce de frutos rojos.<\/div>\n<div><\/div>\n<div class=\"item-texto\"><span dir=\"auto\"><strong>Notas de salida:<\/strong> c<\/span><span dir=\"auto\">\u00edtricos, frutos rojos, ciruela, melocot\u00f3n, manzana, pera.<\/span><\/div>\n<\/div>\n<\/div>\n<div class=\"hide-scrollbar markdown prose relative w-full max-w-none overflow-x-scroll break-words text-base leading-7 first:mt-0 prose-headings:first:mt-0 prose-strong:font-bold prose-thead:font-bold light:text-[#3E4247] dark:text-[#EBEBEB] prose-headings:light:text-[#3E4247]\">\n<div class=\"item\">\n<div class=\"item-texto\"><span dir=\"auto\"><strong>Notas de coraz\u00f3n:<\/strong> r<\/span><span dir=\"auto\">amo floral (rosa, jazm\u00edn, violeta).<\/span><\/div>\n<\/div>\n<\/div>\n<div class=\"hide-scrollbar markdown prose relative w-full max-w-none overflow-x-scroll break-words text-base leading-7 first:mt-0 prose-headings:first:mt-0 prose-strong:font-bold prose-thead:font-bold light:text-[#3E4247] dark:text-[#EBEBEB] prose-headings:light:text-[#3E4247]\">\n<div class=\"item\">\n<div class=\"item-texto\"><span dir=\"auto\"><strong>Notas de fondo:<\/strong> a<\/span><span dir=\"auto\">lmizcle, s\u00e1ndalo, vainilla, \u00e1mbar.<\/span><\/div>\n<\/div>\n<\/div>\n","protected":false},"excerpt":{"rendered":"<p>TENTADORA Revela tu encanto cautivador y potencia tu piel con la\u00a0Paix\u00e3o Tempting Ruby Plum Body Lotion. Esta f\u00f3rmula profundamente hidratante<\/p>\n","protected":false},"featured_media":103199,"comment_status":"open","ping_status":"closed","template":"","meta":{"nf_dc_page":""},"product_brand":[3643],"product_cat":[85],"product_tag":[3645],"class_list":{"0":"post-103198","1":"product","2":"type-product","3":"status-publish","4":"has-post-thumbnail","6":"product_brand-paixao","7":"product_cat-cosmeticos","8":"product_tag-3645","10":"first","11":"instock","12":"shipping-taxable","13":"purchasable","14":"product-type-simple"},"_links":{"self":[{"href":"https:\/\/brandss.com.py\/index\/wp-json\/wp\/v2\/product\/103198","targetHints":{"allow":["GET"]}}],"collection":[{"href":"https:\/\/brandss.com.py\/index\/wp-json\/wp\/v2\/product"}],"about":[{"href":"https:\/\/brandss.com.py\/index\/wp-json\/wp\/v2\/types\/product"}],"replies":[{"embeddable":true,"href":"https:\/\/brandss.com.py\/index\/wp-json\/wp\/v2\/comments?post=103198"}],"version-history":[{"count":1,"href":"https:\/\/brandss.com.py\/index\/wp-json\/wp\/v2\/product\/103198\/revisions"}],"predecessor-version":[{"id":103203,"href":"https:\/\/brandss.com.py\/index\/wp-json\/wp\/v2\/product\/103198\/revisions\/103203"}],"wp:featuredmedia":[{"embeddable":true,"href":"https:\/\/brandss.com.py\/index\/wp-json\/wp\/v2\/media\/103199"}],"wp:attachment":[{"href":"https:\/\/brandss.com.py\/index\/wp-json\/wp\/v2\/media?parent=103198"}],"wp:term":[{"taxonomy":"product_brand","embeddable":true,"href":"https:\/\/brandss.com.py\/index\/wp-json\/wp\/v2\/product_brand?post=103198"},{"taxonomy":"product_cat","embeddable":true,"href":"https:\/\/brandss.com.py\/index\/wp-json\/wp\/v2\/product_cat?post=103198"},{"taxonomy":"product_tag","embeddable":true,"href":"https:\/\/brandss.com.py\/index\/wp-json\/wp\/v2\/product_tag?post=103198"}],"curies":[{"name":"wp","href":"https:\/\/api.w.org\/{rel}","templated":true}]}}