{"id":103210,"date":"2026-05-02T14:19:07","date_gmt":"2026-05-02T14:19:07","guid":{"rendered":"https:\/\/brandss.com.py\/index\/?post_type=product&#038;p=103210"},"modified":"2026-05-02T14:19:31","modified_gmt":"2026-05-02T14:19:31","slug":"aceite-corporal-paixao-irresistible-100ml","status":"publish","type":"product","link":"https:\/\/brandss.com.py\/index\/producto\/aceite-corporal-paixao-irresistible-100ml\/","title":{"rendered":"ACEITE CORPORAL PAIX\u00c3O IRRESISTIBLE 100ML"},"content":{"rendered":"<p><img loading=\"lazy\" decoding=\"async\" class=\"\" src=\"https:\/\/grandesnomesdapropaganda.com.br\/wp-content\/uploads\/2022\/08\/paix%C3%A3o.png\" alt=\"Nova campanha de Paix\u00e3o ressignifica a sensualidade de cada mulher\" width=\"138\" height=\"86\" \/><\/p>\n<h1>IRRESISTIBLE<\/h1>\n<p><span dir=\"auto\">El aceite corporal Irresistible Passion Lily of the Valley es un producto cosm\u00e9tico con acci\u00f3n desodorante, formulado con aceite de almendras que proporciona una hidrataci\u00f3n duradera. Su composici\u00f3n presenta una delicada fragancia con notas\u00a0<\/span><span dir=\"auto\">florales<\/span><span dir=\"auto\">\u00a0de lirio del valle, jazm\u00edn y violeta, que resulta en un aroma fresco y caracter\u00edstico.<img decoding=\"async\" class=\"alignleft\" src=\"https:\/\/www.linhapaixao.com.br\/wp-content\/uploads\/2022\/01\/irresistivel_oleo-corporal-200ml_card-default.webp\" \/><\/span><\/p>\n<h2><\/h2>\n<h3><span dir=\"auto\">Beneficios<\/span><\/h3>\n<p>&nbsp;<\/p>\n<ul>\n<li><span dir=\"auto\">Hidrataci\u00f3n prolongada hasta por 24 horas con aceite de almendras.<\/span><\/li>\n<li><span dir=\"auto\">Acci\u00f3n desodorante que mantiene la piel con un aroma fresco.<\/span><\/li>\n<li><span dir=\"auto\">Una fragancia delicada con notas de lirio, jazm\u00edn y violeta.<\/span><\/li>\n<li><span dir=\"auto\">Apto para todo\u00a0<\/span><span dir=\"auto\">tipo de piel<\/span><span dir=\"auto\">.<\/span><\/li>\n<li><span dir=\"auto\">F\u00e1cil de aplicar despu\u00e9s de la ducha, con o sin aclarado.<\/span><\/li>\n<\/ul>\n<h3><\/h3>\n<h3>Notas Olfativas<\/h3>\n<p>&nbsp;<\/p>\n<p>El aceite corporal Irresistible Passion, con acci\u00f3n desodorante, contiene aceite de almendras que garantiza hidrataci\u00f3n hasta por 24 horas. Expresa toda tu confianza y poder a trav\u00e9s de una piel irresistiblemente luminosa, suave y perfumada con la inconfundible fragancia de notas florales.<\/p>\n<div class=\"notas\">\n<div class=\"item\">\n<div class=\"item-texto\"><span dir=\"auto\"><strong>Notas de salida:<\/strong> a<\/span><span dir=\"auto\">ldeh\u00eddico, ylang-ylang.<\/span><\/div>\n<\/div>\n<div class=\"item\">\n<div class=\"image\"><\/div>\n<div class=\"item-texto\"><span dir=\"auto\"><strong>Notas de coraz\u00f3n:<\/strong> r<\/span><span dir=\"auto\">osa, jazm\u00edn, lirio del valle, violeta.<\/span><\/div>\n<\/div>\n<div class=\"item\">\n<div class=\"image\"><\/div>\n<div class=\"item-texto\"><span dir=\"auto\"><strong>Notas de fondo:<\/strong> a<\/span><span dir=\"auto\">lmizcle, s\u00e1ndalo, empolvado, vetiver.<\/span><\/div>\n<\/div>\n<\/div>\n<div class=\"color\"><\/div>\n<h3><span dir=\"auto\">Modo de uso<\/span><\/h3>\n<ol>\n<li><span dir=\"auto\">Apl\u00edcate el aceite corporal despu\u00e9s de la ducha, mientras la piel a\u00fan est\u00e9 h\u00fameda.<\/span><\/li>\n<li><span dir=\"auto\">Enjuagar ligeramente, si se desea.<\/span><\/li>\n<\/ol>\n","protected":false},"excerpt":{"rendered":"<p>IRRESISTIBLE El aceite corporal Irresistible Passion Lily of the Valley es un producto cosm\u00e9tico con acci\u00f3n desodorante, formulado con aceite<\/p>\n","protected":false},"featured_media":103211,"comment_status":"open","ping_status":"closed","template":"","meta":{"nf_dc_page":""},"product_brand":[3643],"product_cat":[85],"product_tag":[3647],"class_list":{"0":"post-103210","1":"product","2":"type-product","3":"status-publish","4":"has-post-thumbnail","6":"product_brand-paixao","7":"product_cat-cosmeticos","8":"product_tag-3647","10":"first","11":"instock","12":"shipping-taxable","13":"purchasable","14":"product-type-simple"},"_links":{"self":[{"href":"https:\/\/brandss.com.py\/index\/wp-json\/wp\/v2\/product\/103210","targetHints":{"allow":["GET"]}}],"collection":[{"href":"https:\/\/brandss.com.py\/index\/wp-json\/wp\/v2\/product"}],"about":[{"href":"https:\/\/brandss.com.py\/index\/wp-json\/wp\/v2\/types\/product"}],"replies":[{"embeddable":true,"href":"https:\/\/brandss.com.py\/index\/wp-json\/wp\/v2\/comments?post=103210"}],"version-history":[{"count":1,"href":"https:\/\/brandss.com.py\/index\/wp-json\/wp\/v2\/product\/103210\/revisions"}],"predecessor-version":[{"id":103215,"href":"https:\/\/brandss.com.py\/index\/wp-json\/wp\/v2\/product\/103210\/revisions\/103215"}],"wp:featuredmedia":[{"embeddable":true,"href":"https:\/\/brandss.com.py\/index\/wp-json\/wp\/v2\/media\/103211"}],"wp:attachment":[{"href":"https:\/\/brandss.com.py\/index\/wp-json\/wp\/v2\/media?parent=103210"}],"wp:term":[{"taxonomy":"product_brand","embeddable":true,"href":"https:\/\/brandss.com.py\/index\/wp-json\/wp\/v2\/product_brand?post=103210"},{"taxonomy":"product_cat","embeddable":true,"href":"https:\/\/brandss.com.py\/index\/wp-json\/wp\/v2\/product_cat?post=103210"},{"taxonomy":"product_tag","embeddable":true,"href":"https:\/\/brandss.com.py\/index\/wp-json\/wp\/v2\/product_tag?post=103210"}],"curies":[{"name":"wp","href":"https:\/\/api.w.org\/{rel}","templated":true}]}}