{"id":103216,"date":"2026-05-02T14:34:52","date_gmt":"2026-05-02T14:34:52","guid":{"rendered":"https:\/\/brandss.com.py\/index\/?post_type=product&#038;p=103216"},"modified":"2026-05-02T14:35:13","modified_gmt":"2026-05-02T14:35:13","slug":"aceite-corporal-paixao-avela-100ml","status":"publish","type":"product","link":"https:\/\/brandss.com.py\/index\/producto\/aceite-corporal-paixao-avela-100ml\/","title":{"rendered":"ACEITE CORPORAL PAIX\u00c3O AVEL\u00c3 100ML"},"content":{"rendered":"<p><img loading=\"lazy\" decoding=\"async\" class=\"\" src=\"https:\/\/grandesnomesdapropaganda.com.br\/wp-content\/uploads\/2022\/08\/paix%C3%A3o.png\" alt=\"Nova campanha de Paix\u00e3o ressignifica a sensualidade de cada mulher\" width=\"74\" height=\"46\" \/><\/p>\n<h1>AVEL\u00c3<\/h1>\n<p><span dir=\"auto\">El aceite corporal desodorante de almendra y avellana Paix\u00e3o es un producto cosm\u00e9tico que hidrata y perfuma delicadamente la piel, gracias a la fusi\u00f3n de aceites de almendra y avellana. Proporciona hidrataci\u00f3n hasta por 24 horas, ayuda a prevenir las estr\u00edas, mejora la elasticidad de la piel y la deja suave, sedosa y con una fragancia caracter\u00edstica.<\/span><\/p>\n<h2><img decoding=\"async\" class=\"alignleft\" src=\"https:\/\/www.linhapaixao.com.br\/wp-content\/uploads\/2022\/01\/avela_oleo-corporal-100ml_card-default.webp\" \/><\/h2>\n<h3><span dir=\"auto\">Beneficios<\/span><\/h3>\n<p>&nbsp;<\/p>\n<ul>\n<li><span dir=\"auto\">Hidrata la piel hasta por 24 horas.<\/span><\/li>\n<li><span dir=\"auto\">Ayuda a prevenir las estr\u00edas.<\/span><\/li>\n<li><span dir=\"auto\">Mejora la elasticidad de la piel.<\/span><\/li>\n<li><span dir=\"auto\">Deja la piel suave y sedosa.<\/span><\/li>\n<li><span dir=\"auto\">Perfuma suavemente el\u00a0<\/span><span dir=\"auto\">cuerpo<\/span><span dir=\"auto\">.<\/span><\/li>\n<\/ul>\n<h3><\/h3>\n<h3>Notas Olfativas<\/h3>\n<p>&nbsp;<\/p>\n<p>El aceite corporal de avellana Paix\u00e3o combina el preciado aceite de almendras con una acci\u00f3n desodorante, garantizando la hidrataci\u00f3n de la piel durante 24 horas. Sus envolventes notas acarameladas y amaderadas, junto con el cl\u00e1sico aceite de almendras Paix\u00e3o, perfuman, hidratan e iluminan delicadamente la piel.<\/p>\n<div class=\"notas\">\n<div class=\"item\">\n<div class=\"item-texto\"><span dir=\"auto\"><strong>Notas de salida:<\/strong> f<\/span><span dir=\"auto\">rambuesa, manzana dulce, naranja, bergamota, lim\u00f3n, hojas de higuera, hojas de higuera, sand\u00eda.<\/span><\/div>\n<\/div>\n<div class=\"item\">\n<div class=\"image\"><\/div>\n<div class=\"item-texto\"><span dir=\"auto\"><strong>Notas de coraz\u00f3n:<\/strong> f<\/span><span dir=\"auto\">resa, frangipani, lirio del valle, regaliz, bayas rojas.<\/span><\/div>\n<\/div>\n<div class=\"item\">\n<div class=\"image\"><\/div>\n<div class=\"item-texto\"><span dir=\"auto\"><strong>Notas de fondo:<\/strong> a<\/span><span dir=\"auto\">lmendra, almizcle, algod\u00f3n de az\u00facar, avellana, vainilla, caramelo, cedro, s\u00e1ndalo.<\/span><\/div>\n<\/div>\n<\/div>\n<div class=\"color\"><\/div>\n<h3><span dir=\"auto\">Modo de uso<\/span><\/h3>\n<ol>\n<li><span dir=\"auto\">Apl\u00edcate el aceite corporal desodorante de almendras y avellanas Paix\u00e3o despu\u00e9s de la ducha, mientras la piel a\u00fan est\u00e9 h\u00fameda.<\/span><\/li>\n<li><span dir=\"auto\">Si lo desea, enjuague ligeramente.<\/span><\/li>\n<\/ol>\n","protected":false},"excerpt":{"rendered":"<p>AVEL\u00c3 El aceite corporal desodorante de almendra y avellana Paix\u00e3o es un producto cosm\u00e9tico que hidrata y perfuma delicadamente la<\/p>\n","protected":false},"featured_media":103217,"comment_status":"open","ping_status":"closed","template":"","meta":{"nf_dc_page":""},"product_brand":[3643],"product_cat":[85],"product_tag":[3648],"class_list":{"0":"post-103216","1":"product","2":"type-product","3":"status-publish","4":"has-post-thumbnail","6":"product_brand-paixao","7":"product_cat-cosmeticos","8":"product_tag-3648","10":"first","11":"instock","12":"shipping-taxable","13":"purchasable","14":"product-type-simple"},"_links":{"self":[{"href":"https:\/\/brandss.com.py\/index\/wp-json\/wp\/v2\/product\/103216","targetHints":{"allow":["GET"]}}],"collection":[{"href":"https:\/\/brandss.com.py\/index\/wp-json\/wp\/v2\/product"}],"about":[{"href":"https:\/\/brandss.com.py\/index\/wp-json\/wp\/v2\/types\/product"}],"replies":[{"embeddable":true,"href":"https:\/\/brandss.com.py\/index\/wp-json\/wp\/v2\/comments?post=103216"}],"version-history":[{"count":1,"href":"https:\/\/brandss.com.py\/index\/wp-json\/wp\/v2\/product\/103216\/revisions"}],"predecessor-version":[{"id":103221,"href":"https:\/\/brandss.com.py\/index\/wp-json\/wp\/v2\/product\/103216\/revisions\/103221"}],"wp:featuredmedia":[{"embeddable":true,"href":"https:\/\/brandss.com.py\/index\/wp-json\/wp\/v2\/media\/103217"}],"wp:attachment":[{"href":"https:\/\/brandss.com.py\/index\/wp-json\/wp\/v2\/media?parent=103216"}],"wp:term":[{"taxonomy":"product_brand","embeddable":true,"href":"https:\/\/brandss.com.py\/index\/wp-json\/wp\/v2\/product_brand?post=103216"},{"taxonomy":"product_cat","embeddable":true,"href":"https:\/\/brandss.com.py\/index\/wp-json\/wp\/v2\/product_cat?post=103216"},{"taxonomy":"product_tag","embeddable":true,"href":"https:\/\/brandss.com.py\/index\/wp-json\/wp\/v2\/product_tag?post=103216"}],"curies":[{"name":"wp","href":"https:\/\/api.w.org\/{rel}","templated":true}]}}