{"id":103228,"date":"2026-05-02T16:23:01","date_gmt":"2026-05-02T16:23:01","guid":{"rendered":"https:\/\/brandss.com.py\/index\/?post_type=product&#038;p=103228"},"modified":"2026-05-02T16:23:19","modified_gmt":"2026-05-02T16:23:19","slug":"aceite-corporal-paixao-inspiradora-100ml","status":"publish","type":"product","link":"https:\/\/brandss.com.py\/index\/producto\/aceite-corporal-paixao-inspiradora-100ml\/","title":{"rendered":"ACEITE CORPORAL PAIX\u00c3O INSPIRADORA 100ML"},"content":{"rendered":"<p><img loading=\"lazy\" decoding=\"async\" class=\"\" src=\"https:\/\/grandesnomesdapropaganda.com.br\/wp-content\/uploads\/2022\/08\/paix%C3%A3o.png\" alt=\"Nova campanha de Paix\u00e3o ressignifica a sensualidade de cada mulher\" width=\"106\" height=\"66\" \/><\/p>\n<h1>INSPIRADORA<\/h1>\n<p><span dir=\"auto\">El aceite desodorante corporal Paix\u00e3o Inspiradora Rosas Brancas, enriquecido con aceite de almendras nobles, garantiza la hidrataci\u00f3n hasta por 24 horas. <\/span><span dir=\"auto\">Para uso diario, se recomienda para todo\u00a0<\/span><span dir=\"auto\">tipo de piel<\/span><span dir=\"auto\">. Su fragancia presenta notas de lavanda, romero y bergamota, as\u00ed como notas\u00a0<\/span><span dir=\"auto\">florales<\/span><span dir=\"auto\"> que florecen sobre una base de maderas preciosas y especias.\u00a0<\/span><span dir=\"auto\">Con una probada sensaci\u00f3n de placer y bienestar, este aceite desodorante corporal garantiza una sensaci\u00f3n de piel suave y perfumada, realzando su luminosidad natural.<img decoding=\"async\" class=\"alignleft\" src=\"https:\/\/www.linhapaixao.com.br\/wp-content\/uploads\/2022\/01\/inspiradora_oleo-corporal-200ml_card-default.webp\" \/><\/span><\/p>\n<h2><\/h2>\n<h2><span dir=\"auto\">Beneficios\u00a0<\/span><\/h2>\n<p>&nbsp;<\/p>\n<ul>\n<li><span dir=\"auto\">Hidrata durante 24 horas.<\/span><\/li>\n<li><span dir=\"auto\">Piel suave.<\/span><\/li>\n<li><span dir=\"auto\">R\u00e1pida absorci\u00f3n<\/span><\/li>\n<li><span dir=\"auto\">Para todo tipo de piel.<\/span><\/li>\n<li><span dir=\"auto\">Despierta los sentidos con notas de lavanda, romero y bergamota.<\/span><\/li>\n<li><span dir=\"auto\">Las notas florales se despliegan sobre un fondo de maderas preciosas y especias.<\/span><\/li>\n<\/ul>\n<h3><\/h3>\n<h3>Notas Olfativas<\/h3>\n<p>&nbsp;<\/p>\n<p>El aceite corporal Paix\u00e3o con acci\u00f3n desodorante combina el preciado aceite de almendras con una acci\u00f3n desodorante, garantizando hidrataci\u00f3n durante 24 horas. Una fragancia irresistible, suavidad y ligereza para tu piel gracias a una combinaci\u00f3n de especias y notas florales, adem\u00e1s de la acci\u00f3n desodorante y nuestro cl\u00e1sico aceite de almendras.<\/p>\n<div class=\"notas\">\n<div class=\"item\">\n<div class=\"item-texto\"><span dir=\"auto\"><strong>Notas de salida:<\/strong> b<\/span><span dir=\"auto\">ergamota, aceite de romero, notas herbales, acorde de aldeh\u00eddo, aceite de lavanda, acorde frutal, oz\u00f3nico.<\/span><\/div>\n<\/div>\n<div class=\"item\">\n<div class=\"image\"><\/div>\n<div class=\"item-texto\"><span dir=\"auto\"><strong>Notas de coraz\u00f3n<\/strong>: <\/span><span dir=\"auto\">lila, rosa, jazm\u00edn, ylang-ylang, ciclamen.<\/span><\/div>\n<\/div>\n<div class=\"item\">\n<div class=\"image\"><\/div>\n<div class=\"item-texto\"><span dir=\"auto\"><strong>Notas de fondo:<\/strong> v<\/span><span dir=\"auto\">ainilla, haba tonka, madera de cedro, aceite esencial de pachul\u00ed, almizcle, un toque especiado.<\/span><\/div>\n<\/div>\n<\/div>\n<div class=\"color\"><\/div>\n<h2><span dir=\"auto\">Modo de uso<\/span><\/h2>\n<ol>\n<li><span dir=\"auto\">Aplicar sobre el\u00a0<\/span><span dir=\"auto\">cuerpo<\/span><span dir=\"auto\">\u00a0despu\u00e9s de la ducha, mientras la piel a\u00fan est\u00e9 h\u00fameda.<\/span><\/li>\n<li><span dir=\"auto\">Si lo desea, enjuague ligeramente.<\/span><\/li>\n<\/ol>\n","protected":false},"excerpt":{"rendered":"<p>INSPIRADORA El aceite desodorante corporal Paix\u00e3o Inspiradora Rosas Brancas, enriquecido con aceite de almendras nobles, garantiza la hidrataci\u00f3n hasta por<\/p>\n","protected":false},"featured_media":103229,"comment_status":"open","ping_status":"closed","template":"","meta":{"nf_dc_page":""},"product_brand":[3643],"product_cat":[85],"product_tag":[3650],"class_list":{"0":"post-103228","1":"product","2":"type-product","3":"status-publish","4":"has-post-thumbnail","6":"product_brand-paixao","7":"product_cat-cosmeticos","8":"product_tag-3650","10":"first","11":"instock","12":"shipping-taxable","13":"purchasable","14":"product-type-simple"},"_links":{"self":[{"href":"https:\/\/brandss.com.py\/index\/wp-json\/wp\/v2\/product\/103228","targetHints":{"allow":["GET"]}}],"collection":[{"href":"https:\/\/brandss.com.py\/index\/wp-json\/wp\/v2\/product"}],"about":[{"href":"https:\/\/brandss.com.py\/index\/wp-json\/wp\/v2\/types\/product"}],"replies":[{"embeddable":true,"href":"https:\/\/brandss.com.py\/index\/wp-json\/wp\/v2\/comments?post=103228"}],"version-history":[{"count":1,"href":"https:\/\/brandss.com.py\/index\/wp-json\/wp\/v2\/product\/103228\/revisions"}],"predecessor-version":[{"id":103233,"href":"https:\/\/brandss.com.py\/index\/wp-json\/wp\/v2\/product\/103228\/revisions\/103233"}],"wp:featuredmedia":[{"embeddable":true,"href":"https:\/\/brandss.com.py\/index\/wp-json\/wp\/v2\/media\/103229"}],"wp:attachment":[{"href":"https:\/\/brandss.com.py\/index\/wp-json\/wp\/v2\/media?parent=103228"}],"wp:term":[{"taxonomy":"product_brand","embeddable":true,"href":"https:\/\/brandss.com.py\/index\/wp-json\/wp\/v2\/product_brand?post=103228"},{"taxonomy":"product_cat","embeddable":true,"href":"https:\/\/brandss.com.py\/index\/wp-json\/wp\/v2\/product_cat?post=103228"},{"taxonomy":"product_tag","embeddable":true,"href":"https:\/\/brandss.com.py\/index\/wp-json\/wp\/v2\/product_tag?post=103228"}],"curies":[{"name":"wp","href":"https:\/\/api.w.org\/{rel}","templated":true}]}}