{"id":103234,"date":"2026-05-02T18:27:39","date_gmt":"2026-05-02T18:27:39","guid":{"rendered":"https:\/\/brandss.com.py\/index\/?post_type=product&#038;p=103234"},"modified":"2026-05-02T18:28:15","modified_gmt":"2026-05-02T18:28:15","slug":"travel-set-skin1004-madagascar-centella-5piezas","status":"publish","type":"product","link":"https:\/\/brandss.com.py\/index\/producto\/travel-set-skin1004-madagascar-centella-5piezas\/","title":{"rendered":"TRAVEL SET SKIN1004 MADAGASCAR CENTELLA 5PIEZAS"},"content":{"rendered":"<p><img loading=\"lazy\" decoding=\"async\" class=\"\" src=\"https:\/\/heyskinday.com\/cdn\/shop\/collections\/skin1004_logo.png?v=1714498278\" alt=\"S\u00c9RUM FACIAL SKIN1004 MADAGASCAR CENTELLA TONE BRIGHTENING CAPSULE AMPOULE  50ML \u2013 Brands\" width=\"80\" height=\"80\" \/><\/p>\n<h1>MADAGASCAR CENTELLA<\/h1>\n<p><strong>es la elecci\u00f3n perfecta para ti<\/strong>\u00a0que quieres llevar tu rutina de cuidado de la piel mientras viajas. Este set consta de cinco productos que contienen extracto de Centella Asiatica, conocido por sus propiedades calmantes e hidratantes. Es especialmente ideal para piel sensible, seca y mixta.<img loading=\"lazy\" decoding=\"async\" class=\"alignleft\" src=\"https:\/\/youngmi.mx\/cdn\/shop\/files\/8809576261233-5_2048x1_2dca6549-f155-4018-802e-7023e71b3005.jpg?v=1729990661\" width=\"758\" height=\"758\" \/><\/p>\n<p>Un completo set de rutina de cuidado de la piel con Centella con 5 productos en tama\u00f1o mini para viajar o probar la l\u00ednea Centella.<\/p>\n<p><strong>Centella Ampoule<br \/>\n<\/strong>&#8211; La ampolla exclusiva de SKIN1004 ofrece propiedades hidratantes, antiinflamatorias, fortalecedoras de la barrera, calmantes y antioxidantes<br \/>\n&#8211; La Centella asi\u00e1tica de Madagascar contiene 7 veces m\u00e1s activos calmantes que otras centellas asi\u00e1ticas<br \/>\n&#8211; Calma e hidrata inmediatamente la piel sensible<\/p>\n<p><strong>Centella Toning Toner<br \/>\n<\/strong>&#8211; T\u00f3nico exfoliante suave con textura ligera y acuosa<br \/>\n&#8211; T\u00f3nico de uso diario con extracto de centella asi\u00e1tica y PHA, un<br \/>\nexfoliante suave<br \/>\n&#8211; PHA, la f\u00f3rmula exfoliante suave se activa gradualmente en la piel para<br \/>\neliminar suavemente el sebo y las c\u00e9lulas muertas de la piel<br \/>\n&#8211; Beneficios certificados de luminosidad y antienvejecimiento para una piel clara y el\u00e1stica<br \/>\n&#8211; Prueba no comedog\u00e9nica completa, segura para pieles con acn\u00e9 y todos los dem\u00e1s<br \/>\ntipos de piel<\/p>\n<p><strong>Centella Ampoule Foam<\/strong><br \/>\n&#8211; Un limpiador rico y espumoso con el nivel de pH ideal de 5 elimina eficazmente el maquillaje y las impurezas sin resecar la piel<br \/>\n&#8211; El poder de limpieza avanzado elimina el 9269% del polvo fino &#8211;\u00a0El polvo de bicarbonato de sodio ultrafino se adhiere al sebo y los desechos en los poros para eliminar eficazmente &#8211;\u00a0Los<br \/>\nsurfactantes derivados del coco limpian e hidratan suavemente la piel<br \/>\n&#8211; Contiene ampolla de centella que suaviza y equilibra la piel<\/p>\n<p><strong>Aceite limpiador ligero de centella<br \/>\n<\/strong>&#8211; Un limpiador ligero a base de aceite que elimina suavemente el maquillaje, la suciedad, los aceites y el protector solar sin picar el \u00e1rea de los ojos<br \/>\n&#8211; Aceite de centella (Centella extra\u00edda del aceite MCT) y 6 aceites bot\u00e1nicos<br \/>\n&#8211; El aceite limpiador micelar permite eliminar el exceso de aceite y maquillaje sin eliminar los aceites saludables &#8211;<br \/>\nTextura ligera similar al agua, adecuada para quienes son nuevos en los limpiadores de aceite<br \/>\n&#8211; No comedog\u00e9nico y disuelve el sebo para prevenir la congesti\u00f3n de los poros<\/p>\n<p><strong>Crema calmante de centella<\/strong><br \/>\n&#8211; Un efecto refrescante instant\u00e1neo alivia el enrojecimiento de la piel. &#8211; El poderoso cuidado calmante calma r\u00e1pidamente la piel sensible y fortalece la barrera cut\u00e1nea.<br \/>\n&#8211; Contiene 3 componentes esenciales para reafirmar la piel: ceramida, colesterol y \u00e1cidos grasos<br \/>\n&#8211; Equilibra la piel da\u00f1ada con el nivel de pH m\u00e1s cercano a la piel sana.<br \/>\n&#8211; Contiene Centella asi\u00e1tica altamente purificada de Madagascar.<br \/>\n&#8211; Textura de gel hidratante no pegajosa y ligera que se desliza suavemente sobre la piel.<\/p>\n<h3>El kit incluye los siguientes productos<img loading=\"lazy\" decoding=\"async\" class=\"alignright\" src=\"https:\/\/chokchokskin.co\/cdn\/shop\/files\/SKIN1004_-Madagascar-Centella-Travel-Kit-05_720x.jpg?v=1694731153\" width=\"532\" height=\"797\" \/><\/h3>\n<ul>\n<li><strong>Madagascar Centella Light Cleansing Oil (30ml): <\/strong>un limpiador ligero a base de aceite que elimina eficazmente el maquillaje y las impurezas sin resecar la piel.<\/li>\n<li><strong>Madagascar Centella Ampoule Foam (20ml): <\/strong>un limpiador suave y espumoso que limpia profundamente los poros mientras mantiene el equilibrio natural de humedad de la piel.<\/li>\n<li><strong>Madagascar Centella Toning Toner (30ml): <\/strong>un t\u00f3nico exfoliante que hidrata mientras elimina las c\u00e9lulas muertas de la piel, resultando en una piel m\u00e1s suave y fresca.<\/li>\n<li><strong>Madagascar Centella Ampoule (30ml): <\/strong>un ampolla concentrada que refuerza la barrera cut\u00e1nea y calma la piel irritada.<\/li>\n<li><strong>Madagascar Centella Soothing Cream (30ml): <\/strong>una crema hidratante ligera y nutritiva que calma la piel de inmediato y proporciona hidrataci\u00f3n duradera.<\/li>\n<\/ul>\n<p>El kit es perfecto para todo tipo de piel, especialmente para piel sensible, y ofrece una rutina de cuidado de la piel completa que calma, hidrata y protege la piel contra irritaciones y da\u00f1os.<\/p>\n<h3><strong>Uso<\/strong><\/h3>\n<ol>\n<li><strong>Madagascar Centella Light Cleansing Oil:<\/strong>\u00a0Aplica el aceite sobre la piel seca y masajea suavemente para disolver el maquillaje y las impurezas. Agrega un poco de agua para emulsionar el aceite y luego enjuaga bien con agua tibia.<\/li>\n<li><strong>Madagascar Centella Ampoule Foam:<\/strong>\u00a0Despu\u00e9s de la limpieza con aceite, aplica una peque\u00f1a cantidad de limpiador espumoso y masajea sobre la piel h\u00fameda. Enjuaga con agua tibia para limpiar los poros en profundidad.<\/li>\n<li><strong>Madagascar Centella Toning Toner:<\/strong>\u00a0Humedece un disco de algod\u00f3n o aplica directamente en las manos y pasa sobre el rostro para exfoliar e hidratar la piel.<\/li>\n<li><strong>Madagascar Centella Ampoule:<\/strong>\u00a0Despu\u00e9s del t\u00f3nico, aplica algunas gotas de la ampolla sobre la piel y da palmaditas suavemente para calmar y fortalecer la barrera cut\u00e1nea.<\/li>\n<li><strong>Madagascar Centella Soothing Cream:<\/strong>\u00a0Termina usando la crema hidratante para hidratar y calmar la piel. Masajea la crema cuidadosamente hasta que est\u00e9 completamente absorbida.<\/li>\n<\/ol>\n<p>Esta rutina se puede usar tanto por la ma\u00f1ana como por la noche y es especialmente beneficiosa para piel sensible e irritada.<\/p>\n","protected":false},"excerpt":{"rendered":"<p>MADAGASCAR CENTELLA es la elecci\u00f3n perfecta para ti\u00a0que quieres llevar tu rutina de cuidado de la piel mientras viajas. Este<\/p>\n","protected":false},"featured_media":103235,"comment_status":"open","ping_status":"closed","template":"","meta":{"nf_dc_page":""},"product_brand":[2689],"product_cat":[104],"product_tag":[3651],"class_list":{"0":"post-103234","1":"product","2":"type-product","3":"status-publish","4":"has-post-thumbnail","6":"product_brand-skin1004","7":"product_cat-skin-care","8":"product_tag-3651","10":"first","11":"instock","12":"shipping-taxable","13":"purchasable","14":"product-type-simple"},"_links":{"self":[{"href":"https:\/\/brandss.com.py\/index\/wp-json\/wp\/v2\/product\/103234","targetHints":{"allow":["GET"]}}],"collection":[{"href":"https:\/\/brandss.com.py\/index\/wp-json\/wp\/v2\/product"}],"about":[{"href":"https:\/\/brandss.com.py\/index\/wp-json\/wp\/v2\/types\/product"}],"replies":[{"embeddable":true,"href":"https:\/\/brandss.com.py\/index\/wp-json\/wp\/v2\/comments?post=103234"}],"version-history":[{"count":1,"href":"https:\/\/brandss.com.py\/index\/wp-json\/wp\/v2\/product\/103234\/revisions"}],"predecessor-version":[{"id":103242,"href":"https:\/\/brandss.com.py\/index\/wp-json\/wp\/v2\/product\/103234\/revisions\/103242"}],"wp:featuredmedia":[{"embeddable":true,"href":"https:\/\/brandss.com.py\/index\/wp-json\/wp\/v2\/media\/103235"}],"wp:attachment":[{"href":"https:\/\/brandss.com.py\/index\/wp-json\/wp\/v2\/media?parent=103234"}],"wp:term":[{"taxonomy":"product_brand","embeddable":true,"href":"https:\/\/brandss.com.py\/index\/wp-json\/wp\/v2\/product_brand?post=103234"},{"taxonomy":"product_cat","embeddable":true,"href":"https:\/\/brandss.com.py\/index\/wp-json\/wp\/v2\/product_cat?post=103234"},{"taxonomy":"product_tag","embeddable":true,"href":"https:\/\/brandss.com.py\/index\/wp-json\/wp\/v2\/product_tag?post=103234"}],"curies":[{"name":"wp","href":"https:\/\/api.w.org\/{rel}","templated":true}]}}