{"id":103251,"date":"2026-05-04T13:30:11","date_gmt":"2026-05-04T13:30:11","guid":{"rendered":"https:\/\/brandss.com.py\/index\/?post_type=product&#038;p=103251"},"modified":"2026-05-04T13:30:32","modified_gmt":"2026-05-04T13:30:32","slug":"perfume-femenino-prestigious-parfums-paris-senatus-white-edp-100ml","status":"publish","type":"product","link":"https:\/\/brandss.com.py\/index\/producto\/perfume-femenino-prestigious-parfums-paris-senatus-white-edp-100ml\/","title":{"rendered":"PERFUME FEMENINO PRESTIGIOUS PARFUMS PARIS SENATUS WHITE EDP 100ML"},"content":{"rendered":"<p><img loading=\"lazy\" decoding=\"async\" class=\"\" src=\"https:\/\/i0.wp.com\/www.prestigeparfums.com\/wp-content\/uploads\/2023\/03\/logo-noir.png?fit=300%2C177&amp;ssl=1\" alt=\"Prestige Parfums Paris - Established in Paris in 1978\" width=\"136\" height=\"80\" \/><\/p>\n<h1>SENATUS WHITE<\/h1>\n<h5><em>Una fragancia hechizante<\/em><\/h5>\n<p>Es la m\u00e1xima expresi\u00f3n de clase y prestigio. Esta impresionante fragancia para mujer es la elecci\u00f3n perfecta para la dama distinguida.<\/p>\n<p>&nbsp;<\/p>\n<h3>Notas Olfativas<\/h3>\n<p>&nbsp;<\/p>\n<div><span dir=\"auto\">Esta fragancia es ligera, luminosa y cautivadora. Las notas de salida de c\u00edtricos como la bergamota y la mandarina se combinan con un toque de azahar. El coraz\u00f3n revela un bouquet floral compuesto por mimosa, rosa e ylang-ylang que aportan un toque de dulzura. La base es voluptuosa, con una mezcla de almizcle blanco, haba tonka, pachul\u00ed y vainilla.<\/span><\/div>\n<div>\n<div><\/div>\n<div><span dir=\"auto\"><strong>Notas de salida:<\/strong> mandarina, bergamota, flor de naranjo.<\/span><\/div>\n<div><span dir=\"auto\"><strong>Notas de coraz\u00f3n:<\/strong> mimosa, rosa, ylang-ylang.<\/span><\/div>\n<div><span dir=\"auto\"><strong>Nota de fondo:<\/strong> almizcle blanco, haba tonka, vainilla, pachul\u00ed.<\/span><\/div>\n<div><\/div>\n<\/div>\n","protected":false},"excerpt":{"rendered":"<p>SENATUS WHITE Una fragancia hechizante Es la m\u00e1xima expresi\u00f3n de clase y prestigio. Esta impresionante fragancia para mujer es la<\/p>\n","protected":false},"featured_media":103252,"comment_status":"open","ping_status":"closed","template":"","meta":{"nf_dc_page":""},"product_brand":[2627],"product_cat":[84],"product_tag":[3655],"class_list":{"0":"post-103251","1":"product","2":"type-product","3":"status-publish","4":"has-post-thumbnail","6":"product_brand-prestigious","7":"product_cat-perfumeria","8":"product_tag-3655","10":"first","11":"instock","12":"shipping-taxable","13":"purchasable","14":"product-type-simple"},"_links":{"self":[{"href":"https:\/\/brandss.com.py\/index\/wp-json\/wp\/v2\/product\/103251","targetHints":{"allow":["GET"]}}],"collection":[{"href":"https:\/\/brandss.com.py\/index\/wp-json\/wp\/v2\/product"}],"about":[{"href":"https:\/\/brandss.com.py\/index\/wp-json\/wp\/v2\/types\/product"}],"replies":[{"embeddable":true,"href":"https:\/\/brandss.com.py\/index\/wp-json\/wp\/v2\/comments?post=103251"}],"version-history":[{"count":1,"href":"https:\/\/brandss.com.py\/index\/wp-json\/wp\/v2\/product\/103251\/revisions"}],"predecessor-version":[{"id":103256,"href":"https:\/\/brandss.com.py\/index\/wp-json\/wp\/v2\/product\/103251\/revisions\/103256"}],"wp:featuredmedia":[{"embeddable":true,"href":"https:\/\/brandss.com.py\/index\/wp-json\/wp\/v2\/media\/103252"}],"wp:attachment":[{"href":"https:\/\/brandss.com.py\/index\/wp-json\/wp\/v2\/media?parent=103251"}],"wp:term":[{"taxonomy":"product_brand","embeddable":true,"href":"https:\/\/brandss.com.py\/index\/wp-json\/wp\/v2\/product_brand?post=103251"},{"taxonomy":"product_cat","embeddable":true,"href":"https:\/\/brandss.com.py\/index\/wp-json\/wp\/v2\/product_cat?post=103251"},{"taxonomy":"product_tag","embeddable":true,"href":"https:\/\/brandss.com.py\/index\/wp-json\/wp\/v2\/product_tag?post=103251"}],"curies":[{"name":"wp","href":"https:\/\/api.w.org\/{rel}","templated":true}]}}