{"id":103257,"date":"2026-05-04T14:17:58","date_gmt":"2026-05-04T14:17:58","guid":{"rendered":"https:\/\/brandss.com.py\/index\/?post_type=product&#038;p=103257"},"modified":"2026-05-04T14:18:14","modified_gmt":"2026-05-04T14:18:14","slug":"perfume-masculino-elysees-fashion-private-man-club-edp-100ml","status":"publish","type":"product","link":"https:\/\/brandss.com.py\/index\/producto\/perfume-masculino-elysees-fashion-private-man-club-edp-100ml\/","title":{"rendered":"PERFUME MASCULINO ELYSEES FASHION PRIVATE MAN CLUB EDP 100ML"},"content":{"rendered":"<p><img loading=\"lazy\" decoding=\"async\" class=\"\" src=\"https:\/\/perfumeunlimited.com\/media\/codazon_cache\/brand\/400x400\/wysiwyg\/Elysees_Fashion.png\" alt=\"PERFUME MASCULINO ELYSEES FASHION FEEL MAGIC EDP 100ML \u2013 Brands\" width=\"116\" height=\"116\" \/><\/p>\n<h1>PRIVATE MAN CLUB<\/h1>\n<p>Es una fragancia cautivadora creada con esmero para el hombre moderno. Sum\u00e9rgete en un mundo de sofisticaci\u00f3n con esta fragancia que encapsula la esencia de la elegancia y la masculinidad.<\/p>\n<p>Libera tu confianza interior y deja una huella imborrable con el perfume Private Man Club y descubre el arte de la perfumer\u00eda con una fragancia que define la sofisticaci\u00f3n y el encanto.<\/p>\n<p><img loading=\"lazy\" decoding=\"async\" class=\"alignleft\" src=\"https:\/\/cdn2.jomashop.com\/media\/catalog\/product\/cache\/b3e31d40bbb1abcc90b26106659d5d3f\/e\/l\/elysees-fashion-mens-private-man-club-edp-spray-34-oz-fragrances-3551440578026_7.jpg?width=800&amp;height=800\" width=\"520\" height=\"520\" \/><\/p>\n<h3>Notas Olfativas<\/h3>\n<p>&nbsp;<\/p>\n<p><span dir=\"auto\">Private Man Club se abre con una vibrante explosi\u00f3n de notas de salida que incluyen lim\u00f3n c\u00edtrico, bergamota refrescante, manzana crujiente, frambuesa dulce y cardamomo especiado. Estos aromas revitalizantes preparan el terreno para una experiencia olfativa a la vez vivaz e intrigante.<\/span><\/p>\n<p><span dir=\"auto\">En esencia, este perfume revela una armoniosa fusi\u00f3n del encanto floral del jazm\u00edn, la riqueza terrosa del pachul\u00ed y el singular aroma del an\u00eds. Estas notas de coraz\u00f3n crean un aroma sofisticado y cautivador que embriaga los sentidos.<\/span><\/p>\n<p><span dir=\"auto\">Las notas de fondo de esta exquisita fragancia son profundas y sensuales, con la calidez de los tonos amaderados, la dulzura cremosa de la vainilla, el rico encanto del \u00e1mbar y el sutil aroma almizclado. Estos aromas persistentes dejan una impresi\u00f3n duradera, convirtiendo esta fragancia en la opci\u00f3n ideal para cualquier ocasi\u00f3n.<\/span><\/p>\n<p><strong><span dir=\"auto\">Notas de salida:<\/span><\/strong><span dir=\"auto\"> manzana, bergamota, cardamomo, lim\u00f3n, frambuesa.<\/span><\/p>\n<p><strong><span dir=\"auto\">Notas de coraz\u00f3n:<\/span><\/strong><span dir=\"auto\"> an\u00eds, jazm\u00edn, pachul\u00ed.<\/span><\/p>\n<p><strong><span dir=\"auto\">Notas de fondo:<\/span><\/strong><span dir=\"auto\"> \u00e1mbar, almizcle, vainilla, notas amaderadas.<\/span><\/p>\n","protected":false},"excerpt":{"rendered":"<p>PRIVATE MAN CLUB Es una fragancia cautivadora creada con esmero para el hombre moderno. Sum\u00e9rgete en un mundo de sofisticaci\u00f3n<\/p>\n","protected":false},"featured_media":103258,"comment_status":"open","ping_status":"closed","template":"","meta":{"nf_dc_page":""},"product_brand":[2633],"product_cat":[84],"product_tag":[3656],"class_list":{"0":"post-103257","1":"product","2":"type-product","3":"status-publish","4":"has-post-thumbnail","6":"product_brand-elysees-fashion","7":"product_cat-perfumeria","8":"product_tag-3656","10":"first","11":"instock","12":"shipping-taxable","13":"purchasable","14":"product-type-simple"},"_links":{"self":[{"href":"https:\/\/brandss.com.py\/index\/wp-json\/wp\/v2\/product\/103257","targetHints":{"allow":["GET"]}}],"collection":[{"href":"https:\/\/brandss.com.py\/index\/wp-json\/wp\/v2\/product"}],"about":[{"href":"https:\/\/brandss.com.py\/index\/wp-json\/wp\/v2\/types\/product"}],"replies":[{"embeddable":true,"href":"https:\/\/brandss.com.py\/index\/wp-json\/wp\/v2\/comments?post=103257"}],"version-history":[{"count":1,"href":"https:\/\/brandss.com.py\/index\/wp-json\/wp\/v2\/product\/103257\/revisions"}],"predecessor-version":[{"id":103262,"href":"https:\/\/brandss.com.py\/index\/wp-json\/wp\/v2\/product\/103257\/revisions\/103262"}],"wp:featuredmedia":[{"embeddable":true,"href":"https:\/\/brandss.com.py\/index\/wp-json\/wp\/v2\/media\/103258"}],"wp:attachment":[{"href":"https:\/\/brandss.com.py\/index\/wp-json\/wp\/v2\/media?parent=103257"}],"wp:term":[{"taxonomy":"product_brand","embeddable":true,"href":"https:\/\/brandss.com.py\/index\/wp-json\/wp\/v2\/product_brand?post=103257"},{"taxonomy":"product_cat","embeddable":true,"href":"https:\/\/brandss.com.py\/index\/wp-json\/wp\/v2\/product_cat?post=103257"},{"taxonomy":"product_tag","embeddable":true,"href":"https:\/\/brandss.com.py\/index\/wp-json\/wp\/v2\/product_tag?post=103257"}],"curies":[{"name":"wp","href":"https:\/\/api.w.org\/{rel}","templated":true}]}}