{"id":103263,"date":"2026-05-04T16:17:20","date_gmt":"2026-05-04T16:17:20","guid":{"rendered":"https:\/\/brandss.com.py\/index\/?post_type=product&#038;p=103263"},"modified":"2026-05-04T16:18:55","modified_gmt":"2026-05-04T16:18:55","slug":"perfume-femnino-elysees-fashion-douce-nuit-edp-100ml","status":"publish","type":"product","link":"https:\/\/brandss.com.py\/index\/producto\/perfume-femnino-elysees-fashion-douce-nuit-edp-100ml\/","title":{"rendered":"PERFUME FEMNINO ELYSEES FASHION DOUCE NUIT EDP 100ML"},"content":{"rendered":"<p><img loading=\"lazy\" decoding=\"async\" class=\"\" src=\"https:\/\/perfumeunlimited.com\/media\/codazon_cache\/brand\/400x400\/wysiwyg\/Elysees_Fashion.png\" alt=\"PERFUME MASCULINO ELYSEES FASHION FEEL MAGIC EDP 100ML \u2013 Brands\" width=\"88\" height=\"88\" \/><\/p>\n<h1>DOUCE NUIT<\/h1>\n<p>Damas, un hombre no recordar\u00e1 su bolso, \u00a1pero sin duda recordar\u00e1 su perfume! Descubran Douce Nuit, una fragancia seductora creada para la diva moderna. Brillante y misteriosa, cautiva, encanta y seduce.<img loading=\"lazy\" decoding=\"async\" class=\"alignleft\" src=\"https:\/\/i0.wp.com\/www.prestigeparfums.com\/wp-content\/uploads\/2017\/09\/douce-nuit.png?fit=1002%2C811&amp;ssl=1\" width=\"684\" height=\"554\" \/><\/p>\n<p>Una mujer que usa esta fragancia es atractiva hoy, encantadora ma\u00f1ana, siempre seductora e invencible para todos los que se cruzan en su camino. Magnetismo, pasi\u00f3n y seducci\u00f3n: todo esto reside en cada gota de Douce Nuit.<\/p>\n<p>&nbsp;<\/p>\n<h3>Notas Olfativas<\/h3>\n<p>&nbsp;<\/p>\n<p>Douce Nuit es una fragancia dominante, irresistible y audaz, que combina sue\u00f1o, fantas\u00eda y realidad. Su mezcla de caramelo, grosella negra y frambuesa la hace dulce y deliciosa. El coraz\u00f3n de la fragancia presenta uno de los ingredientes m\u00e1s emblem\u00e1ticos de la perfumer\u00eda femenina: la rosa damascena, conocida por encarnar el romanticismo y la sensualidad. La rosa se desvanece en un aroma a flor de naranjo y un rastro amaderado con bois blanc, finalizando con \u00e1mbar y un toque de vainilla.<\/p>\n<p><strong><span dir=\"auto\">Notas de salida:<\/span><\/strong><span dir=\"auto\"> caramelo, grosella negra, frambuesa.<\/span><\/p>\n<p><strong><span dir=\"auto\">Notas de coraz\u00f3n:<\/span><\/strong><span dir=\"auto\"> rosa, madera blanca, flor de naranjo.<\/span><\/p>\n<p><strong><span dir=\"auto\">Notas de fondo:<\/span><\/strong><span dir=\"auto\"> \u00e1mbar, vainilla.<\/span><\/p>\n","protected":false},"excerpt":{"rendered":"<p>DOUCE NUIT Damas, un hombre no recordar\u00e1 su bolso, \u00a1pero sin duda recordar\u00e1 su perfume! Descubran Douce Nuit, una fragancia<\/p>\n","protected":false},"featured_media":103264,"comment_status":"open","ping_status":"closed","template":"","meta":{"nf_dc_page":""},"product_brand":[2633],"product_cat":[84],"product_tag":[3657],"class_list":{"0":"post-103263","1":"product","2":"type-product","3":"status-publish","4":"has-post-thumbnail","6":"product_brand-elysees-fashion","7":"product_cat-perfumeria","8":"product_tag-3657","10":"first","11":"instock","12":"shipping-taxable","13":"purchasable","14":"product-type-simple"},"_links":{"self":[{"href":"https:\/\/brandss.com.py\/index\/wp-json\/wp\/v2\/product\/103263","targetHints":{"allow":["GET"]}}],"collection":[{"href":"https:\/\/brandss.com.py\/index\/wp-json\/wp\/v2\/product"}],"about":[{"href":"https:\/\/brandss.com.py\/index\/wp-json\/wp\/v2\/types\/product"}],"replies":[{"embeddable":true,"href":"https:\/\/brandss.com.py\/index\/wp-json\/wp\/v2\/comments?post=103263"}],"version-history":[{"count":1,"href":"https:\/\/brandss.com.py\/index\/wp-json\/wp\/v2\/product\/103263\/revisions"}],"predecessor-version":[{"id":103268,"href":"https:\/\/brandss.com.py\/index\/wp-json\/wp\/v2\/product\/103263\/revisions\/103268"}],"wp:featuredmedia":[{"embeddable":true,"href":"https:\/\/brandss.com.py\/index\/wp-json\/wp\/v2\/media\/103264"}],"wp:attachment":[{"href":"https:\/\/brandss.com.py\/index\/wp-json\/wp\/v2\/media?parent=103263"}],"wp:term":[{"taxonomy":"product_brand","embeddable":true,"href":"https:\/\/brandss.com.py\/index\/wp-json\/wp\/v2\/product_brand?post=103263"},{"taxonomy":"product_cat","embeddable":true,"href":"https:\/\/brandss.com.py\/index\/wp-json\/wp\/v2\/product_cat?post=103263"},{"taxonomy":"product_tag","embeddable":true,"href":"https:\/\/brandss.com.py\/index\/wp-json\/wp\/v2\/product_tag?post=103263"}],"curies":[{"name":"wp","href":"https:\/\/api.w.org\/{rel}","templated":true}]}}