{"id":103270,"date":"2026-05-04T16:56:38","date_gmt":"2026-05-04T16:56:38","guid":{"rendered":"https:\/\/brandss.com.py\/index\/?post_type=product&#038;p=103270"},"modified":"2026-05-04T16:57:05","modified_gmt":"2026-05-04T16:57:05","slug":"perfume-femenino-elysees-fashion-elisee-garden-edp-100ml","status":"publish","type":"product","link":"https:\/\/brandss.com.py\/index\/producto\/perfume-femenino-elysees-fashion-elisee-garden-edp-100ml\/","title":{"rendered":"PERFUME FEMENINO ELYSEES FASHION ELISEE GARDEN EDP 100ML"},"content":{"rendered":"<p><img loading=\"lazy\" decoding=\"async\" class=\"\" src=\"https:\/\/perfumeunlimited.com\/media\/codazon_cache\/brand\/400x400\/wysiwyg\/Elysees_Fashion.png\" alt=\"PERFUME MASCULINO ELYSEES FASHION FEEL MAGIC EDP 100ML \u2013 Brands\" width=\"103\" height=\"103\" \/><\/p>\n<h1>GARDEN<\/h1>\n<p>Una fragancia majestuosa, atemporal y legendaria dedicada a la mujer madura. Es una de las fragancias m\u00e1s vendidas del mundo, que cautiva ahora y siempre con su encanto ic\u00f3nico. Esta fragancia noble y s\u00f3lida trasciende las modas pasajeras y encarna los cl\u00e1sicos atemporales, el lujo sutil, la elegancia y la sofisticaci\u00f3n. Su sutileza atrae como un im\u00e1n y reafirma la verdad universal de que la verdadera belleza reside en la sencillez.<img loading=\"lazy\" decoding=\"async\" class=\"alignleft\" src=\"https:\/\/i0.wp.com\/www.prestigeparfums.com\/wp-content\/uploads\/2017\/09\/Elysees-Garden.jpg?w=1080&amp;ssl=1\" width=\"610\" height=\"610\" \/><\/p>\n<p>Es un lujoso ramo floral ba\u00f1ado en frescura cl\u00e1sica, cuyas flores lo envuelven como un suave y elegante velo, revelando la verdadera esencia de la feminidad. Esta m\u00e1gica fragancia refleja a la perfecci\u00f3n la claridad de pensamiento y la seguridad en s\u00ed misma de toda mujer, transform\u00e1ndola instant\u00e1neamente en una femme fatale. As\u00ed huele una mujer que respira lujo y feminidad. \u00a1La dama pasa, y el schleif permanece!<\/p>\n<p>&nbsp;<\/p>\n<h3>Notas Olfativas<\/h3>\n<p>Elys\u00e9e Garden es una fragancia frutal y jugosa que se transforma gradualmente en un aroma m\u00e1s floral y gourmand, dejando tras de s\u00ed una estela amaderada y refinada. Las notas de salida son melocot\u00f3n y bergamota; las notas de coraz\u00f3n son caramelo, magnolia, flor de naranjo, violeta y una generosa cantidad de jazm\u00edn indio; finalmente, la vainilla aporta estructura, mientras que un toque de almizcle blanco preserva su pureza.<\/p>\n<p><strong><span dir=\"auto\">Notas de salida:<\/span><\/strong><span dir=\"auto\"> bergamota, melocot\u00f3n.<\/span><\/p>\n<p><strong><span dir=\"auto\">Notas de coraz\u00f3n:<\/span><\/strong><span dir=\"auto\"> iris, ciclamen, jazm\u00edn, magnolia, flor de naranjo, violetas.<\/span><\/p>\n<p><strong><span dir=\"auto\">Notas de fondo:<\/span><\/strong><span dir=\"auto\"> almizcle moderno, vainilla.<\/span><\/p>\n","protected":false},"excerpt":{"rendered":"<p>GARDEN Una fragancia majestuosa, atemporal y legendaria dedicada a la mujer madura. Es una de las fragancias m\u00e1s vendidas del<\/p>\n","protected":false},"featured_media":103271,"comment_status":"open","ping_status":"closed","template":"","meta":{"nf_dc_page":""},"product_brand":[2633],"product_cat":[84],"product_tag":[3658],"class_list":{"0":"post-103270","1":"product","2":"type-product","3":"status-publish","4":"has-post-thumbnail","6":"product_brand-elysees-fashion","7":"product_cat-perfumeria","8":"product_tag-3658","10":"first","11":"instock","12":"shipping-taxable","13":"purchasable","14":"product-type-simple"},"_links":{"self":[{"href":"https:\/\/brandss.com.py\/index\/wp-json\/wp\/v2\/product\/103270","targetHints":{"allow":["GET"]}}],"collection":[{"href":"https:\/\/brandss.com.py\/index\/wp-json\/wp\/v2\/product"}],"about":[{"href":"https:\/\/brandss.com.py\/index\/wp-json\/wp\/v2\/types\/product"}],"replies":[{"embeddable":true,"href":"https:\/\/brandss.com.py\/index\/wp-json\/wp\/v2\/comments?post=103270"}],"version-history":[{"count":1,"href":"https:\/\/brandss.com.py\/index\/wp-json\/wp\/v2\/product\/103270\/revisions"}],"predecessor-version":[{"id":103275,"href":"https:\/\/brandss.com.py\/index\/wp-json\/wp\/v2\/product\/103270\/revisions\/103275"}],"wp:featuredmedia":[{"embeddable":true,"href":"https:\/\/brandss.com.py\/index\/wp-json\/wp\/v2\/media\/103271"}],"wp:attachment":[{"href":"https:\/\/brandss.com.py\/index\/wp-json\/wp\/v2\/media?parent=103270"}],"wp:term":[{"taxonomy":"product_brand","embeddable":true,"href":"https:\/\/brandss.com.py\/index\/wp-json\/wp\/v2\/product_brand?post=103270"},{"taxonomy":"product_cat","embeddable":true,"href":"https:\/\/brandss.com.py\/index\/wp-json\/wp\/v2\/product_cat?post=103270"},{"taxonomy":"product_tag","embeddable":true,"href":"https:\/\/brandss.com.py\/index\/wp-json\/wp\/v2\/product_tag?post=103270"}],"curies":[{"name":"wp","href":"https:\/\/api.w.org\/{rel}","templated":true}]}}