{"id":103276,"date":"2026-05-04T17:39:36","date_gmt":"2026-05-04T17:39:36","guid":{"rendered":"https:\/\/brandss.com.py\/index\/?post_type=product&#038;p=103276"},"modified":"2026-05-04T17:55:04","modified_gmt":"2026-05-04T17:55:04","slug":"perfume-femenino-jack-hope-paris-sweet-feeling-glow-edp-100ml","status":"publish","type":"product","link":"https:\/\/brandss.com.py\/index\/producto\/perfume-femenino-jack-hope-paris-sweet-feeling-glow-edp-100ml\/","title":{"rendered":"PERFUME FEMENINO JACK HOPE PARIS SWEET FEELING GLOW EDP 100ML"},"content":{"rendered":"<p><img decoding=\"async\" src=\"https:\/\/brandss.com.py\/index\/wp-content\/uploads\/2026\/04\/JACK-150x66.png\" \/><\/p>\n<h1>SWEET FEELING GLOW<\/h1>\n<p>Es una fragancia femenina que destaca por su car\u00e1cter dulce, luminoso y elegante, perfecta para mujeres que quieren dejar una impresi\u00f3n delicada pero inolvidable.\u00a0 Sweet Feeling Glow es una fragancia radiante y femenina, con un equilibrio entre dulzura y frescura. Es envolvente sin ser pesada, ideal para destacar con elegancia.<\/p>\n<p><img loading=\"lazy\" decoding=\"async\" class=\"size-medium wp-image-103277 alignleft\" src=\"https:\/\/brandss.com.py\/index\/wp-content\/uploads\/2026\/05\/SWEET-300x300.png\" alt=\"\" width=\"300\" height=\"300\" srcset=\"https:\/\/brandss.com.py\/index\/wp-content\/uploads\/2026\/05\/SWEET-300x300.png 300w, https:\/\/brandss.com.py\/index\/wp-content\/uploads\/2026\/05\/SWEET-150x150.png 150w, https:\/\/brandss.com.py\/index\/wp-content\/uploads\/2026\/05\/SWEET-430x430.png 430w, https:\/\/brandss.com.py\/index\/wp-content\/uploads\/2026\/05\/SWEET.png 600w\" sizes=\"auto, (max-width: 300px) 100vw, 300px\" \/><\/p>\n<h3>Notas Olfativas<\/h3>\n<p>&nbsp;<\/p>\n<p>Sweet Feeling Glow\u00a0de\u00a0Jack Hope es una fragancia de la familia olfativa floral frutal gourmand para mujeres. Esta fragancia audaz e inquebrantable presenta notas intensas de naranja, manzana, melocot\u00f3n y caramelo que se fusionan con esencias de madera de cedro, \u00e1mbar, musgo, almizcle y cuero. El coraz\u00f3n floral de jazm\u00edn, fresia y lirio del valle crea el equilibrio perfecto. Como un b\u00e1lsamo de luminosidad, este eau de parfum crea una identidad olfativa magn\u00e9tica y \u00fanica.<\/p>\n<p><strong>Notas de salida:<\/strong> caramelo, naranja, durazno (melocot\u00f3n), manzana.<\/p>\n<p><strong>Notas de coraz\u00f3n:<\/strong> lirio de los valles (muguete), jazm\u00edn, fresia.<\/p>\n<p><strong>Notas de fondo:<\/strong> cuero, cedro, \u00e1mbar, almizcle, musgo.<\/p>\n","protected":false},"excerpt":{"rendered":"<p>SWEET FEELING GLOW Es una fragancia femenina que destaca por su car\u00e1cter dulce, luminoso y elegante, perfecta para mujeres que<\/p>\n","protected":false},"featured_media":103278,"comment_status":"open","ping_status":"closed","template":"","meta":{"nf_dc_page":""},"product_brand":[3536],"product_cat":[84],"product_tag":[3659],"class_list":{"0":"post-103276","1":"product","2":"type-product","3":"status-publish","4":"has-post-thumbnail","6":"product_brand-jack-hope","7":"product_cat-perfumeria","8":"product_tag-3659","10":"first","11":"instock","12":"shipping-taxable","13":"purchasable","14":"product-type-simple"},"_links":{"self":[{"href":"https:\/\/brandss.com.py\/index\/wp-json\/wp\/v2\/product\/103276","targetHints":{"allow":["GET"]}}],"collection":[{"href":"https:\/\/brandss.com.py\/index\/wp-json\/wp\/v2\/product"}],"about":[{"href":"https:\/\/brandss.com.py\/index\/wp-json\/wp\/v2\/types\/product"}],"replies":[{"embeddable":true,"href":"https:\/\/brandss.com.py\/index\/wp-json\/wp\/v2\/comments?post=103276"}],"version-history":[{"count":1,"href":"https:\/\/brandss.com.py\/index\/wp-json\/wp\/v2\/product\/103276\/revisions"}],"predecessor-version":[{"id":103283,"href":"https:\/\/brandss.com.py\/index\/wp-json\/wp\/v2\/product\/103276\/revisions\/103283"}],"wp:featuredmedia":[{"embeddable":true,"href":"https:\/\/brandss.com.py\/index\/wp-json\/wp\/v2\/media\/103278"}],"wp:attachment":[{"href":"https:\/\/brandss.com.py\/index\/wp-json\/wp\/v2\/media?parent=103276"}],"wp:term":[{"taxonomy":"product_brand","embeddable":true,"href":"https:\/\/brandss.com.py\/index\/wp-json\/wp\/v2\/product_brand?post=103276"},{"taxonomy":"product_cat","embeddable":true,"href":"https:\/\/brandss.com.py\/index\/wp-json\/wp\/v2\/product_cat?post=103276"},{"taxonomy":"product_tag","embeddable":true,"href":"https:\/\/brandss.com.py\/index\/wp-json\/wp\/v2\/product_tag?post=103276"}],"curies":[{"name":"wp","href":"https:\/\/api.w.org\/{rel}","templated":true}]}}