{"id":103290,"date":"2026-05-04T19:04:51","date_gmt":"2026-05-04T19:04:51","guid":{"rendered":"https:\/\/brandss.com.py\/index\/?post_type=product&#038;p=103290"},"modified":"2026-05-04T19:05:25","modified_gmt":"2026-05-04T19:05:25","slug":"perfume-masculino-prestige-parfums-count-edp-100ml","status":"publish","type":"product","link":"https:\/\/brandss.com.py\/index\/producto\/perfume-masculino-prestige-parfums-count-edp-100ml\/","title":{"rendered":"PERFUME MASCULINO PRESTIGE PARFUMS COUNT EDP 100ML"},"content":{"rendered":"<p><img loading=\"lazy\" decoding=\"async\" class=\"\" src=\"https:\/\/i0.wp.com\/www.prestigeparfums.com\/wp-content\/uploads\/2023\/03\/logo-noir.png?fit=300%2C177&amp;ssl=1\" alt=\"Prestige Parfums Paris - Established in Paris in 1978\" width=\"78\" height=\"46\" \/><\/p>\n<h1>COUNT<\/h1>\n<p data-start=\"142\" data-end=\"312\">Es una fragancia masculina que destaca por su estilo cl\u00e1sico, elegante y sofisticado, pensada para hombres que buscan un aroma limpio pero con car\u00e1cter. Su composici\u00f3n combina notas frescas con un fondo amaderado que transmite seguridad, masculinidad y presencia.<\/p>\n<p data-start=\"142\" data-end=\"312\">\n<h3 data-start=\"142\" data-end=\"312\">Notas Olfativas<\/h3>\n<p>&nbsp;<\/p>\n<p data-start=\"142\" data-end=\"312\">Count es una fragancia de la familia olfativa Amaderada Arom\u00e1tica para Hombres. Fragancia excepcional que simboliza la masculinidad y la elegancia. Acordes de bergamota y or\u00e9gano, que evolucionan gradualmente hacia el aroma de la lavanda. Finalmente, se perciben notas de cedro y s\u00e1ndalo.<\/p>\n<p data-start=\"142\" data-end=\"312\"><strong>Notas de salida:<\/strong> bergamota, lim\u00f3n (lima \u00e1cida).<\/p>\n<p data-start=\"142\" data-end=\"312\"><strong>Notas de coraz\u00f3n:<\/strong> lavanda, mejorana.<\/p>\n<p data-start=\"142\" data-end=\"312\"><strong>Notas de fondo:<\/strong> s\u00e1ndalo, cedro.<\/p>\n","protected":false},"excerpt":{"rendered":"<p>COUNT Es una fragancia masculina que destaca por su estilo cl\u00e1sico, elegante y sofisticado, pensada para hombres que buscan un<\/p>\n","protected":false},"featured_media":103291,"comment_status":"open","ping_status":"closed","template":"","meta":{"nf_dc_page":""},"product_brand":[3661],"product_cat":[84],"product_tag":[3662],"class_list":{"0":"post-103290","1":"product","2":"type-product","3":"status-publish","4":"has-post-thumbnail","6":"product_brand-prestige-parfums","7":"product_cat-perfumeria","8":"product_tag-3662","10":"first","11":"instock","12":"shipping-taxable","13":"purchasable","14":"product-type-simple"},"_links":{"self":[{"href":"https:\/\/brandss.com.py\/index\/wp-json\/wp\/v2\/product\/103290","targetHints":{"allow":["GET"]}}],"collection":[{"href":"https:\/\/brandss.com.py\/index\/wp-json\/wp\/v2\/product"}],"about":[{"href":"https:\/\/brandss.com.py\/index\/wp-json\/wp\/v2\/types\/product"}],"replies":[{"embeddable":true,"href":"https:\/\/brandss.com.py\/index\/wp-json\/wp\/v2\/comments?post=103290"}],"version-history":[{"count":1,"href":"https:\/\/brandss.com.py\/index\/wp-json\/wp\/v2\/product\/103290\/revisions"}],"predecessor-version":[{"id":103294,"href":"https:\/\/brandss.com.py\/index\/wp-json\/wp\/v2\/product\/103290\/revisions\/103294"}],"wp:featuredmedia":[{"embeddable":true,"href":"https:\/\/brandss.com.py\/index\/wp-json\/wp\/v2\/media\/103291"}],"wp:attachment":[{"href":"https:\/\/brandss.com.py\/index\/wp-json\/wp\/v2\/media?parent=103290"}],"wp:term":[{"taxonomy":"product_brand","embeddable":true,"href":"https:\/\/brandss.com.py\/index\/wp-json\/wp\/v2\/product_brand?post=103290"},{"taxonomy":"product_cat","embeddable":true,"href":"https:\/\/brandss.com.py\/index\/wp-json\/wp\/v2\/product_cat?post=103290"},{"taxonomy":"product_tag","embeddable":true,"href":"https:\/\/brandss.com.py\/index\/wp-json\/wp\/v2\/product_tag?post=103290"}],"curies":[{"name":"wp","href":"https:\/\/api.w.org\/{rel}","templated":true}]}}