{"id":103305,"date":"2026-05-05T11:51:22","date_gmt":"2026-05-05T11:51:22","guid":{"rendered":"https:\/\/brandss.com.py\/index\/?post_type=product&#038;p=103305"},"modified":"2026-05-05T11:51:43","modified_gmt":"2026-05-05T11:51:43","slug":"limpiador-facial-skin1004-madagascar-centella-poremizing-deep-foam-125ml","status":"publish","type":"product","link":"https:\/\/brandss.com.py\/index\/producto\/limpiador-facial-skin1004-madagascar-centella-poremizing-deep-foam-125ml\/","title":{"rendered":"LIMPIADOR FACIAL SKIN1004 MADAGASCAR CENTELLA POREMIZING DEEP FOAM 125ML"},"content":{"rendered":"<p><img loading=\"lazy\" decoding=\"async\" class=\"\" src=\"https:\/\/heyskinday.com\/cdn\/shop\/collections\/skin1004_logo.png?v=1714498278\" alt=\"S\u00c9RUM FACIAL SKIN1004 MADAGASCAR CENTELLA TONE BRIGHTENING CAPSULE AMPOULE  50ML \u2013 Brands\" width=\"111\" height=\"111\" \/><\/p>\n<h1>POREMIZING DEEP FOAM<\/h1>\n<p><span dir=\"auto\">Experimenta una limpieza profunda pero suave con SKIN1004 Madagascar Centella Poremizing Deep Cleansing Foam, un limpiador rico y cremoso formulado con sal rosa del Himalaya, caol\u00edn y papa\u00edna para absorber el exceso de sebo, eliminar impurezas y exfoliar las c\u00e9lulas muertas sin resecar la piel. Este limpiador todo en uno crea una lujosa espuma que elimina eficazmente la suciedad, la grasa y los residuos de protector solar, mientras que el extracto de Centella Asi\u00e1tica calma y fortalece la barrera cut\u00e1nea.<img loading=\"lazy\" decoding=\"async\" class=\"alignleft\" src=\"https:\/\/www.maquibeauty.com\/images\/productos\/skin1004-espuma-limpiadora-con-centella-asiatica-de-madagascar-4-86364.jpeg\" width=\"420\" height=\"474\" \/><\/span><\/p>\n<p><span dir=\"auto\">La arcilla de caol\u00edn act\u00faa como un im\u00e1n para desintoxicar los poros, mientras que la enzima papa\u00edna y el extracto de manzana proporcionan una exfoliaci\u00f3n suave para una tez m\u00e1s clara y refinada. Perfecta para pieles grasas, normales y mixtas, esta f\u00f3rmula minimizadora de poros deja la piel suave, fresca y equilibrada despu\u00e9s de cada lavado.<\/span><\/p>\n<p><span dir=\"auto\">La f\u00f3rmula <\/span><span dir=\"auto\">de Madagascar Centella Poremizing Deep Cleansing Foam<\/span><span dir=\"auto\">\u00a0tiene una textura cremosa que se transforma en una espuma suave y rica. Se adhiere a la piel y elimina todas las impurezas, desobstruyendo los poros y alis\u00e1ndola suavemente.<\/span><\/p>\n<p><span dir=\"auto\">Decubra toda la l\u00ednea <\/span><span dir=\"auto\">Poremizing<\/span><span dir=\"auto\">\u00a0a base de\u00a0<\/span><span dir=\"auto\">sal rosa del Himalaya<\/span><span dir=\"auto\">\u00a0y\u00a0<\/span><span dir=\"auto\">centella asi\u00e1tica<\/span><span dir=\"auto\">\u00a0de Madagascar para una l\u00ednea completa de productos que definen\u00a0<\/span><span dir=\"auto\">los poros dilatados<\/span><span dir=\"auto\">\u00a0y restauran la elasticidad y el tono de la piel.\u00a0<\/span><\/p>\n<h3><\/h3>\n<h3>Ingredientes clave<\/h3>\n<p>&nbsp;<\/p>\n<p><strong><span dir=\"auto\">Extracto <\/span><span dir=\"auto\">de centella asi\u00e1tica:<\/span><\/strong><span dir=\"auto\"> calma la piel sensible y fortalece la barrera hidrolip\u00eddica.<\/span><\/p>\n<p><strong><span dir=\"auto\">Sal rosa del Himalaya:<\/span><\/strong><span dir=\"auto\"> elimina las impurezas de la piel y los poros.<\/span><\/p>\n<p><strong><span dir=\"auto\">Polvo <\/span><span dir=\"auto\">de caol\u00edn:<\/span><\/strong><span dir=\"auto\"> controla el exceso de sebo y suavizar la piel.<\/span><\/p>\n<p><strong><span dir=\"auto\">Papa\u00edna: <\/span><\/strong><span dir=\"auto\">ayuda a exfoliar la piel y mantenerla hidratada. La f\u00f3rmula natural tambi\u00e9n est\u00e1 enriquecida con lim\u00f3n, manzana y vinagre para un efecto astringente e iluminador. <\/span><\/p>\n<p><span dir=\"auto\"><strong>Onagra, el kuzu, el pino y el olmo:\u00a0<\/strong> a\u00f1aden un efecto bals\u00e1mico, tonificante e hidratante a este limpiador completo. <img loading=\"lazy\" decoding=\"async\" class=\"alignright\" src=\"https:\/\/www.farmacialeloir.com.ar\/img\/articulos\/2025\/09\/imagen2_anua_poremizing_deep_cleansing_foam_limpiador_facial_imagen2.jpg\" width=\"699\" height=\"699\" \/><\/span><\/p>\n<p>&nbsp;<\/p>\n<h3><strong>Beneficios<\/strong><\/h3>\n<p>&nbsp;<\/p>\n<ul>\n<li><strong>Limpieza profunda de poros<\/strong>. La combinaci\u00f3n de sales minerales y caol\u00edn absorbe el exceso de sebo y limpia impurezas desde el interior del poro<\/li>\n<li>Efecto calmante y regenerador. Enriquecido con extracto de centella asi\u00e1tica, que\u00a0<strong>calma rojeces y favorece la regeneraci\u00f3n cut\u00e1nea<\/strong><\/li>\n<li>Exfoliaci\u00f3n suave y natural. Contiene papa\u00edna, una enzima vegetal que\u00a0<strong>elimina c\u00e9lulas muertas sin irritar<\/strong>\u00a0ni alterar la barrera cut\u00e1nea<\/li>\n<li>Textura innovadora y sensorial. Pasta espesa con acabado perlado que, al contacto con el agua, se transforma en espuma rica y suave<\/li>\n<\/ul>\n<p><strong><span dir=\"auto\">Recomendado para:<\/span><\/strong><span dir=\"auto\">\u00a0Pieles normales, grasas y mixtas.<\/span><\/p>\n<p>&nbsp;<\/p>\n<h3><strong>Modo de uso<\/strong><\/h3>\n<p>&nbsp;<\/p>\n<ol>\n<li>Se recomienda aplicar una peque\u00f1a cantidad sobre las palmas h\u00famedas.<\/li>\n<li>Frotar hasta generar espuma abundante.<\/li>\n<li>Masajear el rostro suavemente, especialmente en zonas con poros visibles.<\/li>\n<li>Enjuagar con agua tibia.<\/li>\n<\/ol>\n","protected":false},"excerpt":{"rendered":"<p>POREMIZING DEEP FOAM Experimenta una limpieza profunda pero suave con SKIN1004 Madagascar Centella Poremizing Deep Cleansing Foam, un limpiador rico<\/p>\n","protected":false},"featured_media":103306,"comment_status":"open","ping_status":"closed","template":"","meta":{"nf_dc_page":""},"product_brand":[2689],"product_cat":[104],"product_tag":[3664],"class_list":{"0":"post-103305","1":"product","2":"type-product","3":"status-publish","4":"has-post-thumbnail","6":"product_brand-skin1004","7":"product_cat-skin-care","8":"product_tag-3664","10":"first","11":"instock","12":"shipping-taxable","13":"purchasable","14":"product-type-simple"},"_links":{"self":[{"href":"https:\/\/brandss.com.py\/index\/wp-json\/wp\/v2\/product\/103305","targetHints":{"allow":["GET"]}}],"collection":[{"href":"https:\/\/brandss.com.py\/index\/wp-json\/wp\/v2\/product"}],"about":[{"href":"https:\/\/brandss.com.py\/index\/wp-json\/wp\/v2\/types\/product"}],"replies":[{"embeddable":true,"href":"https:\/\/brandss.com.py\/index\/wp-json\/wp\/v2\/comments?post=103305"}],"version-history":[{"count":1,"href":"https:\/\/brandss.com.py\/index\/wp-json\/wp\/v2\/product\/103305\/revisions"}],"predecessor-version":[{"id":103313,"href":"https:\/\/brandss.com.py\/index\/wp-json\/wp\/v2\/product\/103305\/revisions\/103313"}],"wp:featuredmedia":[{"embeddable":true,"href":"https:\/\/brandss.com.py\/index\/wp-json\/wp\/v2\/media\/103306"}],"wp:attachment":[{"href":"https:\/\/brandss.com.py\/index\/wp-json\/wp\/v2\/media?parent=103305"}],"wp:term":[{"taxonomy":"product_brand","embeddable":true,"href":"https:\/\/brandss.com.py\/index\/wp-json\/wp\/v2\/product_brand?post=103305"},{"taxonomy":"product_cat","embeddable":true,"href":"https:\/\/brandss.com.py\/index\/wp-json\/wp\/v2\/product_cat?post=103305"},{"taxonomy":"product_tag","embeddable":true,"href":"https:\/\/brandss.com.py\/index\/wp-json\/wp\/v2\/product_tag?post=103305"}],"curies":[{"name":"wp","href":"https:\/\/api.w.org\/{rel}","templated":true}]}}