{"id":103314,"date":"2026-05-05T12:19:50","date_gmt":"2026-05-05T12:19:50","guid":{"rendered":"https:\/\/brandss.com.py\/index\/?post_type=product&#038;p=103314"},"modified":"2026-05-05T12:20:50","modified_gmt":"2026-05-05T12:20:50","slug":"crema-facial-skin1004-madagascar-centella-poremizing-light-gel-125ml","status":"publish","type":"product","link":"https:\/\/brandss.com.py\/index\/producto\/crema-facial-skin1004-madagascar-centella-poremizing-light-gel-125ml\/","title":{"rendered":"CREMA FACIAL SKIN1004 MADAGASCAR CENTELLA POREMIZING LIGHT GEL 125ML"},"content":{"rendered":"<p><img loading=\"lazy\" decoding=\"async\" class=\"\" src=\"https:\/\/heyskinday.com\/cdn\/shop\/collections\/skin1004_logo.png?v=1714498278\" alt=\"S\u00c9RUM FACIAL SKIN1004 MADAGASCAR CENTELLA TONE BRIGHTENING CAPSULE AMPOULE  50ML \u2013 Brands\" width=\"97\" height=\"97\" \/><\/p>\n<h1>POREMIZING LIGHT GEL<\/h1>\n<p><strong><i>Crema gel hidratante ligera para una piel suave y tersa.<\/i><\/strong><\/p>\n<p>Es una crema en gel ligera y refrescante\u00a0dise\u00f1ada para enfriar e hidratar la piel de inmediato, al mismo tiempo que ayuda a minimizar los poros dilatados. Est\u00e1 enriquecida con ingredientes como el extracto de Centella Asiatica, que promueve la curaci\u00f3n y regeneraci\u00f3n de la piel, y la sal rosa del Himalaya, que ayuda a eliminar las c\u00e9lulas muertas de la piel y el exceso de sebo para limpiar los poros.<img loading=\"lazy\" decoding=\"async\" class=\"alignleft\" src=\"https:\/\/www.lecoreane.com\/cdn\/shop\/files\/4_573425fd-bf0d-4c65-b740-ac809382487a.png?v=1691068729&amp;width=1445\" width=\"690\" height=\"690\" \/><\/p>\n<p>Madagascar Centella Poremizing Crema en gel ligera\u00a0es un lujoso producto de belleza que proporciona una\u00a0hidrataci\u00f3n\u00a0profunda y un\u00a0frescor instant\u00e1neo a la piel, dej\u00e1ndola con un\u00a0acabado\u00a0suave y\u00a0h\u00famedo.<\/p>\n<p>Con su textura de gel\u00a0ligero, esta crema es adecuada para\u00a0todo tipo de piel\u00a0y contiene ingredientes que\u00a0regulan\u00a0la producci\u00f3n\u00a0excesiva de sebo,\u00a0estrechan los poros, y\u00a0calman\u00a0la piel sensible. Tambi\u00e9n ayuda a\u00a0minimizar los poros dilatados, equilibrar\u00a0los niveles de agua y grasa\u00a0de la piel, y\u00a0reducir las rojeces.<\/p>\n<h3><\/h3>\n<h3>Ingredientes claves<\/h3>\n<p>&nbsp;<\/p>\n<ul>\n<li>Extracto de Centella Asi\u00e1tica<\/li>\n<li>Sales Minerales (Sal Rosa del Himalaya)<\/li>\n<li>Extracto de hoja de Aloe Barbadensis<\/li>\n<li>Niacinamida<\/li>\n<li>Adenosina<\/li>\n<li>Agua de hoja de Hamamelis Virginiana<\/li>\n<li>Agua de Chamaecyparis Obtusa (cipr\u00e9s)<\/li>\n<\/ul>\n<p>Enriquecida con\u00a0sal rosa del Himalaya, esta crema elimina las impurezas de los poros para evitar que\u00a0se agranden. La adici\u00f3n de\u00a0extracto de cipr\u00e9s\u00a0y\u00a0hamamelis\u00a0ayuda a\u00a0suavizar\u00a0y\u00a0calmar\u00a0la piel sensible, mientras que\u00a0la adenosina\u00a0y el extracto de hoja de aloe vera\u00a0mejoran\u00a0la elasticidad de\u00a0la piel.<\/p>\n<p>Adem\u00e1s, la presencia de\u00a0niacinamida\u00a0ofrece beneficios\u00a0iluminadores, lo que convierte a este gel-crema ligero en una soluci\u00f3n completa para todas sus necesidades de cuidado de la piel.<\/p>\n<h3><\/h3>\n<h3><strong>Ventajas<img decoding=\"async\" class=\"alignright\" src=\"https:\/\/static.wixstatic.com\/media\/f5a2cd_d7e544d25b644c32acdcefb3d80996f0~mv2.webp\/v1\/fit\/w_500,h_500,q_90\/file.webp\" \/><\/strong><\/h3>\n<p>&nbsp;<\/p>\n<ul>\n<li><strong>Hidratante y refrescante:<\/strong>\u00a0Proporciona un enfriamiento inmediato y una hidrataci\u00f3n profunda a la piel, perfecto para calmar la piel sensible o irritada.<\/li>\n<li><strong>Reduce los poros dilatados:\u00a0<\/strong>Ayuda a tensar los poros grandes y evita que se dilaten al eliminar impurezas.<\/li>\n<li><strong>Ingredientes para el cuidado de la piel:<\/strong>\u00a0Enriquecido con extracto de Centella Asiatica que apoya la curaci\u00f3n y renovaci\u00f3n de la piel.<\/li>\n<li><strong>Propiedades calmantes y antibacterianas:<\/strong>\u00a0Contiene hamamelis y agua de cipr\u00e9s, lo que ayuda a calmar la piel y mantenerla libre de impurezas.<\/li>\n<li><strong>Uniformiza el tono de la piel:<\/strong>\u00a0La f\u00f3rmula contiene niacinamida, que aclara eficazmente las manchas oscuras y unifica el tono de la piel.<\/li>\n<\/ul>\n<h3><\/h3>\n<h3><strong>Beneficios<\/strong><\/h3>\n<p>&nbsp;<\/p>\n<ul>\n<li>Enfriamiento inmediato y sensaci\u00f3n refrescante.<\/li>\n<li>Reafirma y tensa los poros dilatados.<\/li>\n<li>Exfoliaci\u00f3n suave y eliminaci\u00f3n de impurezas.<\/li>\n<li>Aten\u00faa manchas oscuras e ilumina la piel.<\/li>\n<li>Calma y refresca piel sensible.<\/li>\n<\/ul>\n<h3><\/h3>\n<h3><strong>Modo de uso<\/strong><\/h3>\n<p>&nbsp;<\/p>\n<ol>\n<li><strong>Limpia la piel:<\/strong> comienza limpiando tu rostro para eliminar la suciedad y el aceite.<\/li>\n<li><strong>Aplica una peque\u00f1a cantidad:<\/strong> toma una cantidad adecuada de crema en gel y distrib\u00fayela uniformemente sobre el rostro.<\/li>\n<li><strong>Masajea:<\/strong> aplica la crema en la piel y masajea suavemente con movimientos circulares hasta que se absorba por completo.<\/li>\n<li><strong>Da palmaditas para absorber: <\/strong>para obtener resultados \u00f3ptimos, termina dando palmaditas suaves en el rostro con las palmas para facilitar la absorci\u00f3n.<\/li>\n<\/ol>\n","protected":false},"excerpt":{"rendered":"<p>POREMIZING LIGHT GEL Crema gel hidratante ligera para una piel suave y tersa. Es una crema en gel ligera y<\/p>\n","protected":false},"featured_media":103315,"comment_status":"open","ping_status":"closed","template":"","meta":{"nf_dc_page":""},"product_brand":[2689],"product_cat":[104],"product_tag":[3665],"class_list":{"0":"post-103314","1":"product","2":"type-product","3":"status-publish","4":"has-post-thumbnail","6":"product_brand-skin1004","7":"product_cat-skin-care","8":"product_tag-3665","10":"first","11":"instock","12":"shipping-taxable","13":"purchasable","14":"product-type-simple"},"_links":{"self":[{"href":"https:\/\/brandss.com.py\/index\/wp-json\/wp\/v2\/product\/103314","targetHints":{"allow":["GET"]}}],"collection":[{"href":"https:\/\/brandss.com.py\/index\/wp-json\/wp\/v2\/product"}],"about":[{"href":"https:\/\/brandss.com.py\/index\/wp-json\/wp\/v2\/types\/product"}],"replies":[{"embeddable":true,"href":"https:\/\/brandss.com.py\/index\/wp-json\/wp\/v2\/comments?post=103314"}],"version-history":[{"count":1,"href":"https:\/\/brandss.com.py\/index\/wp-json\/wp\/v2\/product\/103314\/revisions"}],"predecessor-version":[{"id":103322,"href":"https:\/\/brandss.com.py\/index\/wp-json\/wp\/v2\/product\/103314\/revisions\/103322"}],"wp:featuredmedia":[{"embeddable":true,"href":"https:\/\/brandss.com.py\/index\/wp-json\/wp\/v2\/media\/103315"}],"wp:attachment":[{"href":"https:\/\/brandss.com.py\/index\/wp-json\/wp\/v2\/media?parent=103314"}],"wp:term":[{"taxonomy":"product_brand","embeddable":true,"href":"https:\/\/brandss.com.py\/index\/wp-json\/wp\/v2\/product_brand?post=103314"},{"taxonomy":"product_cat","embeddable":true,"href":"https:\/\/brandss.com.py\/index\/wp-json\/wp\/v2\/product_cat?post=103314"},{"taxonomy":"product_tag","embeddable":true,"href":"https:\/\/brandss.com.py\/index\/wp-json\/wp\/v2\/product_tag?post=103314"}],"curies":[{"name":"wp","href":"https:\/\/api.w.org\/{rel}","templated":true}]}}