{"id":103323,"date":"2026-05-05T13:13:26","date_gmt":"2026-05-05T13:13:26","guid":{"rendered":"https:\/\/brandss.com.py\/index\/?post_type=product&#038;p=103323"},"modified":"2026-05-05T13:15:54","modified_gmt":"2026-05-05T13:15:54","slug":"mascara-facial-skin1004-centella-madagascar-water-gel-sheet-ampoule","status":"publish","type":"product","link":"https:\/\/brandss.com.py\/index\/producto\/mascara-facial-skin1004-centella-madagascar-water-gel-sheet-ampoule\/","title":{"rendered":"M\u00c1SCARA FACIAL SKIN1004 CENTELLA MADAGASCAR WATER GEL SHEET AMPOULE"},"content":{"rendered":"<p><img loading=\"lazy\" decoding=\"async\" class=\"\" src=\"https:\/\/heyskinday.com\/cdn\/shop\/collections\/skin1004_logo.png?v=1714498278\" alt=\"S\u00c9RUM FACIAL SKIN1004 MADAGASCAR CENTELLA TONE BRIGHTENING CAPSULE AMPOULE  50ML \u2013 Brands\" width=\"151\" height=\"151\" \/><\/p>\n<h1>WATER GEL SHEET AMPOULE<\/h1>\n<p>La mascarilla facial en gel con extracto de Centella Asi\u00e1tica de Madagascar es una mascarilla de tela en gel con tres veces la hidrataci\u00f3n habitual para calmar e hidratar intensamente la piel. Esta mascarilla proporciona una agradable sensaci\u00f3n refrescante que ayuda a aliviar la irritaci\u00f3n y es perfecta para solucionar cualquier problema cut\u00e1neo urgente.<img loading=\"lazy\" decoding=\"async\" class=\"alignleft\" src=\"https:\/\/www.skin1004.com\/cdn\/shop\/products\/skin1004-mask-pad-madagascar-centella-watergel-sheet-ampoule-mask-30259332677789_1440x.gif?v=1677149235\" width=\"645\" height=\"645\" \/><\/p>\n<h3 class=\"a-spacing-mini\">Combinaci\u00f3n de magia marr\u00f3n y hoja gruesa<\/h3>\n<p>La m\u00e1scara de ampolla de hoja de gel de agua contiene la magia marr\u00f3n de Centella Asi\u00e1tica de Madagascar. Su tono marr\u00f3n proviene de ampolla mezclada de Centella Asiatica y Aceite de Menta de Ma\u00edz. Desarrollamos la s\u00e1bana para que se vuelva mucho m\u00e1s gruesa y h\u00fameda que la existente para proporcionar sensaciones c\u00f3modas y una hidrataci\u00f3n efectiva. Adem\u00e1s, est\u00e1 hecho de una tela mucho m\u00e1s densa y fina, por lo que no se rasga f\u00e1cilmente y se puede aplicar suavemente en tu cara.<\/p>\n<h3>\n<strong><span dir=\"auto\">Ingredientes clave<\/span><\/strong><\/h3>\n<p>&nbsp;<\/p>\n<ul>\n<li><span dir=\"auto\">Extracto de Centella asi\u00e1tica.<\/span><\/li>\n<li><span dir=\"auto\">Glicerina.<\/span><\/li>\n<li><span dir=\"auto\">Extracto de flor de Chamomilla recutita (manzanilla).<\/span><\/li>\n<\/ul>\n<p>&nbsp;<\/p>\n<div id=\"prinfo-tab1-body\" class=\"prinfo-content-body txt_style_four\">\n<div class=\"metafield-rich_text_field\">\n<h3><strong><span dir=\"auto\">Mascarilla facial en ampolla de gel acuoso de Centella<\/span><\/strong><\/h3>\n<p>&nbsp;<\/p>\n<p><span dir=\"auto\">&#8211; Contiene extracto de Centella asi\u00e1tica y manzanilla para refrescar y calmar la piel sensible<\/span><br \/>\n<span dir=\"auto\">&#8211; Contiene un agente refrescante m\u00e1s suave, aceite natural de menta de ma\u00edz, que el mentol<\/span><br \/>\n<span dir=\"auto\">&#8211; La tecnolog\u00eda de gel acuoso permite que las mascarillas de tela empapadas en ampollas no se sequen<\/span><br \/>\n<span dir=\"auto\">&#8211; La exclusiva mascarilla de tela a base de gel proporciona una mejor absorci\u00f3n de la esencia y retenci\u00f3n de la humedad para asegurar una adherencia perfecta a la piel<\/span><br \/>\n<span dir=\"auto\">&#8211; Material natural extrasuave (Tencel, bamb\u00fa) para pieles sensibles<img decoding=\"async\" class=\"alignright\" src=\"https:\/\/www.skin1004.com\/cdn\/shop\/files\/Watergel_Sheet_Ampoule_Mask_3.jpg?v=1738723618\" \/><\/span><\/p>\n<\/div>\n<\/div>\n<div class=\"prinfo-icons-container\">\n<div class=\"prinfo-icons-wrapper\">\n<div><\/div>\n<h3><strong><span dir=\"auto\">Beneficios<\/span><\/strong><\/h3>\n<ul>\n<li><span dir=\"auto\">Calmante.<\/span><\/li>\n<li>Hidratante.<\/li>\n<li>Suavizante.<\/li>\n<\/ul>\n<h3><\/h3>\n<h3 class=\"prhow-section-title txt_style_five\"><span dir=\"auto\">Modo de uso<\/span><\/h3>\n<p>&nbsp;<\/p>\n<div class=\"swiper-container prhow-swiper-container swiper-initialized swiper-horizontal swiper-autoheight swiper-backface-hidden\">\n<div id=\"swiper-wrapper-2743b85eb7e0136f\" class=\"swiper-wrapper\" aria-live=\"polite\">\n<div class=\"swiper-slide swiper-slide-active swiper-slide-next\" role=\"group\" aria-label=\"1 \/ 1\" data-swiper-slide-index=\"0\">\n<div class=\"prhow-slide-flex\">\n<div class=\"prhow-txt-wrapper\">\n<div class=\"prhow-txt txt_style_four\">\n<div class=\"metafield-rich_text_field\">\n<p><span dir=\"auto\">1. Despu\u00e9s de limpiar tu rostro, aplica t\u00f3nico para preparar la piel para el siguiente paso.<\/span><\/p>\n<p><span dir=\"auto\">2. Saca el producto del sobre y apl\u00edcalo uniformemente sobre tu rostro, evitando el contorno de ojos y labios.<\/span><\/p>\n<p><span dir=\"auto\">3. Ret\u00edralo despu\u00e9s de 10-20 minutos. Con los dedos, da suaves palmaditas para que el producto restante se absorba por completo.<\/span><\/p>\n<\/div>\n<\/div>\n<\/div>\n<\/div>\n<\/div>\n<\/div>\n<\/div>\n<\/div>\n<\/div>\n","protected":false},"excerpt":{"rendered":"<p>WATER GEL SHEET AMPOULE La mascarilla facial en gel con extracto de Centella Asi\u00e1tica de Madagascar es una mascarilla de<\/p>\n","protected":false},"featured_media":103324,"comment_status":"open","ping_status":"closed","template":"","meta":{"nf_dc_page":""},"product_brand":[2689],"product_cat":[104],"product_tag":[3666],"class_list":{"0":"post-103323","1":"product","2":"type-product","3":"status-publish","4":"has-post-thumbnail","6":"product_brand-skin1004","7":"product_cat-skin-care","8":"product_tag-3666","10":"first","11":"instock","12":"shipping-taxable","13":"purchasable","14":"product-type-simple"},"_links":{"self":[{"href":"https:\/\/brandss.com.py\/index\/wp-json\/wp\/v2\/product\/103323","targetHints":{"allow":["GET"]}}],"collection":[{"href":"https:\/\/brandss.com.py\/index\/wp-json\/wp\/v2\/product"}],"about":[{"href":"https:\/\/brandss.com.py\/index\/wp-json\/wp\/v2\/types\/product"}],"replies":[{"embeddable":true,"href":"https:\/\/brandss.com.py\/index\/wp-json\/wp\/v2\/comments?post=103323"}],"version-history":[{"count":1,"href":"https:\/\/brandss.com.py\/index\/wp-json\/wp\/v2\/product\/103323\/revisions"}],"predecessor-version":[{"id":103331,"href":"https:\/\/brandss.com.py\/index\/wp-json\/wp\/v2\/product\/103323\/revisions\/103331"}],"wp:featuredmedia":[{"embeddable":true,"href":"https:\/\/brandss.com.py\/index\/wp-json\/wp\/v2\/media\/103324"}],"wp:attachment":[{"href":"https:\/\/brandss.com.py\/index\/wp-json\/wp\/v2\/media?parent=103323"}],"wp:term":[{"taxonomy":"product_brand","embeddable":true,"href":"https:\/\/brandss.com.py\/index\/wp-json\/wp\/v2\/product_brand?post=103323"},{"taxonomy":"product_cat","embeddable":true,"href":"https:\/\/brandss.com.py\/index\/wp-json\/wp\/v2\/product_cat?post=103323"},{"taxonomy":"product_tag","embeddable":true,"href":"https:\/\/brandss.com.py\/index\/wp-json\/wp\/v2\/product_tag?post=103323"}],"curies":[{"name":"wp","href":"https:\/\/api.w.org\/{rel}","templated":true}]}}