{"id":103332,"date":"2026-05-05T13:47:05","date_gmt":"2026-05-05T13:47:05","guid":{"rendered":"https:\/\/brandss.com.py\/index\/?post_type=product&#038;p=103332"},"modified":"2026-05-05T13:47:30","modified_gmt":"2026-05-05T13:47:30","slug":"mascara-facial-skin1004-centella-madagascar-probio-cica-nourishing-22ml","status":"publish","type":"product","link":"https:\/\/brandss.com.py\/index\/producto\/mascara-facial-skin1004-centella-madagascar-probio-cica-nourishing-22ml\/","title":{"rendered":"M\u00c1SCARA FACIAL SKIN1004 CENTELLA MADAGASCAR PROBIO-CICA NOURISHING 22ML"},"content":{"rendered":"<p><img loading=\"lazy\" decoding=\"async\" class=\"\" src=\"https:\/\/heyskinday.com\/cdn\/shop\/collections\/skin1004_logo.png?v=1714498278\" alt=\"S\u00c9RUM FACIAL SKIN1004 MADAGASCAR CENTELLA TONE BRIGHTENING CAPSULE AMPOULE  50ML \u2013 Brands\" width=\"156\" height=\"156\" \/><\/p>\n<h1>PROBIO-CICA NOURISHING<\/h1>\n<p><span dir=\"auto\">Mascarilla facial ultrasuave dise\u00f1ada para ofrecer un momento de cuidado profundo para tu piel, gracias a una combinaci\u00f3n de ingredientes activos espec\u00edficos que act\u00faan sin\u00e9rgicamente para hidratar, calmar y mejorar la elasticidad de la piel. Este s\u00e9rum cremoso, hidratante y nutritivo se absorbe delicadamente en la piel, dej\u00e1ndola hidratada y luminosa. Una experiencia de puro placer para disfrutar con total relajaci\u00f3n y conseguir una piel instant\u00e1neamente m\u00e1s tersa y protegida.<\/span><\/p>\n<h3>Ingredientes clave<img decoding=\"async\" class=\"alignleft\" src=\"https:\/\/www.maqes.com\/wp-content\/uploads\/2025\/07\/6-29.png\" \/><\/h3>\n<ul>\n<li><strong><span dir=\"auto\">Extracto fermentado de Centella Asi\u00e1tica:<\/span><\/strong><span dir=\"auto\">\u00a0calma la irritaci\u00f3n, acelera la regeneraci\u00f3n de la piel y, gracias al proceso de fermentaci\u00f3n, mejora la absorci\u00f3n de los principios activos. Tambi\u00e9n es perfecto para pieles sensibles.<\/span><\/li>\n<li><strong><span dir=\"auto\">9 Complejo de P\u00e9ptidos:<\/span><\/strong><span dir=\"auto\">\u00a0combinaci\u00f3n de p\u00e9ptidos que ayuda a estimular la elasticidad de la piel, dej\u00e1ndola visiblemente m\u00e1s firme y joven;<\/span><\/li>\n<li><strong><span dir=\"auto\">Ceramidas:<\/span><\/strong><span dir=\"auto\">\u00a0fortalecen la barrera natural de la piel y previenen la p\u00e9rdida de hidrataci\u00f3n, manteniendo el equilibrio adecuado y protegiendo contra las agresiones externas.<\/span><\/li>\n<\/ul>\n<h3><\/h3>\n<h3><span dir=\"auto\">Caracter\u00edsticas<\/span><\/h3>\n<ul>\n<li><span dir=\"auto\">Consistencia de esencia lechosa: rica, pero de f\u00e1cil absorci\u00f3n.<\/span><\/li>\n<li><span dir=\"auto\">Tejido extrasuave que se adapta perfectamente al rostro.<\/span><\/li>\n<li><span dir=\"auto\">Deja la piel suave, flexible y luminosa.<\/span><\/li>\n<\/ul>\n<h3><\/h3>\n<h3>Beneficios<\/h3>\n<ul>\n<li><span dir=\"auto\">Alivia visiblemente el enrojecimiento y la irritaci\u00f3n.<\/span><\/li>\n<li><span dir=\"auto\">Hidrata intensamente sin dejar sensaci\u00f3n pesada.<\/span><\/li>\n<li><span dir=\"auto\">Fortalece la barrera cut\u00e1nea para una apariencia sana y equilibrada.<\/span><\/li>\n<\/ul>\n<h3><\/h3>\n<h3><strong><span dir=\"auto\">Modo de uso<\/span><\/strong><\/h3>\n<ul>\n<li><span dir=\"auto\">Masajea el envase entre las manos para que el s\u00e9rum se extienda bien y se absorba perfectamente en su interior;<\/span><\/li>\n<li><span dir=\"auto\">Abre el paquete, despliega suavemente la mascarilla y apl\u00edcala sobre tu rostro despu\u00e9s de limpiarlo y tonificarlo;<\/span><\/li>\n<li><span dir=\"auto\">D\u00e9jelo actuar de 10 a 20 minutos, sin exceder el tiempo de aplicaci\u00f3n recomendado;<\/span><\/li>\n<li><span dir=\"auto\">Retira la mascarilla y masajea el s\u00e9rum restante sobre tu rostro hasta que se absorba por completo;<\/span><\/li>\n<li><span dir=\"auto\">Puedes reutilizar el s\u00e9rum sobrante en el cuello, las manos, los brazos o, en los d\u00edas siguientes, en lugar de s\u00e9rum o esencia.<\/span><\/li>\n<\/ul>\n","protected":false},"excerpt":{"rendered":"<p>PROBIO-CICA NOURISHING Mascarilla facial ultrasuave dise\u00f1ada para ofrecer un momento de cuidado profundo para tu piel, gracias a una combinaci\u00f3n<\/p>\n","protected":false},"featured_media":103333,"comment_status":"open","ping_status":"closed","template":"","meta":{"nf_dc_page":""},"product_brand":[2689],"product_cat":[104],"product_tag":[3667],"class_list":{"0":"post-103332","1":"product","2":"type-product","3":"status-publish","4":"has-post-thumbnail","6":"product_brand-skin1004","7":"product_cat-skin-care","8":"product_tag-3667","10":"first","11":"instock","12":"shipping-taxable","13":"purchasable","14":"product-type-simple"},"_links":{"self":[{"href":"https:\/\/brandss.com.py\/index\/wp-json\/wp\/v2\/product\/103332","targetHints":{"allow":["GET"]}}],"collection":[{"href":"https:\/\/brandss.com.py\/index\/wp-json\/wp\/v2\/product"}],"about":[{"href":"https:\/\/brandss.com.py\/index\/wp-json\/wp\/v2\/types\/product"}],"replies":[{"embeddable":true,"href":"https:\/\/brandss.com.py\/index\/wp-json\/wp\/v2\/comments?post=103332"}],"version-history":[{"count":1,"href":"https:\/\/brandss.com.py\/index\/wp-json\/wp\/v2\/product\/103332\/revisions"}],"predecessor-version":[{"id":103337,"href":"https:\/\/brandss.com.py\/index\/wp-json\/wp\/v2\/product\/103332\/revisions\/103337"}],"wp:featuredmedia":[{"embeddable":true,"href":"https:\/\/brandss.com.py\/index\/wp-json\/wp\/v2\/media\/103333"}],"wp:attachment":[{"href":"https:\/\/brandss.com.py\/index\/wp-json\/wp\/v2\/media?parent=103332"}],"wp:term":[{"taxonomy":"product_brand","embeddable":true,"href":"https:\/\/brandss.com.py\/index\/wp-json\/wp\/v2\/product_brand?post=103332"},{"taxonomy":"product_cat","embeddable":true,"href":"https:\/\/brandss.com.py\/index\/wp-json\/wp\/v2\/product_cat?post=103332"},{"taxonomy":"product_tag","embeddable":true,"href":"https:\/\/brandss.com.py\/index\/wp-json\/wp\/v2\/product_tag?post=103332"}],"curies":[{"name":"wp","href":"https:\/\/api.w.org\/{rel}","templated":true}]}}