{"id":103338,"date":"2026-05-05T14:20:12","date_gmt":"2026-05-05T14:20:12","guid":{"rendered":"https:\/\/brandss.com.py\/index\/?post_type=product&#038;p=103338"},"modified":"2026-05-05T14:20:34","modified_gmt":"2026-05-05T14:20:34","slug":"crema-facial-skin1004-madagascar-centella-probio-cica-enrich-50ml","status":"publish","type":"product","link":"https:\/\/brandss.com.py\/index\/producto\/crema-facial-skin1004-madagascar-centella-probio-cica-enrich-50ml\/","title":{"rendered":"CREMA FACIAL SKIN1004 MADAGASCAR CENTELLA PROBIO-CICA ENRICH 50ML"},"content":{"rendered":"<p><img loading=\"lazy\" decoding=\"async\" class=\"\" src=\"https:\/\/heyskinday.com\/cdn\/shop\/collections\/skin1004_logo.png?v=1714498278\" alt=\"S\u00c9RUM FACIAL SKIN1004 MADAGASCAR CENTELLA TONE BRIGHTENING CAPSULE AMPOULE  50ML \u2013 Brands\" width=\"147\" height=\"147\" \/><\/p>\n<h1>PROBIO-CICA ENRICH<\/h1>\n<p>Es una crema barrera avanzada con una textura lujosa que combina centella fermentada, manteca de karit\u00e9 y ceramidas. Juntas, estas potentes ingredientes hidratan, fortalecen y suavizan la piel sin sentirse pesada o pegajosa.<img loading=\"lazy\" decoding=\"async\" class=\"alignleft\" src=\"https:\/\/cdnx.jumpseller.com\/tienda-mi-estilo1\/image\/47766873\/thumb\/960\/1264?1713390426\" width=\"441\" height=\"581\" \/><\/p>\n<p>La rica crema se funde en la piel dej\u00e1ndola suave, hidratada y rellena. Con una formulaci\u00f3n cuidadosamente equilibrada de centella fermentada (Probio-Cica), ceramidas y aceites nutritivos de macadamia y moringa, fortalece la barrera de la piel, alivia la irritaci\u00f3n y protege contra el estr\u00e9s ambiental. Perfecta para piel seca, sensible o estresada. Esta crema calma, hidrata y fortalece la resistencia de la piel con cada uso.<\/p>\n<h3><\/h3>\n<h3><strong>Ingredientes claves<\/strong><\/h3>\n<p>&nbsp;<\/p>\n<ul>\n<li data-start=\"1191\" data-end=\"1299\"><strong data-start=\"1191\" data-end=\"1234\">Extracto de Centella Asiatica (Probio-Cica)<\/strong>\u00a0\u2013\u00a0La centella fermentada calma la irritaci\u00f3n y fortalece la funci\u00f3n barrera de la piel.<\/li>\n<li><strong>Ceramida NP<\/strong>\u00a0\u2013 Ayuda a restaurar y fortalecer la barrera de la piel.<\/li>\n<li><strong>Manteca de Karit\u00e9<\/strong>\u00a0\u2013 Nutritiva, hidratante y suavizante para la piel.<\/li>\n<li><strong>Aceite de Semilla de Macadamia &amp; Aceite de Semilla de Moringa Oleifera<\/strong>\u00a0\u2013 Ricos en \u00e1cidos grasos esenciales que nutren y protegen.<\/li>\n<li><strong>Pantenol<\/strong>\u00a0\u2013 Calma la piel, hidrata y fortalece su resistencia.<\/li>\n<li><strong>Hialuronato de Sodio<\/strong>\u00a0\u2013 Atrae la humedad en profundidad y proporciona una sensaci\u00f3n rellena y voluminosa.<\/li>\n<li><strong>Tocoferol (Vitamina E)<\/strong>\u00a0\u2013 Un potente antioxidante que protege contra da\u00f1os causados por radicales libres.<\/li>\n<\/ul>\n<h3><\/h3>\n<h3><strong>Ventajas<\/strong><\/h3>\n<p>&nbsp;<\/p>\n<ul>\n<li>Proporciona hidrataci\u00f3n intensa y duradera<\/li>\n<li>Calma y equilibra la piel sensible y estresada<\/li>\n<li>Fortalece la barrera de la piel con ceramidas y centella fermentada<img loading=\"lazy\" decoding=\"async\" class=\"alignright\" src=\"https:\/\/koreanskincare.nl\/cdn\/shop\/files\/1_png_b43e2021-145c-42d9-8d9b-b8501ce856f5.webp?v=1712751671\" width=\"629\" height=\"629\" \/><\/li>\n<li>Deja la piel suave con un acabado sedoso<\/li>\n<li>Mejora la elasticidad de la piel con un efecto de relleno<\/li>\n<li>Perfecta para piel seca y sensible, especialmente en climas fr\u00edos<\/li>\n<\/ul>\n<p>&nbsp;<\/p>\n<h3><strong>Beneficios<\/strong><\/h3>\n<p>&nbsp;<\/p>\n<ul>\n<li>Repara intensamente la barrera cut\u00e1nea gracias a la combinaci\u00f3n de Centella fermentada + probi\u00f3ticos.<\/li>\n<li>Reduce arrugas finas, l\u00edneas de expresi\u00f3n y signos de fatiga.<\/li>\n<li>Calma irritaciones, enrojecimiento y sensibilidad.<\/li>\n<li>Hidrata por 72 horas con una textura rica, densa y reconfortante.<\/li>\n<li>Fortalece la microbiota de la piel, mejorando su resistencia ante agresores ambientales.<\/li>\n<li>Aporta firmeza, elasticidad y luminosidad natural.<\/li>\n<li>Apta para piel seca, muy seca, madura o sensibilizada.<\/li>\n<\/ul>\n<h3><\/h3>\n<h3><strong>Modo de uso<\/strong><\/h3>\n<p>&nbsp;<\/p>\n<ol>\n<li>Aplicar como \u00faltimo paso en tu rutina de cuidado de la piel, despu\u00e9s del suero o esencia.<\/li>\n<li>Tomar una cantidad adecuada \u2013 aproximadamente del tama\u00f1o de un guisante para piel normal, un poco m\u00e1s si tu piel es seca.<\/li>\n<li>Masajear suavemente el producto de manera uniforme sobre el rostro y el cuello.<\/li>\n<li>Usar ma\u00f1ana y noche. Por la ma\u00f1ana, no olvides siempre combinarlo con protector solar (SPF).<\/li>\n<\/ol>\n","protected":false},"excerpt":{"rendered":"<p>PROBIO-CICA ENRICH Es una crema barrera avanzada con una textura lujosa que combina centella fermentada, manteca de karit\u00e9 y ceramidas.<\/p>\n","protected":false},"featured_media":103339,"comment_status":"open","ping_status":"closed","template":"","meta":{"nf_dc_page":""},"product_brand":[2689],"product_cat":[104],"product_tag":[3668],"class_list":{"0":"post-103338","1":"product","2":"type-product","3":"status-publish","4":"has-post-thumbnail","6":"product_brand-skin1004","7":"product_cat-skin-care","8":"product_tag-3668","10":"first","11":"instock","12":"shipping-taxable","13":"purchasable","14":"product-type-simple"},"_links":{"self":[{"href":"https:\/\/brandss.com.py\/index\/wp-json\/wp\/v2\/product\/103338","targetHints":{"allow":["GET"]}}],"collection":[{"href":"https:\/\/brandss.com.py\/index\/wp-json\/wp\/v2\/product"}],"about":[{"href":"https:\/\/brandss.com.py\/index\/wp-json\/wp\/v2\/types\/product"}],"replies":[{"embeddable":true,"href":"https:\/\/brandss.com.py\/index\/wp-json\/wp\/v2\/comments?post=103338"}],"version-history":[{"count":1,"href":"https:\/\/brandss.com.py\/index\/wp-json\/wp\/v2\/product\/103338\/revisions"}],"predecessor-version":[{"id":103346,"href":"https:\/\/brandss.com.py\/index\/wp-json\/wp\/v2\/product\/103338\/revisions\/103346"}],"wp:featuredmedia":[{"embeddable":true,"href":"https:\/\/brandss.com.py\/index\/wp-json\/wp\/v2\/media\/103339"}],"wp:attachment":[{"href":"https:\/\/brandss.com.py\/index\/wp-json\/wp\/v2\/media?parent=103338"}],"wp:term":[{"taxonomy":"product_brand","embeddable":true,"href":"https:\/\/brandss.com.py\/index\/wp-json\/wp\/v2\/product_brand?post=103338"},{"taxonomy":"product_cat","embeddable":true,"href":"https:\/\/brandss.com.py\/index\/wp-json\/wp\/v2\/product_cat?post=103338"},{"taxonomy":"product_tag","embeddable":true,"href":"https:\/\/brandss.com.py\/index\/wp-json\/wp\/v2\/product_tag?post=103338"}],"curies":[{"name":"wp","href":"https:\/\/api.w.org\/{rel}","templated":true}]}}