{"id":103371,"date":"2026-05-06T13:46:02","date_gmt":"2026-05-06T13:46:02","guid":{"rendered":"https:\/\/brandss.com.py\/index\/?post_type=product&#038;p=103371"},"modified":"2026-05-06T13:46:23","modified_gmt":"2026-05-06T13:46:23","slug":"serum-facial-abib-retinal-eye-lifting-roller-15ml","status":"publish","type":"product","link":"https:\/\/brandss.com.py\/index\/producto\/serum-facial-abib-retinal-eye-lifting-roller-15ml\/","title":{"rendered":"S\u00c9RUM FACIAL ABIB RETINAL EYE LIFTING ROLLER 15ML"},"content":{"rendered":"<p><img loading=\"lazy\" decoding=\"async\" class=\"\" src=\"https:\/\/glowstoreuy.com\/cdn\/shop\/collections\/abib.png?v=1742093998\" alt=\"Abib \u2013 GLOW STORE URUGUAY\" width=\"189\" height=\"134\" \/><\/p>\n<h1>RETINAL EYE LIFTING ROLLER<\/h1>\n<p><span dir=\"auto\">Este s\u00e9rum para ojos ayuda a reducir la hinchaz\u00f3n, las l\u00edneas de expresi\u00f3n y las ojeras, y ofrece un efecto reafirmante y lifting. <\/span><span dir=\"auto\">Formulado con retinal y bakuchiol para mejorar la elasticidad, el tono y la textura de la piel, logrando una mirada m\u00e1s fresca y revitalizada. <\/span><span dir=\"auto\">Enriquecido con cafe\u00edna para revitalizar los ojos cansados, reduciendo la hinchaz\u00f3n y las ojeras, a la vez que ofrece un efecto antioxidante. <\/span><span dir=\"auto\">Enriquecida con ceramida y ecto\u00edna para ayudar a proteger y fortalecer la barrera cut\u00e1nea, y col\u00e1geno para suavizar la piel y mejorar su elasticidad.<\/span><br \/>\n<span dir=\"auto\">Probada dermatol\u00f3gicamente para pieles sensibles.<img loading=\"lazy\" decoding=\"async\" class=\"alignleft\" src=\"https:\/\/f.nooncdn.com\/p\/pzsku\/ZE741D34D970E8CD3AB05Z\/45\/1762933185\/75d881b9-cc0f-49f1-87aa-16a2d3f385cb.jpg?width=800\" width=\"287\" height=\"287\" \/><\/span><\/p>\n<h3><\/h3>\n<h3 class=\"feature\"><strong>Ingredientes claves<\/strong><\/h3>\n<p>&nbsp;<\/p>\n<div class=\"description\">Formulado con cafe\u00edna y bakuchiol, este suero ataca eficazmente la hinchaz\u00f3n, las ojeras y las arrugas, promoviendo una apariencia juvenil y revivida.<\/div>\n<div class=\"description\">\n<h3 class=\"feature\"><strong>Aplicaci\u00f3n conveniente del rodillo<\/strong><\/h3>\n<p>&nbsp;<\/p>\n<div class=\"description\">El innovador aplicador de rodillos mejora la absorci\u00f3n y proporciona un efecto de masaje relajante, garantizando una experiencia refrescante al tratar la delicada piel debajo de los ojos.<\/div>\n<div>\n<h3><\/h3>\n<h3 class=\"features-heading\">\u00a0Beneficios<\/h3>\n<p><img loading=\"lazy\" decoding=\"async\" class=\"alignright\" src=\"https:\/\/f.nooncdn.com\/p\/pzsku\/ZE741D34D970E8CD3AB05Z\/45\/1762933185\/805604d7-990b-4e11-953d-68241320385b.jpg?width=800\" width=\"300\" height=\"300\" \/><\/div>\n<p>&nbsp;<\/p>\n<p>&nbsp;<\/p>\n<ul class=\"features-points\">\n<li>Contiene retina para antienvejecimiento dirigido alrededor de los ojos.<\/li>\n<li>Cuenta con un aplicador de rodillos met\u00e1licos refrescantes para una experiencia relajante.<\/li>\n<li>Infundido con cafe\u00edna para reducir la hinchaz\u00f3n y las ojeras.<\/li>\n<li>El dispensador de bolas de rodillos permite una aplicaci\u00f3n precisa, minimizando el desperdicio.<\/li>\n<li>Tama\u00f1o compacto de 0,50 fl oz, ideal para uso diario y viajes.<\/li>\n<li>Formulaci\u00f3n innovadora para mejoras notables en el \u00e1rea de los ojos.<\/li>\n<\/ul>\n<h3><\/h3>\n<h3>Modo de uso<\/h3>\n<p>&nbsp;<\/p>\n<div class=\"product__description rte quick-add-hidden\">\n<div class=\"description\">Bombee una vez y masajee suavemente alrededor de los ojos y los pliegues nasolabiales usando el aplicador de bolas de metal para absorber. *Despu\u00e9s de su uso, limpie suavemente el aplicador de bolas de metal con un pa\u00f1uelo de papel antes de guardarlo.<\/div>\n<\/div>\n<p>&nbsp;<\/p>\n<\/div>\n","protected":false},"excerpt":{"rendered":"<p>RETINAL EYE LIFTING ROLLER Este s\u00e9rum para ojos ayuda a reducir la hinchaz\u00f3n, las l\u00edneas de expresi\u00f3n y las ojeras,<\/p>\n","protected":false},"featured_media":103372,"comment_status":"open","ping_status":"closed","template":"","meta":{"nf_dc_page":""},"product_brand":[3672],"product_cat":[104],"product_tag":[3673],"class_list":{"0":"post-103371","1":"product","2":"type-product","3":"status-publish","4":"has-post-thumbnail","6":"product_brand-abib","7":"product_cat-skin-care","8":"product_tag-3673","10":"first","11":"instock","12":"shipping-taxable","13":"purchasable","14":"product-type-simple"},"_links":{"self":[{"href":"https:\/\/brandss.com.py\/index\/wp-json\/wp\/v2\/product\/103371","targetHints":{"allow":["GET"]}}],"collection":[{"href":"https:\/\/brandss.com.py\/index\/wp-json\/wp\/v2\/product"}],"about":[{"href":"https:\/\/brandss.com.py\/index\/wp-json\/wp\/v2\/types\/product"}],"replies":[{"embeddable":true,"href":"https:\/\/brandss.com.py\/index\/wp-json\/wp\/v2\/comments?post=103371"}],"version-history":[{"count":1,"href":"https:\/\/brandss.com.py\/index\/wp-json\/wp\/v2\/product\/103371\/revisions"}],"predecessor-version":[{"id":103379,"href":"https:\/\/brandss.com.py\/index\/wp-json\/wp\/v2\/product\/103371\/revisions\/103379"}],"wp:featuredmedia":[{"embeddable":true,"href":"https:\/\/brandss.com.py\/index\/wp-json\/wp\/v2\/media\/103372"}],"wp:attachment":[{"href":"https:\/\/brandss.com.py\/index\/wp-json\/wp\/v2\/media?parent=103371"}],"wp:term":[{"taxonomy":"product_brand","embeddable":true,"href":"https:\/\/brandss.com.py\/index\/wp-json\/wp\/v2\/product_brand?post=103371"},{"taxonomy":"product_cat","embeddable":true,"href":"https:\/\/brandss.com.py\/index\/wp-json\/wp\/v2\/product_cat?post=103371"},{"taxonomy":"product_tag","embeddable":true,"href":"https:\/\/brandss.com.py\/index\/wp-json\/wp\/v2\/product_tag?post=103371"}],"curies":[{"name":"wp","href":"https:\/\/api.w.org\/{rel}","templated":true}]}}