{"id":103380,"date":"2026-05-06T14:17:15","date_gmt":"2026-05-06T14:17:15","guid":{"rendered":"https:\/\/brandss.com.py\/index\/?post_type=product&#038;p=103380"},"modified":"2026-05-06T14:18:06","modified_gmt":"2026-05-06T14:18:06","slug":"serum-facial-abib-niacinamide-10-txa-3-bright-force-13-0-pump-30ml","status":"publish","type":"product","link":"https:\/\/brandss.com.py\/index\/producto\/serum-facial-abib-niacinamide-10-txa-3-bright-force-13-0-pump-30ml\/","title":{"rendered":"S\u00c9RUM FACIAL ABIB NIACINAMIDE 10% TXA 3% BRIGHT FORCE 13.0 PUMP 30ML"},"content":{"rendered":"<p><img loading=\"lazy\" decoding=\"async\" class=\"\" src=\"https:\/\/glowstoreuy.com\/cdn\/shop\/collections\/abib.png?v=1742093998\" alt=\"Abib \u2013 GLOW STORE URUGUAY\" width=\"120\" height=\"85\" \/><\/p>\n<h1>NIACINAMIDE 10% TXA 3% BRIGHT FORCE 13.0 PUMP<\/h1>\n<p><span dir=\"auto\">Es un potente s\u00e9rum iluminador formulado espec\u00edficamente para reducir las manchas oscuras y lograr una piel visiblemente m\u00e1s clara. Con una combinaci\u00f3n altamente efectiva de <\/span><span dir=\"auto\">10 % de niacinamida y 3 % de \u00e1cido tranex\u00e1mico,<\/span><span dir=\"auto\"> este s\u00e9rum ayuda a regular la producci\u00f3n de melanina y promueve un tono de piel m\u00e1s uniforme. <\/span><span dir=\"auto\">Su textura rica pero de r\u00e1pida absorci\u00f3n proporciona un cuidado intensivo sin sensaci\u00f3n pesada, mientras que sus ingredientes calmantes e hidratantes fortalecen la barrera cut\u00e1nea.<img loading=\"lazy\" decoding=\"async\" class=\"alignleft\" src=\"https:\/\/http2.mlstatic.com\/D_NQ_NP_2X_899993-MLA107310608308_032026-F.webp\" width=\"517\" height=\"517\" \/><\/span><\/p>\n<h3><\/h3>\n<h3>\n<strong><span dir=\"auto\">Ingredientes activos clave<\/span><\/strong><\/h3>\n<p>&nbsp;<\/p>\n<p><strong><span dir=\"auto\">Niacinamida (10%):<\/span><\/strong><span dir=\"auto\"> favorece un tono de piel uniforme y fortalece la barrera cut\u00e1nea.<\/span><br \/>\n<strong><span dir=\"auto\">\u00c1cido tranex\u00e1mico (3%):<\/span><\/strong><span dir=\"auto\"> combate espec\u00edficamente la hiperpigmentaci\u00f3n.<\/span><br \/>\n<strong><span dir=\"auto\">Alfa-arbutina:<\/span><\/strong><span dir=\"auto\"> contribuye a una tez m\u00e1s clara y radiante.<\/span><br \/>\n<strong><span dir=\"auto\">Derivados de vitamina C:<\/span><\/strong><span dir=\"auto\"> promueven un brillo saludable.<\/span><br \/>\n<strong><span dir=\"auto\">Beta-glucano y pantenol:<\/span><\/strong><span dir=\"auto\"> calman y cuidan la piel.<\/span><\/p>\n<h3><\/h3>\n<h3><strong><span dir=\"auto\">Beneficios<\/span><\/strong><\/h3>\n<p>&nbsp;<\/p>\n<p><span dir=\"auto\">\u2714\u00a0<\/span><strong><span dir=\"auto\">Reduce las manchas de pigmentaci\u00f3n:<\/span><\/strong><span dir=\"auto\">\u00a0El \u00e1cido tranex\u00e1mico ayuda a reducir visiblemente las manchas oscuras.<img loading=\"lazy\" decoding=\"async\" class=\"alignright\" src=\"https:\/\/http2.mlstatic.com\/D_NQ_NP_2X_860411-MLA107310607998_032026-F.webp\" width=\"645\" height=\"645\" \/><\/span><br \/>\n<span dir=\"auto\">\u2714\u00a0<\/span><strong><span dir=\"auto\">Tono de piel uniforme:<\/span><\/strong><span dir=\"auto\">\u00a0El 10 % de niacinamida favorece una piel m\u00e1s clara y radiante.<\/span><br \/>\n<span dir=\"auto\">\u2714\u00a0<\/span><strong><span dir=\"auto\">Protecci\u00f3n antioxidante:<\/span><\/strong><span dir=\"auto\">\u00a0Los derivados de la vitamina C ayudan a proteger la piel de las influencias ambientales.<\/span><br \/>\n<span dir=\"auto\">\u2714\u00a0<\/span><strong><span dir=\"auto\">Cuidado calmante:<\/span><\/strong><span dir=\"auto\">\u00a0El pantenol y el betaglucano cuidan la piel sensible.<\/span><br \/>\n<span dir=\"auto\">\u2714\u00a0<\/span><strong><span dir=\"auto\">Hidratante:<\/span><\/strong><span dir=\"auto\">\u00a0El \u00e1cido hialur\u00f3nico ayuda a mantener la piel hidratada.<\/span><\/p>\n<p><span dir=\"auto\">Ideal para pieles con manchas pigmentarias, tono desigual o tez apagada, para una piel visiblemente m\u00e1s clara y radiante.<\/span><\/p>\n<h3><\/h3>\n<h3>Modo de uso<\/h3>\n<p>&nbsp;<\/p>\n<ol>\n<li><span dir=\"auto\">Despu\u00e9s de limpiar y tonificar tu rostro, aplica una cantidad adecuada de s\u00e9rum.<\/span><\/li>\n<li><span dir=\"auto\">Extender uniformemente sobre la piel.<\/span><\/li>\n<li><span dir=\"auto\">D\u00e9 suaves palmaditas hasta que el suero se absorba por completo.<\/span><\/li>\n<\/ol>\n","protected":false},"excerpt":{"rendered":"<p>NIACINAMIDE 10% TXA 3% BRIGHT FORCE 13.0 PUMP Es un potente s\u00e9rum iluminador formulado espec\u00edficamente para reducir las manchas oscuras<\/p>\n","protected":false},"featured_media":103381,"comment_status":"open","ping_status":"closed","template":"","meta":{"nf_dc_page":""},"product_brand":[3672],"product_cat":[104],"product_tag":[3674],"class_list":{"0":"post-103380","1":"product","2":"type-product","3":"status-publish","4":"has-post-thumbnail","6":"product_brand-abib","7":"product_cat-skin-care","8":"product_tag-3674","10":"first","11":"instock","12":"shipping-taxable","13":"purchasable","14":"product-type-simple"},"_links":{"self":[{"href":"https:\/\/brandss.com.py\/index\/wp-json\/wp\/v2\/product\/103380","targetHints":{"allow":["GET"]}}],"collection":[{"href":"https:\/\/brandss.com.py\/index\/wp-json\/wp\/v2\/product"}],"about":[{"href":"https:\/\/brandss.com.py\/index\/wp-json\/wp\/v2\/types\/product"}],"replies":[{"embeddable":true,"href":"https:\/\/brandss.com.py\/index\/wp-json\/wp\/v2\/comments?post=103380"}],"version-history":[{"count":1,"href":"https:\/\/brandss.com.py\/index\/wp-json\/wp\/v2\/product\/103380\/revisions"}],"predecessor-version":[{"id":103388,"href":"https:\/\/brandss.com.py\/index\/wp-json\/wp\/v2\/product\/103380\/revisions\/103388"}],"wp:featuredmedia":[{"embeddable":true,"href":"https:\/\/brandss.com.py\/index\/wp-json\/wp\/v2\/media\/103381"}],"wp:attachment":[{"href":"https:\/\/brandss.com.py\/index\/wp-json\/wp\/v2\/media?parent=103380"}],"wp:term":[{"taxonomy":"product_brand","embeddable":true,"href":"https:\/\/brandss.com.py\/index\/wp-json\/wp\/v2\/product_brand?post=103380"},{"taxonomy":"product_cat","embeddable":true,"href":"https:\/\/brandss.com.py\/index\/wp-json\/wp\/v2\/product_cat?post=103380"},{"taxonomy":"product_tag","embeddable":true,"href":"https:\/\/brandss.com.py\/index\/wp-json\/wp\/v2\/product_tag?post=103380"}],"curies":[{"name":"wp","href":"https:\/\/api.w.org\/{rel}","templated":true}]}}