{"id":103402,"date":"2026-05-11T11:09:25","date_gmt":"2026-05-11T11:09:25","guid":{"rendered":"https:\/\/brandss.com.py\/index\/?post_type=product&#038;p=103402"},"modified":"2026-05-11T11:10:03","modified_gmt":"2026-05-11T11:10:03","slug":"perfume-femenino-trussardi-ruby-red-edp-90ml","status":"publish","type":"product","link":"https:\/\/brandss.com.py\/index\/producto\/perfume-femenino-trussardi-ruby-red-edp-90ml\/","title":{"rendered":"PERFUME FEMENINO TRUSSARDI RUBY RED EDP 90ML"},"content":{"rendered":"<p><img loading=\"lazy\" decoding=\"async\" class=\"\" src=\"https:\/\/1000logos.net\/wp-content\/uploads\/2020\/04\/Trussardi-Logo-2012.png\" alt=\"Trussardi Logo and symbol, meaning, history, PNG, brand\" width=\"92\" height=\"52\" \/><\/p>\n<h1>RUBY RED<\/h1>\n<p>Intenso, carnal, valiente: Ruby Red, el tercer Eau de Parfum ecol\u00f3gico que Trussardi dedica a la feminidad contempor\u00e1nea. Hoy en d\u00eda, las mujeres en los pa\u00edses desarrollados de todo el mundo disfrutan de los mismos derechos que los hombres. Como resultado, la generaci\u00f3n moderna se caracteriza por un alto porcentaje de mujeres seguras, autosuficientes y exitosas. Estas mismas mujeres inspiraron a los maestros creadores de Trussardi a elaborar el Eau de Parfum Ruby Red, cuyo cautivador aroma es un homenaje a la mujer fuerte, independiente y realizada.<\/p>\n<p><img loading=\"lazy\" decoding=\"async\" class=\"alignleft\" src=\"https:\/\/www.myperfumeshop.qa\/cdn\/shop\/files\/pixelcut-export_5_1fba2145-30c8-4a71-a45f-299eb13f044b.jpg?v=1732808506&amp;width=1244\" width=\"466\" height=\"466\" \/><\/p>\n<h3>Notas Olfativas<\/h3>\n<p>&nbsp;<\/p>\n<p>Ruby Red de Trussardi es una fragancia de la familia olfativa Chipre Floral para Mujeres. Esta fragrancia es nueva. Trussardi Ruby Red se lanz\u00f3 en 2023.<\/p>\n<p>Ruby Red fue creada por Violaine Collas, Julie Mass\u00e9 y Alex Lee. Las notas de salida de esta fragancia es una mezcla vibrante y original de jengibre picante y especiado, bergamota c\u00edtrica fresca y jugosas bayas rojas. Esto hace que el aroma sea extraordinariamente jugoso, embriagador y rico. El coraz\u00f3n de la composici\u00f3n est\u00e1 adornado con un dulce ylang-ylang, orqu\u00eddea de vainilla profundamente sensual y una canela especiada sin igual, aportando un inolvidable encanto oriental. La base de la pir\u00e1mide olfativa presenta un solo de pachul\u00ed resinoso y terroso, acentuado por la elegancia discreta del s\u00e1ndalo amaderado y el ambarino orcanox.<\/p>\n<p><strong>Notas de salida<\/strong>: frutas rojas, jengibre, bergamota.<\/p>\n<p><strong>Notas de coraz\u00f3n:<\/strong> orqu\u00eddea de vainilla, ylang-ylang, canela.<\/p>\n<p><strong>Notas de fondo:<\/strong> pachul\u00ed, Orcanox\u2122, s\u00e1ndalo.<\/p>\n","protected":false},"excerpt":{"rendered":"<p>RUBY RED Intenso, carnal, valiente: Ruby Red, el tercer Eau de Parfum ecol\u00f3gico que Trussardi dedica a la feminidad contempor\u00e1nea.<\/p>\n","protected":false},"featured_media":103403,"comment_status":"open","ping_status":"closed","template":"","meta":{"nf_dc_page":""},"product_brand":[2112],"product_cat":[84],"product_tag":[3679],"class_list":{"0":"post-103402","1":"product","2":"type-product","3":"status-publish","4":"has-post-thumbnail","6":"product_brand-trussardi","7":"product_cat-perfumeria","8":"product_tag-3679","10":"first","11":"instock","12":"shipping-taxable","13":"purchasable","14":"product-type-simple"},"_links":{"self":[{"href":"https:\/\/brandss.com.py\/index\/wp-json\/wp\/v2\/product\/103402","targetHints":{"allow":["GET"]}}],"collection":[{"href":"https:\/\/brandss.com.py\/index\/wp-json\/wp\/v2\/product"}],"about":[{"href":"https:\/\/brandss.com.py\/index\/wp-json\/wp\/v2\/types\/product"}],"replies":[{"embeddable":true,"href":"https:\/\/brandss.com.py\/index\/wp-json\/wp\/v2\/comments?post=103402"}],"version-history":[{"count":1,"href":"https:\/\/brandss.com.py\/index\/wp-json\/wp\/v2\/product\/103402\/revisions"}],"predecessor-version":[{"id":103410,"href":"https:\/\/brandss.com.py\/index\/wp-json\/wp\/v2\/product\/103402\/revisions\/103410"}],"wp:featuredmedia":[{"embeddable":true,"href":"https:\/\/brandss.com.py\/index\/wp-json\/wp\/v2\/media\/103403"}],"wp:attachment":[{"href":"https:\/\/brandss.com.py\/index\/wp-json\/wp\/v2\/media?parent=103402"}],"wp:term":[{"taxonomy":"product_brand","embeddable":true,"href":"https:\/\/brandss.com.py\/index\/wp-json\/wp\/v2\/product_brand?post=103402"},{"taxonomy":"product_cat","embeddable":true,"href":"https:\/\/brandss.com.py\/index\/wp-json\/wp\/v2\/product_cat?post=103402"},{"taxonomy":"product_tag","embeddable":true,"href":"https:\/\/brandss.com.py\/index\/wp-json\/wp\/v2\/product_tag?post=103402"}],"curies":[{"name":"wp","href":"https:\/\/api.w.org\/{rel}","templated":true}]}}