{"id":103412,"date":"2026-05-11T13:05:31","date_gmt":"2026-05-11T13:05:31","guid":{"rendered":"https:\/\/brandss.com.py\/index\/?post_type=product&#038;p=103412"},"modified":"2026-05-11T13:06:08","modified_gmt":"2026-05-11T13:06:08","slug":"perfume-femenino-puccini-donna-couture-edp-100ml","status":"publish","type":"product","link":"https:\/\/brandss.com.py\/index\/producto\/perfume-femenino-puccini-donna-couture-edp-100ml\/","title":{"rendered":"PERFUME FEMENINO PUCCINI DONNA COUTURE EDP 100ML"},"content":{"rendered":"<p><img loading=\"lazy\" decoding=\"async\" class=\"\" src=\"https:\/\/cdn.salla.sa\/cdn-cgi\/image\/fit=scale-down,width=400,height=400,onerror=redirect,format=auto\/aeypKG\/DcBwFNNoRF8LYLYZCOoq1r5M0UC9Pxh2zz2UiGOh.png\" alt=\"Puccini Gold Men's Eau de Parfum 100ml - \u0628\u0648\u062a\u0634\u064a\u0646\u064a \u0628\u0627\u0631\u064a\u0633 \u0644\u0644\u0639\u0637\u0648\u0631 \u0639\u0637\u0648\u0631 \u0641\u0627\u062e\u0631\u0629  \u0628\u0631\u0648\u0627\u0626\u062d \u0645\u0645\u064a\u0632\u0629\" width=\"117\" height=\"50\" \/><\/p>\n<h1>DONNA COUTURE<\/h1>\n<p><span dir=\"auto\">Descubre la m\u00e1xima expresi\u00f3n de la feminidad en cada pulverizaci\u00f3n con el perfume Donna Couture. <\/span><span dir=\"auto\">Una fragancia femenina que combina la elegancia francesa con un atractivo sensual. E<\/span><span dir=\"auto\">s la fragancia perfecta para la mujer moderna que ama la elegancia con un esp\u00edritu juvenil y vibrante. <\/span><span dir=\"auto\">Combina el refrescante aroma de las frutas con delicados ramos de flores para crear una fragancia distintiva que se adapta a tu estilo diario y a las ocasiones especiales. <\/span><span dir=\"auto\">Donna Couture n<\/span><span dir=\"auto\">o es solo una fragancia femenina; es una experiencia completa de\u00a0<\/span><span dir=\"auto\">elegancia francesa<\/span><span dir=\"auto\">,\u00a0<\/span><span dir=\"auto\">feminidad cautivadora<\/span><span dir=\"auto\">\u00a0y\u00a0<\/span><span dir=\"auto\">un aroma duradero<\/span><span dir=\"auto\">. <img decoding=\"async\" class=\"alignleft\" src=\"https:\/\/cdn.salla.sa\/aeypKG\/9KlXGQ6YdhY4f0OalhPBPRMtXAOxo0xSdytHrDdp.png\" \/><\/span><\/p>\n<p><span dir=\"auto\">Donna Couture <\/span><span dir=\"auto\">es simplemente una fragancia dise\u00f1ada para ti&#8230; para la mujer fuerte y sensible que conoce su val\u00eda y le encanta dejar huella all\u00e1 donde va. Cada aplicaci\u00f3n de Donna Couture es un mensaje de amor, calidez y abrazo. Un aroma \u00fanico, igual que t\u00fa.<\/span><\/p>\n<p><span dir=\"auto\">Si buscas\u00a0<\/span><span dir=\"auto\">un perfume de mujer lujoso y duradero<\/span><span dir=\"auto\">\u00a0que se adapte a todas tus ocasiones, esta es la elecci\u00f3n perfecta para ti.<\/span><\/p>\n<p><span dir=\"auto\"> \u00a1Tu magia est\u00e1 en tu perfume!<\/span><\/p>\n<p>&nbsp;<\/p>\n<h3>Notas Olfativas<\/h3>\n<p>&nbsp;<\/p>\n<p>El perfume Puccini Donna Couture tiene una fragancia irresistible que te atrapa desde el primer spray, con delicadas y suaves notas que se hacen presente, con una combinaci\u00f3n \u00fanica de aromas para encantar a quien desees. El perfume Donna Couture es una fragancia de la familia olfativa floral frutal para mujeres. <span dir=\"auto\">Las notas brillantes de bergamota y pera armonizan con el aroma de la flor de naranjo para crear un comienzo refrescante. <\/span><span dir=\"auto\">Una encantadora mezcla floral de jazm\u00edn y nardo, combinada con la dulzura de las fresas para revelar una c\u00e1lida feminidad. <\/span><span dir=\"auto\">Las profundas notas de vetiver, pachul\u00ed y vainilla le dan a la fragancia un toque lujoso que expresa tu presencia distintiva.<\/span><\/p>\n<p><strong>Notas de salida:<\/strong> bergamota, pera, flor de naranjo.<br \/>\n<strong>Notas de coraz\u00f3n:<\/strong> jazm\u00edn,nardo, fresa.<br \/>\n<strong>Notas de fondo:<\/strong> vainilla, pachol\u00ed, vetiver.<\/p>\n","protected":false},"excerpt":{"rendered":"<p>DONNA COUTURE Descubre la m\u00e1xima expresi\u00f3n de la feminidad en cada pulverizaci\u00f3n con el perfume Donna Couture. Una fragancia femenina<\/p>\n","protected":false},"featured_media":103413,"comment_status":"open","ping_status":"closed","template":"","meta":{"nf_dc_page":""},"product_brand":[1780],"product_cat":[84],"product_tag":[3680],"class_list":{"0":"post-103412","1":"product","2":"type-product","3":"status-publish","4":"has-post-thumbnail","6":"product_brand-puccini","7":"product_cat-perfumeria","8":"product_tag-3680","10":"first","11":"instock","12":"shipping-taxable","13":"purchasable","14":"product-type-simple"},"_links":{"self":[{"href":"https:\/\/brandss.com.py\/index\/wp-json\/wp\/v2\/product\/103412","targetHints":{"allow":["GET"]}}],"collection":[{"href":"https:\/\/brandss.com.py\/index\/wp-json\/wp\/v2\/product"}],"about":[{"href":"https:\/\/brandss.com.py\/index\/wp-json\/wp\/v2\/types\/product"}],"replies":[{"embeddable":true,"href":"https:\/\/brandss.com.py\/index\/wp-json\/wp\/v2\/comments?post=103412"}],"version-history":[{"count":1,"href":"https:\/\/brandss.com.py\/index\/wp-json\/wp\/v2\/product\/103412\/revisions"}],"predecessor-version":[{"id":103417,"href":"https:\/\/brandss.com.py\/index\/wp-json\/wp\/v2\/product\/103412\/revisions\/103417"}],"wp:featuredmedia":[{"embeddable":true,"href":"https:\/\/brandss.com.py\/index\/wp-json\/wp\/v2\/media\/103413"}],"wp:attachment":[{"href":"https:\/\/brandss.com.py\/index\/wp-json\/wp\/v2\/media?parent=103412"}],"wp:term":[{"taxonomy":"product_brand","embeddable":true,"href":"https:\/\/brandss.com.py\/index\/wp-json\/wp\/v2\/product_brand?post=103412"},{"taxonomy":"product_cat","embeddable":true,"href":"https:\/\/brandss.com.py\/index\/wp-json\/wp\/v2\/product_cat?post=103412"},{"taxonomy":"product_tag","embeddable":true,"href":"https:\/\/brandss.com.py\/index\/wp-json\/wp\/v2\/product_tag?post=103412"}],"curies":[{"name":"wp","href":"https:\/\/api.w.org\/{rel}","templated":true}]}}