{"id":103426,"date":"2026-05-11T17:04:52","date_gmt":"2026-05-11T17:04:52","guid":{"rendered":"https:\/\/brandss.com.py\/index\/?post_type=product&#038;p=103426"},"modified":"2026-05-11T17:05:19","modified_gmt":"2026-05-11T17:05:19","slug":"perfume-femenino-amaran-exclusive-kings-queens-malika-edp-100ml","status":"publish","type":"product","link":"https:\/\/brandss.com.py\/index\/producto\/perfume-femenino-amaran-exclusive-kings-queens-malika-edp-100ml\/","title":{"rendered":"PERFUME FEMENINO AMARAN EXCLUSIVE KINGS &amp; QUEENS MALIKA EDP 100ML"},"content":{"rendered":"<p><img loading=\"lazy\" decoding=\"async\" class=\"\" src=\"https:\/\/valmara.co\/img\/m\/798.jpg\" alt=\"Perfumes Amaran Para Hombre y Mujer - Valmara\" width=\"135\" height=\"93\" \/><\/p>\n<h1>KINGS &amp; QUEENS MALIKA<\/h1>\n<p>Encarna el esp\u00edritu de una reina: serena, cautivadora y atemporalmente elegante. Dise\u00f1ada para dejar una impresi\u00f3n duradera de majestuosidad, Kings &amp; Queens Malika es un homenaje a quienes reinan con encanto y confianza. Malika es un perfume femenino creado para mujeres que desean exhalar elegancia, sensualidad y presencia marcante.<img loading=\"lazy\" decoding=\"async\" class=\"alignleft\" src=\"https:\/\/http2.mlstatic.com\/D_NQ_NP_2X_793196-MLA101441049965_122025-F.webp\" width=\"298\" height=\"447\" \/><\/p>\n<p>Su fragancia combina el estilo moderno de la perfumer\u00eda internacional con el lujo caracter\u00edstico de las composiciones \u00e1rabes, resultando en un aroma sofisticado y envolvente.<\/p>\n<p>El frasco en rojo vibrante con detalles dorados simboliza fuerza, nobleza y belleza femenina, reforzando la propuesta de la l\u00ednea Kings &amp; Queens Malika es ideal para noches, eventos especiales y ocasiones en que la mujer desea impresionar con una firma marcante y lujosa.<\/p>\n<p>&nbsp;<\/p>\n<h3>Notas Olfativas<\/h3>\n<p>Kings &amp; Queens Malika\u00a0de\u00a0Amaran\u00a0es una fragancia de la familia olfativa Floral Frutal Gourmand para Mujeres. Esta fragrancia es nueva.\u00a0Kings &amp; Queens Malika\u00a0se lanz\u00f3 en 2025.<\/p>\n<p>La apertura trae notas florales luminosas y delicadas, que revelan feminidad y frescor inmediato. En seguida, surge un coraz\u00f3n m\u00e1s intenso y dulce, compuesto por flores orientales y acordes c\u00e1lidos que proporcionan cremosidad y personalidad al perfume.<\/p>\n<p>En la base, maderas suaves, \u00e1mbar y matices orientales completan la fragancia con profundidad y excelente fijaci\u00f3n, dejando un rastro elegante e inolvidable.<\/p>\n<p>&nbsp;<\/p>\n<p><strong><span dir=\"auto\">Notas de salida:<\/span><\/strong><span dir=\"auto\"> grosella negra, caramelo, mandarina.<\/span><br \/>\n<strong><span dir=\"auto\">Notas de coraz\u00f3n:<\/span><\/strong><span dir=\"auto\"> gardenia, lirio, fresa.<\/span><br \/>\n<strong><span dir=\"auto\">Notas de fondo:<\/span><\/strong><span dir=\"auto\"> \u00e1mbar gris, almizcle, s\u00e1ndalo, vainilla.<\/span><\/p>\n","protected":false},"excerpt":{"rendered":"<p>KINGS &amp; QUEENS MALIKA Encarna el esp\u00edritu de una reina: serena, cautivadora y atemporalmente elegante. Dise\u00f1ada para dejar una impresi\u00f3n<\/p>\n","protected":false},"featured_media":103427,"comment_status":"open","ping_status":"closed","template":"","meta":{"nf_dc_page":""},"product_brand":[1537],"product_cat":[84],"product_tag":[3682],"class_list":{"0":"post-103426","1":"product","2":"type-product","3":"status-publish","4":"has-post-thumbnail","6":"product_brand-amaran","7":"product_cat-perfumeria","8":"product_tag-3682","10":"first","11":"instock","12":"shipping-taxable","13":"purchasable","14":"product-type-simple"},"_links":{"self":[{"href":"https:\/\/brandss.com.py\/index\/wp-json\/wp\/v2\/product\/103426","targetHints":{"allow":["GET"]}}],"collection":[{"href":"https:\/\/brandss.com.py\/index\/wp-json\/wp\/v2\/product"}],"about":[{"href":"https:\/\/brandss.com.py\/index\/wp-json\/wp\/v2\/types\/product"}],"replies":[{"embeddable":true,"href":"https:\/\/brandss.com.py\/index\/wp-json\/wp\/v2\/comments?post=103426"}],"version-history":[{"count":1,"href":"https:\/\/brandss.com.py\/index\/wp-json\/wp\/v2\/product\/103426\/revisions"}],"predecessor-version":[{"id":103432,"href":"https:\/\/brandss.com.py\/index\/wp-json\/wp\/v2\/product\/103426\/revisions\/103432"}],"wp:featuredmedia":[{"embeddable":true,"href":"https:\/\/brandss.com.py\/index\/wp-json\/wp\/v2\/media\/103427"}],"wp:attachment":[{"href":"https:\/\/brandss.com.py\/index\/wp-json\/wp\/v2\/media?parent=103426"}],"wp:term":[{"taxonomy":"product_brand","embeddable":true,"href":"https:\/\/brandss.com.py\/index\/wp-json\/wp\/v2\/product_brand?post=103426"},{"taxonomy":"product_cat","embeddable":true,"href":"https:\/\/brandss.com.py\/index\/wp-json\/wp\/v2\/product_cat?post=103426"},{"taxonomy":"product_tag","embeddable":true,"href":"https:\/\/brandss.com.py\/index\/wp-json\/wp\/v2\/product_tag?post=103426"}],"curies":[{"name":"wp","href":"https:\/\/api.w.org\/{rel}","templated":true}]}}