{"id":103442,"date":"2026-05-11T18:13:59","date_gmt":"2026-05-11T18:13:59","guid":{"rendered":"https:\/\/brandss.com.py\/index\/?post_type=product&#038;p=103442"},"modified":"2026-05-11T18:14:35","modified_gmt":"2026-05-11T18:14:35","slug":"limpiador-facial-talika-skintelligence-hydra-foaming-cleanser-150ml","status":"publish","type":"product","link":"https:\/\/brandss.com.py\/index\/producto\/limpiador-facial-talika-skintelligence-hydra-foaming-cleanser-150ml\/","title":{"rendered":"LIMPIADOR FACIAL TALIKA SKINTELLIGENCE HYDRA FOAMING CLEANSER 150ML"},"content":{"rendered":"<p><img loading=\"lazy\" decoding=\"async\" class=\"\" src=\"https:\/\/uk.talikacosmetics.com\/cdn\/shop\/files\/talika_logo_649b8f3b-52cf-492b-bbb8-9e657ad980cc_4552x.png?v=1642700976\" alt=\"About us\" width=\"198\" height=\"55\" \/><\/p>\n<h1>SKINTELLIGENCE HYDRA FOAMING CLEANSER<\/h1>\n<p>Este innovador limpiador espumoso limpia suavemente a la vez que nutre la piel con prebi\u00f3ticos que regulan el microbioma y reequilibran la flora cut\u00e1nea para una mayor salud, hidrataci\u00f3n y protecci\u00f3n. La piel quedar\u00e1 suave y tersa sin comprometer la eficacia del desmaquillado gracias a los 70 a\u00f1os de experiencia de Talika.<img loading=\"lazy\" decoding=\"async\" class=\"alignleft\" src=\"https:\/\/m.media-amazon.com\/images\/I\/81Ht+o1fglL._AC_SL1500_.jpg\" width=\"580\" height=\"580\" \/><\/p>\n<p>\u00a1Descubra la innovadora espuma limpiadora TALIKA\u00a0Skintelligence Hydra Espuma limpiadora hidratante! Limpia suavemente, nutre con prebi\u00f3ticos y reequilibra la flora cut\u00e1nea para una piel sana, hidratada y protegida.<\/p>\n<p>\u00a1Limpie, nutra y reequilibre con la espuma limpiadora de Talika!<\/p>\n<p>&nbsp;<\/p>\n<h3><strong>Ingredientes clave<\/strong><\/h3>\n<p>&nbsp;<\/p>\n<ul>\n<li><strong>Prebi\u00f3ticos<\/strong>: Regulan el microbioma y la flora cut\u00e1nea<\/li>\n<\/ul>\n<p>\u00a1Experimente el poder transformador de TALIKA\u00a0Skintelligence Hydra Espuma limpiadora hidratante!<\/p>\n<p>Dise\u00f1ada para limpiar y nutrir con suavidad,\u00a0esta f\u00f3rmula utiliza prebi\u00f3ticos para regular el microbioma y reequilibrar la flora cut\u00e1nea, promoviendo una mejor salud, hidrataci\u00f3n y protecci\u00f3n.<\/p>\n<ul>\n<li><span dir=\"auto\">Extracto de algas prebi\u00f3ticas: Chlorella vulgaris, descubierta hace m\u00e1s de 2 mil millones de a\u00f1os en Asia, ayuda a regular el microbioma y a reequilibrar la flora cut\u00e1nea para mantener una piel perfectamente sana.<\/span><\/li>\n<\/ul>\n<h3><\/h3>\n<h3><strong><span dir=\"auto\">Ingredientes clave:<\/span><\/strong><\/h3>\n<p>&nbsp;<\/p>\n<figure class=\"table\">\n<table class=\"center\" width=\"100%\">\n<tbody>\n<tr>\n<td>\n<figure class=\"image\"><img decoding=\"async\" src=\"https:\/\/cdn.shopify.com\/s\/files\/1\/0622\/6572\/1049\/files\/Aqua.png?v=1643294363\" \/><\/figure>\n<p><strong><span dir=\"auto\">Agua<\/span><\/strong><\/td>\n<td>\n<figure class=\"image\"><img decoding=\"async\" src=\"https:\/\/cdn.shopify.com\/s\/files\/1\/0622\/6572\/1049\/files\/Citric_acid_c9eeff97-acdd-493c-a950-1c30b9d19804.png?v=1643299386\" alt=\"\" \/><\/figure>\n<p><strong><span dir=\"auto\">\u00c1cido c\u00edtrico<\/span><\/strong><\/td>\n<td>\n<figure class=\"image\"><img decoding=\"async\" src=\"https:\/\/cdn.shopify.com\/s\/files\/1\/0622\/6572\/1049\/files\/Chlorella_vulgaris_extract.png?v=1643299386\" alt=\"\" \/><\/figure>\n<p><strong><span dir=\"auto\">extracto de Chlorella vulgaris<\/span><\/strong><\/td>\n<\/tr>\n<\/tbody>\n<\/table>\n<\/figure>\n<h3><img loading=\"lazy\" decoding=\"async\" class=\"alignright\" src=\"https:\/\/m.media-amazon.com\/images\/I\/71dxlrgApQL._AC_SL1500_.jpg\" width=\"329\" height=\"525\" \/><\/h3>\n<h3><strong>Beneficios<\/strong><\/h3>\n<p>&nbsp;<\/p>\n<ul>\n<li>Limpia suavemente la piel.<\/li>\n<li>Nutre con prebi\u00f3ticos.<\/li>\n<li>Reequilibra la flora cut\u00e1nea.<\/li>\n<li>Alisa y suaviza la piel.<\/li>\n<li>Elimina eficazmente el maquillaje.<\/li>\n<li><span dir=\"auto\">Contiene prebi\u00f3ticos que activan los procesos de regeneraci\u00f3n.<\/span><\/li>\n<li><span dir=\"auto\">Fortalece la barrera protectora de la piel.<\/span><\/li>\n<li><span dir=\"auto\">Elimina suavemente las impurezas a la vez que mantiene la piel hidratada.<\/span><\/li>\n<li><span dir=\"auto\">Retiene la humedad en el interior de las c\u00e9lulas de la piel.<\/span><\/li>\n<li><span dir=\"auto\">Reduce el tama\u00f1o de los poros.<\/span><\/li>\n<li><span dir=\"auto\">Suaviza y alisa la piel.<\/span><\/li>\n<li><span dir=\"auto\">Previene el enrojecimiento y la inflamaci\u00f3n.<\/span><\/li>\n<li><span dir=\"auto\">Tiene un agradable aroma a roc\u00edo matutino.<\/span><\/li>\n<\/ul>\n<h3><\/h3>\n<h3>Resultados<\/h3>\n<p>&nbsp;<\/p>\n<table>\n<tbody>\n<tr>\n<td>\n<figure class=\"image\"><img decoding=\"async\" src=\"https:\/\/cdn.shopify.com\/s\/files\/1\/0622\/6572\/1049\/files\/icons_Skin-is-cleansed.png?v=1642700975\" \/><\/figure>\n<p><span dir=\"auto\">\u00a0La piel queda limpia y libre de maquillaje y toxinas.<\/span><\/td>\n<td>\n<figure class=\"image\"><img decoding=\"async\" src=\"https:\/\/cdn.shopify.com\/s\/files\/1\/0622\/6572\/1049\/files\/icons_Skin-is-rebalanced-and-soothed.png?v=1643368135\" alt=\"\" \/><\/figure>\n<p><span dir=\"auto\">La piel se reequilibra y se calma.<\/span><\/td>\n<td>\n<figure class=\"image\"><img decoding=\"async\" src=\"https:\/\/cdn.shopify.com\/s\/files\/1\/0622\/6572\/1049\/files\/icons_The-eye-area-is-illuminated.png?v=1642700975\" alt=\"\" \/><\/figure>\n<p><span dir=\"auto\">\u00a0 Se restaura el brillo natural.<\/span><\/td>\n<\/tr>\n<\/tbody>\n<\/table>\n<p><img loading=\"lazy\" decoding=\"async\" class=\"alignleft\" src=\"https:\/\/static.sweetcare.com\/img\/prd\/max\/v-638567292388817917\/talika-021632ta-2.jpg\" width=\"428\" height=\"428\" \/><\/p>\n<h3>Modo de uso<\/h3>\n<p>&nbsp;<\/p>\n<p><span dir=\"auto\">Este limpiador, que se utiliza durante la rutina de limpieza facial, se aplica directamente y se hace espuma antes de enjuagar.<\/span><\/p>\n<p>&nbsp;<\/p>\n<figure class=\"table\">\n<table width=\"100%\">\n<tbody>\n<tr>\n<td>\n<figure class=\"image\"><img decoding=\"async\" src=\"https:\/\/cdn.shopify.com\/s\/files\/1\/0622\/6572\/1049\/files\/icons_Emulsify-the-foam-in-your-hands.png?v=1643367981\" \/><\/figure>\n<p><strong><span dir=\"auto\">Paso 1<\/span><\/strong><\/p>\n<p><span dir=\"auto\">Emulsiona la espuma en tus manos.<\/span><\/td>\n<td>\n<figure class=\"image\"><img decoding=\"async\" src=\"https:\/\/cdn.shopify.com\/s\/files\/1\/0622\/6572\/1049\/files\/icons_On-dry-skin-massage-in-light-circular-movements.png?v=1643367981\" alt=\"\" \/><\/figure>\n<p><strong><span dir=\"auto\">Paso 2<\/span><\/strong><\/p>\n<p><span dir=\"auto\">Sobre la piel seca, masajear con suaves movimientos circulares, evitando el contorno de los ojos.<\/span><\/td>\n<td>\n<figure class=\"image\"><img decoding=\"async\" src=\"https:\/\/cdn.shopify.com\/s\/files\/1\/0622\/6572\/1049\/files\/icons_Rinse-with-clean-water.png?v=1643367981\" alt=\"\" \/><\/figure>\n<p><strong><span dir=\"auto\">Paso 3<\/span><\/strong><\/p>\n<p><span dir=\"auto\">Enjuague con agua limpia.<\/span><\/td>\n<\/tr>\n<\/tbody>\n<\/table>\n<\/figure>\n","protected":false},"excerpt":{"rendered":"<p>SKINTELLIGENCE HYDRA FOAMING CLEANSER Este innovador limpiador espumoso limpia suavemente a la vez que nutre la piel con prebi\u00f3ticos que<\/p>\n","protected":false},"featured_media":103443,"comment_status":"open","ping_status":"closed","template":"","meta":{"nf_dc_page":""},"product_brand":[3683],"product_cat":[104],"product_tag":[3685],"class_list":{"0":"post-103442","1":"product","2":"type-product","3":"status-publish","4":"has-post-thumbnail","6":"product_brand-talika","7":"product_cat-skin-care","8":"product_tag-3685","10":"first","11":"instock","12":"shipping-taxable","13":"purchasable","14":"product-type-simple"},"_links":{"self":[{"href":"https:\/\/brandss.com.py\/index\/wp-json\/wp\/v2\/product\/103442","targetHints":{"allow":["GET"]}}],"collection":[{"href":"https:\/\/brandss.com.py\/index\/wp-json\/wp\/v2\/product"}],"about":[{"href":"https:\/\/brandss.com.py\/index\/wp-json\/wp\/v2\/types\/product"}],"replies":[{"embeddable":true,"href":"https:\/\/brandss.com.py\/index\/wp-json\/wp\/v2\/comments?post=103442"}],"version-history":[{"count":1,"href":"https:\/\/brandss.com.py\/index\/wp-json\/wp\/v2\/product\/103442\/revisions"}],"predecessor-version":[{"id":103450,"href":"https:\/\/brandss.com.py\/index\/wp-json\/wp\/v2\/product\/103442\/revisions\/103450"}],"wp:featuredmedia":[{"embeddable":true,"href":"https:\/\/brandss.com.py\/index\/wp-json\/wp\/v2\/media\/103443"}],"wp:attachment":[{"href":"https:\/\/brandss.com.py\/index\/wp-json\/wp\/v2\/media?parent=103442"}],"wp:term":[{"taxonomy":"product_brand","embeddable":true,"href":"https:\/\/brandss.com.py\/index\/wp-json\/wp\/v2\/product_brand?post=103442"},{"taxonomy":"product_cat","embeddable":true,"href":"https:\/\/brandss.com.py\/index\/wp-json\/wp\/v2\/product_cat?post=103442"},{"taxonomy":"product_tag","embeddable":true,"href":"https:\/\/brandss.com.py\/index\/wp-json\/wp\/v2\/product_tag?post=103442"}],"curies":[{"name":"wp","href":"https:\/\/api.w.org\/{rel}","templated":true}]}}