{"id":103460,"date":"2026-05-11T19:13:08","date_gmt":"2026-05-11T19:13:08","guid":{"rendered":"https:\/\/brandss.com.py\/index\/?post_type=product&#038;p=103460"},"modified":"2026-05-11T19:14:17","modified_gmt":"2026-05-11T19:14:17","slug":"perfume-femenino-al-wataniah-sabah-al-ward-valentine-edp-100ml","status":"publish","type":"product","link":"https:\/\/brandss.com.py\/index\/producto\/perfume-femenino-al-wataniah-sabah-al-ward-valentine-edp-100ml\/","title":{"rendered":"PERFUME FEMENINO AL WATANIAH SABAH AL WARD VALENTINE EDP 100ML"},"content":{"rendered":"<p><img loading=\"lazy\" decoding=\"async\" class=\"\" src=\"https:\/\/www.alwataniah.com\/cdn\/shop\/files\/alwatniah-logo.webp?v=1759732990&amp;width=600\" alt=\"Granada \u2013 Alwataniah\" width=\"94\" height=\"89\" \/><\/p>\n<h1>SABAH AL WARD VALENTINE<\/h1>\n<p>Descubre la esencia del amor con Sabah Al Ward Valentine, un perfume femenino que celebra la feminidad, capturando dulzura y elegancia en cada aplicaci\u00f3n. Sabah Al Ward Valentine es una exclusiva fragancia especialmente creada para celebrar el amor y los momentos rom\u00e1nticos, dise\u00f1ada para irradiar sofisticaci\u00f3n y elegancia.<img decoding=\"async\" class=\"alignleft\" src=\"https:\/\/acdn-us.mitiendanube.com\/stores\/004\/747\/863\/products\/23dc39879c539fa4ad843a6c3589d343-2d13e9e27781b0c1dc17698167387595-1024-1024.webp\" \/><\/p>\n<p>Este perfume es el compa\u00f1ero perfecto para quienes buscan dejar una impresi\u00f3n imborrable. Experimenta la magia de Sabah Al Ward Valentine y d\u00e9jate envolver por su encantadora fragancia.<\/p>\n<p>&nbsp;<\/p>\n<h3>Notas Olfativas<\/h3>\n<p>&nbsp;<\/p>\n<p>Descubre Al Wataniah Sabah Al Ward Valentine, un perfume femenino floral frutal que combina frescura y sensualidad en cada roc\u00edo. Su apertura de framboesa, grosella negra y bergamota se integra armoniosamente con un coraz\u00f3n elegante de rosa, jazm\u00edn y peon\u00eda. En el\u00a0 fondo de vainilla, almizcle y s\u00e1ndalo aporta calidez, duraci\u00f3n y un rastro irresistible.<\/p>\n<p>&nbsp;<\/p>\n<div class=\"wd-negative-gap elementor-element elementor-element-2f48a5d7 wd-section-stretch e-flex e-con-boxed e-con e-parent\" data-id=\"2f48a5d7\" data-element_type=\"container\" data-e-type=\"container\">\n<div class=\"e-con-inner\">\n<div class=\"elementor-element elementor-element-ddffd31 wd-single-attrs wd-layout-list wd-style-bordered elementor-widget elementor-widget-wd_single_product_additional_info_table\" data-id=\"ddffd31\" data-element_type=\"widget\" data-e-type=\"widget\" data-widget_type=\"wd_single_product_additional_info_table.default\"><strong>Notas de salida:<\/strong> bergamota, frambuesa, grosella negra.<br \/>\n<strong>Notas de coraz\u00f3n:<\/strong> jazm\u00edn, peon\u00eda, rosa.<br \/>\n<strong>Notas de fondo:<\/strong> almizcle, s\u00e1ndalo, vainilla.<\/div>\n<\/div>\n<\/div>\n<div class=\"wd-negative-gap elementor-element elementor-element-48782ad9 wd-section-stretch e-flex e-con-boxed e-con e-parent\" data-id=\"48782ad9\" data-element_type=\"container\" data-e-type=\"container\">\n<div class=\"e-con-inner\">\n<div class=\"elementor-element elementor-element-7e1cff0e wd-width-100 elementor-widget elementor-widget-wd_title\" data-id=\"7e1cff0e\" data-element_type=\"widget\" data-e-type=\"widget\" data-widget_type=\"wd_title.default\">\n<div class=\"elementor-widget-container\">\n<div class=\"title-wrapper wd-set-mb reset-last-child wd-title-color-default wd-title-style-default wd-title-size-default text-left\"><\/div>\n<\/div>\n<\/div>\n<\/div>\n<\/div>\n","protected":false},"excerpt":{"rendered":"<p>SABAH AL WARD VALENTINE Descubre la esencia del amor con Sabah Al Ward Valentine, un perfume femenino que celebra la<\/p>\n","protected":false},"featured_media":103461,"comment_status":"open","ping_status":"closed","template":"","meta":{"nf_dc_page":""},"product_brand":[105],"product_cat":[84],"product_tag":[3687],"class_list":{"0":"post-103460","1":"product","2":"type-product","3":"status-publish","4":"has-post-thumbnail","6":"product_brand-al-wataniah","7":"product_cat-perfumeria","8":"product_tag-3687","10":"first","11":"instock","12":"shipping-taxable","13":"purchasable","14":"product-type-simple"},"_links":{"self":[{"href":"https:\/\/brandss.com.py\/index\/wp-json\/wp\/v2\/product\/103460","targetHints":{"allow":["GET"]}}],"collection":[{"href":"https:\/\/brandss.com.py\/index\/wp-json\/wp\/v2\/product"}],"about":[{"href":"https:\/\/brandss.com.py\/index\/wp-json\/wp\/v2\/types\/product"}],"replies":[{"embeddable":true,"href":"https:\/\/brandss.com.py\/index\/wp-json\/wp\/v2\/comments?post=103460"}],"version-history":[{"count":2,"href":"https:\/\/brandss.com.py\/index\/wp-json\/wp\/v2\/product\/103460\/revisions"}],"predecessor-version":[{"id":103466,"href":"https:\/\/brandss.com.py\/index\/wp-json\/wp\/v2\/product\/103460\/revisions\/103466"}],"wp:featuredmedia":[{"embeddable":true,"href":"https:\/\/brandss.com.py\/index\/wp-json\/wp\/v2\/media\/103461"}],"wp:attachment":[{"href":"https:\/\/brandss.com.py\/index\/wp-json\/wp\/v2\/media?parent=103460"}],"wp:term":[{"taxonomy":"product_brand","embeddable":true,"href":"https:\/\/brandss.com.py\/index\/wp-json\/wp\/v2\/product_brand?post=103460"},{"taxonomy":"product_cat","embeddable":true,"href":"https:\/\/brandss.com.py\/index\/wp-json\/wp\/v2\/product_cat?post=103460"},{"taxonomy":"product_tag","embeddable":true,"href":"https:\/\/brandss.com.py\/index\/wp-json\/wp\/v2\/product_tag?post=103460"}],"curies":[{"name":"wp","href":"https:\/\/api.w.org\/{rel}","templated":true}]}}