{"id":103475,"date":"2026-05-12T11:51:20","date_gmt":"2026-05-12T11:51:20","guid":{"rendered":"https:\/\/brandss.com.py\/index\/?post_type=product&#038;p=103475"},"modified":"2026-05-12T11:51:42","modified_gmt":"2026-05-12T11:51:42","slug":"polvo-facial-armaf-beaute-parfaite-fix-compact-warm-beige-8gr","status":"publish","type":"product","link":"https:\/\/brandss.com.py\/index\/producto\/polvo-facial-armaf-beaute-parfaite-fix-compact-warm-beige-8gr\/","title":{"rendered":"POLVO FACIAL ARMAF BEAUT\u00c9 PARFAITE FIX COMPACT WARM BEIGE 8GR"},"content":{"rendered":"<p><img loading=\"lazy\" decoding=\"async\" class=\"\" src=\"https:\/\/odora.bg\/wp-content\/uploads\/2025\/08\/ZXVZX.png\" alt=\"Armaf - ODORA\" width=\"67\" height=\"67\" \/><\/p>\n<h1>PARFAITE FIX COMPACT WARM BEIGE<\/h1>\n<p><span dir=\"auto\">Es un polvo ligero y et\u00e9reo que absorbe el exceso de grasa y deja un acabado impecable en la piel. Difumina y suaviza las imperfecciones, sin acumularse en las l\u00edneas de expresi\u00f3n ni en las arrugas. Solo tienes que aplicar un poco en las zonas del rostro propensas al sudor y te durar\u00e1 todo el d\u00eda, incluso si decides darte un chapuz\u00f3n en la piscina.<img decoding=\"async\" class=\"alignleft\" src=\"https:\/\/armafbeaute.com\/cdn\/shop\/files\/6294015176438_1-_2.jpg?v=1766745446\" \/><\/span><\/p>\n<h3><\/h3>\n<h3><strong><span dir=\"auto\">Beneficios<img decoding=\"async\" class=\"alignright\" src=\"https:\/\/armafbeaute.com\/cdn\/shop\/files\/6294015176438_11-_2.jpg?v=1766745446\" \/><\/span><\/strong><\/h3>\n<p>&nbsp;<\/p>\n<ol>\n<li><span dir=\"auto\">Acabado mate sin juntas.<\/span><\/li>\n<li><span dir=\"auto\">F\u00f3rmula ligera.<\/span><\/li>\n<li><span dir=\"auto\">Polvo ultrafino.<\/span><\/li>\n<li><span dir=\"auto\">Imperfecci\u00f3n borrosa.<\/span><\/li>\n<li><span dir=\"auto\">Textura suave y sedosa.<\/span><\/li>\n<li><span dir=\"auto\">6 tonos para elegir.<\/span><\/li>\n<\/ol>\n<h3><\/h3>\n<h3><strong><span dir=\"auto\">Modo de uso<\/span><\/strong><\/h3>\n<p>&nbsp;<\/p>\n<ol>\n<li><span dir=\"auto\">Aplica el polvo con la borla aplicadora, concentr\u00e1ndote en la zona T y las \u00e1reas propensas al brillo.<\/span><\/li>\n<li><span dir=\"auto\">Difumina suavemente el polvo sobre la piel con movimientos circulares para un acabado liso y natural. Aseg\u00farate de difuminarlo bien alrededor de la mand\u00edbula y la l\u00ednea del cabello.<\/span><\/li>\n<li><span dir=\"auto\">Lleva contigo este polvo compacto para retoques r\u00e1pidos durante el d\u00eda y as\u00ed mantener una tez fresca y mate, eliminando el exceso de brillo y fijando el maquillaje.<\/span><\/li>\n<\/ol>\n","protected":false},"excerpt":{"rendered":"<p>PARFAITE FIX COMPACT WARM BEIGE Es un polvo ligero y et\u00e9reo que absorbe el exceso de grasa y deja un<\/p>\n","protected":false},"featured_media":103468,"comment_status":"open","ping_status":"closed","template":"","meta":{"nf_dc_page":""},"product_brand":[106],"product_cat":[95],"product_tag":[3689],"class_list":{"0":"post-103475","1":"product","2":"type-product","3":"status-publish","4":"has-post-thumbnail","6":"product_brand-armaf","7":"product_cat-maquillaje","8":"product_tag-3689","10":"first","11":"instock","12":"shipping-taxable","13":"purchasable","14":"product-type-simple"},"_links":{"self":[{"href":"https:\/\/brandss.com.py\/index\/wp-json\/wp\/v2\/product\/103475","targetHints":{"allow":["GET"]}}],"collection":[{"href":"https:\/\/brandss.com.py\/index\/wp-json\/wp\/v2\/product"}],"about":[{"href":"https:\/\/brandss.com.py\/index\/wp-json\/wp\/v2\/types\/product"}],"replies":[{"embeddable":true,"href":"https:\/\/brandss.com.py\/index\/wp-json\/wp\/v2\/comments?post=103475"}],"version-history":[{"count":1,"href":"https:\/\/brandss.com.py\/index\/wp-json\/wp\/v2\/product\/103475\/revisions"}],"predecessor-version":[{"id":103478,"href":"https:\/\/brandss.com.py\/index\/wp-json\/wp\/v2\/product\/103475\/revisions\/103478"}],"wp:featuredmedia":[{"embeddable":true,"href":"https:\/\/brandss.com.py\/index\/wp-json\/wp\/v2\/media\/103468"}],"wp:attachment":[{"href":"https:\/\/brandss.com.py\/index\/wp-json\/wp\/v2\/media?parent=103475"}],"wp:term":[{"taxonomy":"product_brand","embeddable":true,"href":"https:\/\/brandss.com.py\/index\/wp-json\/wp\/v2\/product_brand?post=103475"},{"taxonomy":"product_cat","embeddable":true,"href":"https:\/\/brandss.com.py\/index\/wp-json\/wp\/v2\/product_cat?post=103475"},{"taxonomy":"product_tag","embeddable":true,"href":"https:\/\/brandss.com.py\/index\/wp-json\/wp\/v2\/product_tag?post=103475"}],"curies":[{"name":"wp","href":"https:\/\/api.w.org\/{rel}","templated":true}]}}