{"id":103484,"date":"2026-05-12T12:15:53","date_gmt":"2026-05-12T12:15:53","guid":{"rendered":"https:\/\/brandss.com.py\/index\/?post_type=product&#038;p=103484"},"modified":"2026-05-12T12:17:24","modified_gmt":"2026-05-12T12:17:24","slug":"iluminador-facial-armaf-beaute-what-a-glow-rose-quartz","status":"publish","type":"product","link":"https:\/\/brandss.com.py\/index\/producto\/iluminador-facial-armaf-beaute-what-a-glow-rose-quartz\/","title":{"rendered":"ILUMINADOR FACIAL ARMAF BEAUT\u00c9 WHAT-A-GLOW ROSE QUARTZ"},"content":{"rendered":"<p><img loading=\"lazy\" decoding=\"async\" class=\"\" src=\"https:\/\/odora.bg\/wp-content\/uploads\/2025\/08\/ZXVZX.png\" alt=\"Armaf - ODORA\" width=\"98\" height=\"98\" \/><\/p>\n<h1>WHAT-A-GLOW<\/h1>\n<div class=\"OverviewTab-module-scss-module__NTeOuq__overviewDescriptionCtr\">\n<div class=\"OverviewDescription-module-scss-module__VOioTG__overviewDescriptionWrapper\">\n<p><span dir=\"auto\">Ilumina tus rasgos con el iluminador What-A-Glow. Este iluminador tiene una f\u00f3rmula sedosa, suave e incre\u00edblemente difuminable que a\u00f1ade dimensi\u00f3n y definici\u00f3n a tu rostro, brind\u00e1ndote ese brillo radiante y radiante que tanto deseas. Enriquecido con pigmentos que reflejan la luz, nuestro iluminador proporciona un acabado brillante y deslumbrante, perfecto para iluminar tu cutis. Es tan suave que sentir\u00e1s como si llevaras una segunda piel. Dise\u00f1ado para complementar todos los tonos de piel, el iluminador What-A-Glow es la manera perfecta de completar tu look y realzar tus rasgos, dej\u00e1ndote con un hermoso brillo natural.<img loading=\"lazy\" decoding=\"async\" class=\"alignleft\" src=\"https:\/\/f.nooncdn.com\/p\/pzsku\/ZE5DCCCE64ED2BC0258EFZ\/45\/1757685486\/97456b73-2ea1-469a-a925-9049aea95bdd.jpg?width=800\" width=\"723\" height=\"723\" \/><\/span><\/p>\n<p>Consigue un brillo luminoso y radiante con el Iluminador What-A-Glow. Este iluminador tiene una f\u00f3rmula sedosa, suave y f\u00e1cil de difuminar que a\u00f1ade dimensi\u00f3n y definici\u00f3n a tus rasgos. Enriquecido con pigmentos que reflejan la luz, este iluminador proporciona un acabado espectacular y brillante, perfecto para aportar luminosidad a tu cutis. Dise\u00f1ado para complementar todos los tonos de piel.<\/p>\n<\/div>\n<\/div>\n<div class=\"OverviewTab-module-scss-module__NTeOuq__highlightsCtr\">\n<h3><\/h3>\n<h3 class=\"OverviewTab-module-scss-module__NTeOuq__columnTitle\"><span dir=\"auto\">Caracter\u00edsticas<\/span><\/h3>\n<p>&nbsp;<\/p>\n<ul>\n<li><span dir=\"auto\"><strong>Brillo radiante:<\/strong>\u00a0Consigue un brillo luminoso y radiante que ilumina instant\u00e1neamente tu cutis y resalta tus mejores rasgos.<\/span><\/li>\n<li><span dir=\"auto\"><strong>Sedoso y difuminable:<\/strong>\u00a0La textura suave y sedosa se desliza sin esfuerzo, lo que hace que sea f\u00e1cil de difuminar para lograr un acabado uniforme y de aspecto natural.<\/span><\/li>\n<li><span dir=\"auto\"><strong>Acabado de alto brillo:<\/strong>\u00a0Infundido con pigmentos que reflejan la luz, este iluminador brinda un efecto sorprendente de alto brillo que capta la luz maravillosamente.<\/span><\/li>\n<li><span dir=\"auto\"><strong>Dimensi\u00f3n y definici\u00f3n:<\/strong>\u00a0Agrega dimensi\u00f3n y definici\u00f3n a tu rostro, perfecto para acentuar los p\u00f3mulos, el hueso de la ceja y el puente de la nariz.<\/span><\/li>\n<li><span dir=\"auto\"><strong>Tono universal:<\/strong>\u00a0Dise\u00f1ado para complementar todos los tonos de piel, proporcionando un brillo hermoso y radiante sin un tono calc\u00e1reo o ceniciento.<\/span><\/li>\n<\/ul>\n<h3><\/h3>\n<h3><\/h3>\n<h3><\/h3>\n<h3><strong><span dir=\"auto\">Beneficios<\/span><\/strong><\/h3>\n<ol>\n<li><span dir=\"auto\">Resplandor natural.<\/span><\/li>\n<li><span dir=\"auto\">Resplandor de un solo golpe.<\/span><\/li>\n<li><span dir=\"auto\">Polvo ultrafino.<\/span><\/li>\n<li><span dir=\"auto\">Acabado luminoso.<\/span><\/li>\n<li><span dir=\"auto\">4 tonos brillantes.<\/span><\/li>\n<\/ol>\n<h3><strong><span dir=\"auto\">Modo de uso<\/span><\/strong><\/h3>\n<p><span dir=\"auto\">Usa una brocha para aplicar el iluminador en polvo en puntos destacados como los p\u00f3mulos, el puente de la nariz y el arco de Cupido para un efecto radiante.<\/span><\/p>\n<p><span dir=\"auto\">Aplica gradualmente: Comienza con una aplicaci\u00f3n ligera y aumenta la intensidad seg\u00fan desees. Las capas permiten un brillo natural y personalizable que se adapta a tus preferencias.<\/span><\/p>\n<p><span dir=\"auto\">Difumina para un acabado uniforme: Difumina el iluminador suavemente con movimientos suaves para evitar l\u00edneas marcadas. Esto garantiza un acabado radiante y uniforme que captura la luz de forma perfecta en tu rostro.<\/span><\/p>\n<\/div>\n","protected":false},"excerpt":{"rendered":"<p>WHAT-A-GLOW Ilumina tus rasgos con el iluminador What-A-Glow. Este iluminador tiene una f\u00f3rmula sedosa, suave e incre\u00edblemente difuminable que a\u00f1ade<\/p>\n","protected":false},"featured_media":103485,"comment_status":"open","ping_status":"closed","template":"","meta":{"nf_dc_page":""},"product_brand":[106],"product_cat":[95],"product_tag":[3691],"class_list":{"0":"post-103484","1":"product","2":"type-product","3":"status-publish","4":"has-post-thumbnail","6":"product_brand-armaf","7":"product_cat-maquillaje","8":"product_tag-3691","10":"first","11":"instock","12":"shipping-taxable","13":"purchasable","14":"product-type-simple"},"_links":{"self":[{"href":"https:\/\/brandss.com.py\/index\/wp-json\/wp\/v2\/product\/103484","targetHints":{"allow":["GET"]}}],"collection":[{"href":"https:\/\/brandss.com.py\/index\/wp-json\/wp\/v2\/product"}],"about":[{"href":"https:\/\/brandss.com.py\/index\/wp-json\/wp\/v2\/types\/product"}],"replies":[{"embeddable":true,"href":"https:\/\/brandss.com.py\/index\/wp-json\/wp\/v2\/comments?post=103484"}],"version-history":[{"count":1,"href":"https:\/\/brandss.com.py\/index\/wp-json\/wp\/v2\/product\/103484\/revisions"}],"predecessor-version":[{"id":103490,"href":"https:\/\/brandss.com.py\/index\/wp-json\/wp\/v2\/product\/103484\/revisions\/103490"}],"wp:featuredmedia":[{"embeddable":true,"href":"https:\/\/brandss.com.py\/index\/wp-json\/wp\/v2\/media\/103485"}],"wp:attachment":[{"href":"https:\/\/brandss.com.py\/index\/wp-json\/wp\/v2\/media?parent=103484"}],"wp:term":[{"taxonomy":"product_brand","embeddable":true,"href":"https:\/\/brandss.com.py\/index\/wp-json\/wp\/v2\/product_brand?post=103484"},{"taxonomy":"product_cat","embeddable":true,"href":"https:\/\/brandss.com.py\/index\/wp-json\/wp\/v2\/product_cat?post=103484"},{"taxonomy":"product_tag","embeddable":true,"href":"https:\/\/brandss.com.py\/index\/wp-json\/wp\/v2\/product_tag?post=103484"}],"curies":[{"name":"wp","href":"https:\/\/api.w.org\/{rel}","templated":true}]}}