{"id":103498,"date":"2026-05-12T12:49:08","date_gmt":"2026-05-12T12:49:08","guid":{"rendered":"https:\/\/brandss.com.py\/index\/?post_type=product&#038;p=103498"},"modified":"2026-05-12T12:49:38","modified_gmt":"2026-05-12T12:49:38","slug":"brillo-labial-liquido-armaf-beaute-shine-a-more-bliss-4-5ml","status":"publish","type":"product","link":"https:\/\/brandss.com.py\/index\/producto\/brillo-labial-liquido-armaf-beaute-shine-a-more-bliss-4-5ml\/","title":{"rendered":"BRILLO LABIAL L\u00cdQUIDO ARMAF BEAUT\u00c9 SHINE A MORE BLISS 4.5ML"},"content":{"rendered":"<p><img loading=\"lazy\" decoding=\"async\" class=\"\" src=\"https:\/\/i0.wp.com\/odora.bg\/wp-content\/uploads\/2025\/08\/ZXVZX.png?resize=75%2C75&amp;ssl=1\" alt=\"Armaf - ODORA\" width=\"75\" height=\"75\" data-recalc-dims=\"1\" \/><\/p>\n<h1>SHINE A MORE<\/h1>\n<p>&nbsp;<\/p>\n<div class=\"OverviewTab-module-scss-module__NTeOuq__overviewDescriptionCtr\">\n<div class=\"OverviewDescription-module-scss-module__VOioTG__overviewDescriptionWrapper\">\n<p class=\"OverviewDescription-module-scss-module__VOioTG__overviewDesc\"><span dir=\"auto\">Dale vida a tus labios con el brillo labial hidratante Shine-A-More con vitamina E (4.5 ml), dise\u00f1ado para darte un brillo irresistible sin la sensaci\u00f3n pegajosa ni pesada. Su f\u00f3rmula ligera e hidratante se desliza sin esfuerzo, dejando los labios suaves, tersos y nutridos durante todo el d\u00eda. Enriquecido con vitamina E, este brillo labial no solo brinda un acabado brillante y radiante, sino que tambi\u00e9n ayuda a acondicionar y proteger tus labios. Perfecto para el uso diario, se puede aplicar solo para un look brillante natural o sobre tu l\u00e1piz labial favorito para un toque extra de brillo y volumen. Disponible en una variedad de tonos llamativos, el brillo labial Shine-A-More es imprescindible en cualquier neceser. Ya sea que quieras un brillo sutil para la elegancia diaria o un acabado brillante audaz para ocasiones especiales, este brillo labial realza tu belleza natural y mantiene tus labios con un aspecto voluminoso y atractivo.<img decoding=\"async\" class=\"alignleft\" src=\"https:\/\/i0.wp.com\/armafbeaute.com\/cdn\/shop\/files\/6294015193848-4_8d93d1ca-0356-401b-a109-287f0106df14.jpg?ssl=1\" data-recalc-dims=\"1\" \/><\/span><\/p>\n<\/div>\n<\/div>\n<div class=\"OverviewTab-module-scss-module__NTeOuq__highlightsCtr\">\n<h3><\/h3>\n<h3 class=\"OverviewTab-module-scss-module__NTeOuq__columnTitle\"><span dir=\"auto\">Caracter\u00edsticas<\/span><\/h3>\n<p>&nbsp;<\/p>\n<ul>\n<li><span dir=\"auto\"><strong>Brillo de labios hidratante no pegajoso:<\/strong>\u00a0su f\u00f3rmula liviana brinda un acabado suave y brillante sin sensaci\u00f3n pegajosa ni pesada.<\/span><\/li>\n<li><span dir=\"auto\"><strong>Hidratante con vitamina E:<\/strong>\u00a0infundido con vitamina E para nutrir, hidratar y mantener los labios suaves y acondicionados.<\/span><\/li>\n<li><span dir=\"auto\"><strong>Brillo brillante y radiante:<\/strong>\u00a0proporciona un acabado de alto brillo que hace que los labios luzcan m\u00e1s llenos, regordetes y atractivos.<\/span><\/li>\n<li><span dir=\"auto\"><strong>Uso vers\u00e1til:<\/strong>\u00a0\u00daselo solo para lograr labios brillantes y naturales o apl\u00edquelo sobre el l\u00e1piz labial para lograr un aspecto radiante mejorado.<\/span><\/li>\n<li><span dir=\"auto\"><strong>Imprescindible de maquillaje diario:<\/strong>\u00a0viene en tonos modernos y llamativos, perfectos para ropa informal, para la oficina o eventos especiales.<\/span><\/li>\n<\/ul>\n<h3><\/h3>\n<h3>Modo de uso<\/h3>\n<p>&nbsp;<\/p>\n<p>Aplicar directamente sobre los labios limpios utilizando el aplicador para un acabado brillante y suave.<\/p>\n<\/div>\n","protected":false},"excerpt":{"rendered":"<p>SHINE A MORE &nbsp; Dale vida a tus labios con el brillo labial hidratante Shine-A-More con vitamina E (4.5 ml),<\/p>\n","protected":false},"featured_media":103499,"comment_status":"open","ping_status":"closed","template":"","meta":{"nf_dc_page":""},"product_brand":[106],"product_cat":[95],"product_tag":[3693],"class_list":{"0":"post-103498","1":"product","2":"type-product","3":"status-publish","4":"has-post-thumbnail","6":"product_brand-armaf","7":"product_cat-maquillaje","8":"product_tag-3693","10":"first","11":"instock","12":"shipping-taxable","13":"purchasable","14":"product-type-simple"},"_links":{"self":[{"href":"https:\/\/brandss.com.py\/index\/wp-json\/wp\/v2\/product\/103498","targetHints":{"allow":["GET"]}}],"collection":[{"href":"https:\/\/brandss.com.py\/index\/wp-json\/wp\/v2\/product"}],"about":[{"href":"https:\/\/brandss.com.py\/index\/wp-json\/wp\/v2\/types\/product"}],"replies":[{"embeddable":true,"href":"https:\/\/brandss.com.py\/index\/wp-json\/wp\/v2\/comments?post=103498"}],"version-history":[{"count":1,"href":"https:\/\/brandss.com.py\/index\/wp-json\/wp\/v2\/product\/103498\/revisions"}],"predecessor-version":[{"id":103505,"href":"https:\/\/brandss.com.py\/index\/wp-json\/wp\/v2\/product\/103498\/revisions\/103505"}],"wp:featuredmedia":[{"embeddable":true,"href":"https:\/\/brandss.com.py\/index\/wp-json\/wp\/v2\/media\/103499"}],"wp:attachment":[{"href":"https:\/\/brandss.com.py\/index\/wp-json\/wp\/v2\/media?parent=103498"}],"wp:term":[{"taxonomy":"product_brand","embeddable":true,"href":"https:\/\/brandss.com.py\/index\/wp-json\/wp\/v2\/product_brand?post=103498"},{"taxonomy":"product_cat","embeddable":true,"href":"https:\/\/brandss.com.py\/index\/wp-json\/wp\/v2\/product_cat?post=103498"},{"taxonomy":"product_tag","embeddable":true,"href":"https:\/\/brandss.com.py\/index\/wp-json\/wp\/v2\/product_tag?post=103498"}],"curies":[{"name":"wp","href":"https:\/\/api.w.org\/{rel}","templated":true}]}}