{"id":103522,"date":"2026-05-12T13:59:41","date_gmt":"2026-05-12T13:59:41","guid":{"rendered":"https:\/\/brandss.com.py\/index\/?post_type=product&#038;p=103522"},"modified":"2026-05-12T14:00:05","modified_gmt":"2026-05-12T14:00:05","slug":"serum-facial-medicube-glutathione-glow-30gr","status":"publish","type":"product","link":"https:\/\/brandss.com.py\/index\/producto\/serum-facial-medicube-glutathione-glow-30gr\/","title":{"rendered":"S\u00c9RUM FACIAL MEDICUBE GLUTATHIONE GLOW 30GR"},"content":{"rendered":"<p><img loading=\"lazy\" decoding=\"async\" class=\"\" src=\"https:\/\/brandlogos.net\/wp-content\/uploads\/2025\/04\/medicube-logo_brandlogos.net_bwt16.png\" alt=\"S\u00c9RUM FACIAL MEDICUBE HYALURONIC MULTI PEPTIDE 30ML \u2013 Brands\" width=\"118\" height=\"23\" \/><\/p>\n<p>&nbsp;<\/p>\n<h1>GLUTATHIONE GLOW<\/h1>\n<p>&nbsp;<\/p>\n<p><strong>Descubre una piel radiante<\/strong>\u00a0con el Glutathione Glow Serum de medicube. Este suero de alta calidad est\u00e1 enriquecido con 50,000 ppm de glutati\u00f3n, un poderoso antioxidante que protege la piel de los da\u00f1os ambientales y el envejecimiento. La f\u00f3rmula tambi\u00e9n contiene niacinamida, adenosina, col\u00e1geno y lisado de fermento de bifida para iluminar la piel, mejorar su elasticidad y fortalecer la barrera cut\u00e1nea.<\/p>\n<p><img loading=\"lazy\" decoding=\"async\" class=\"alignleft\" src=\"https:\/\/moonkuwait.com\/cdn\/shop\/files\/download_24_3bf325a0-0c03-4e68-a546-89965cbd6d18.jpg?v=1765707075\" width=\"869\" height=\"869\" \/><\/p>\n<h2 data-start=\"390\" data-end=\"420\"><span dir=\"auto\">Ingredientes clave y funciones<\/span><\/h2>\n<p>&nbsp;<\/p>\n<ul data-start=\"422\" data-end=\"1004\">\n<li data-start=\"422\" data-end=\"510\">\n<p data-start=\"424\" data-end=\"510\"><strong data-start=\"424\" data-end=\"439\"><span dir=\"auto\">Glutati\u00f3n:<\/span><\/strong><span dir=\"auto\"> potente antioxidante que ilumina la piel y reduce la decoloraci\u00f3n.<\/span><\/p>\n<\/li>\n<li data-start=\"511\" data-end=\"617\">\n<p data-start=\"513\" data-end=\"617\"><strong data-start=\"513\" data-end=\"528\"><span dir=\"auto\">Niacinamida:<\/span><\/strong><span dir=\"auto\"> aten\u00faa las manchas oscuras y la pigmentaci\u00f3n, suaviza la textura y fortalece la barrera cut\u00e1nea.<\/span><\/p>\n<\/li>\n<li data-start=\"618\" data-end=\"680\">\n<p data-start=\"620\" data-end=\"680\"><strong data-start=\"620\" data-end=\"633\"><span dir=\"auto\">Adenosina:<\/span><\/strong><span dir=\"auto\"> mejora la elasticidad y suaviza las l\u00edneas de expresi\u00f3n.<\/span><\/p>\n<\/li>\n<li data-start=\"681\" data-end=\"760\">\n<p data-start=\"683\" data-end=\"760\"><strong data-start=\"683\" data-end=\"708\"><span dir=\"auto\">Lisado de fermento de Bifida:<\/span><\/strong><span dir=\"auto\"> favorece el microbioma cut\u00e1neo y la resistencia de la barrera cut\u00e1nea.<\/span><\/p>\n<\/li>\n<li data-start=\"761\" data-end=\"853\">\n<p data-start=\"763\" data-end=\"853\"><strong data-start=\"763\" data-end=\"801\"><span dir=\"auto\">Complejo de escualano y \u00e1cido hialur\u00f3nico:<\/span><\/strong><span dir=\"auto\"> proporciona una hidrataci\u00f3n profunda para una piel suave y tersa.<\/span><\/p>\n<\/li>\n<li data-start=\"854\" data-end=\"915\">\n<p data-start=\"856\" data-end=\"915\"><strong data-start=\"856\" data-end=\"878\"><span dir=\"auto\">Col\u00e1geno similar al de la piel:<\/span><\/strong><span dir=\"auto\"> mejora la firmeza y la elasticidad.<\/span><\/p>\n<\/li>\n<li data-start=\"916\" data-end=\"1004\">\n<p data-start=\"918\" data-end=\"1004\"><strong data-start=\"918\" data-end=\"958\"><span dir=\"auto\">Ceramida NP, pantenol y betaglucano:<\/span><\/strong><span dir=\"auto\"> calma la piel y ayuda a reparar la barrera cut\u00e1nea.<\/span><\/p>\n<\/li>\n<\/ul>\n<h3><\/h3>\n<h3><strong>Ventajas<\/strong><\/h3>\n<p>&nbsp;<\/p>\n<ul>\n<li><strong>Alta concentraci\u00f3n de glutati\u00f3n (50,000 ppm):<\/strong>\u00a0un poderoso antioxidante que protege la piel y proporciona luminosidad<\/li>\n<li><strong>Ilumina y unifica el tono de la piel: <\/strong>reduce manchas oscuras y pigmentaci\u00f3n<\/li>\n<li><strong>Contiene niacinamida y adenosina:<\/strong>\u00a0promueve la elasticidad de la piel y reduce l\u00edneas finas<\/li>\n<li><strong>Col\u00e1geno y lisado de fermento de bifida:<\/strong> fortalece la barrera cut\u00e1nea y mejora los niveles de hidrataci\u00f3n<\/li>\n<li><strong>Dermatol\u00f3gicamente probado: <\/strong>seguro para todo tipo de piel, incluso piel sensible<\/li>\n<\/ul>\n<h2 data-start=\"1011\" data-end=\"1026\"><img loading=\"lazy\" decoding=\"async\" class=\"alignright\" src=\"https:\/\/moonglow.md\/wp-content\/uploads\/2026\/04\/medicube-age-r-glutathione-glow-serum-30g-2.jpg\" width=\"720\" height=\"720\" \/><\/h2>\n<h2 data-start=\"1011\" data-end=\"1026\"><span dir=\"auto\">Beneficios clave<\/span><\/h2>\n<p data-start=\"1031\" data-end=\"1113\">\n<div id=\"tab_LfbhKD8911745941748\" class=\"collapsible-content collapsible-content--all is-open\">\n<div class=\"collapsible-content__inner rte clearfix\">\n<div class=\"metafield-rich_text_field\">\n<ol>\n<li><span dir=\"auto\">Apto para todo tipo de piel.<\/span><\/li>\n<li><span dir=\"auto\">Combate la opacidad y la pigmentaci\u00f3n con potentes agentes iluminadores.<\/span><\/li>\n<li><span dir=\"auto\">Aumenta la elasticidad y la producci\u00f3n de col\u00e1geno para una piel m\u00e1s firme y el\u00e1stica.<\/span><\/li>\n<\/ol>\n<\/div>\n<\/div>\n<\/div>\n<h3><\/h3>\n<h3><strong>Modo de uso<\/strong><\/h3>\n<p>&nbsp;<\/p>\n<ol>\n<li>Limpia la piel\u00a0cuidadosamente y aplica tu t\u00f3nico para preparar la piel.<\/li>\n<li>Dispensa una cantidad adecuada de suero\u00a0en las yemas de los dedos.<\/li>\n<li>Aplica uniformemente\u00a0sobre el rostro y masajea suavemente en la piel.<\/li>\n<li>Da ligeros golpecitos al suero\u00a0con las yemas de los dedos para una mejor absorci\u00f3n.<\/li>\n<li>Contin\u00faa con tu crema hidratante\u00a0y protector solar por la ma\u00f1ana.<\/li>\n<\/ol>\n<p>&nbsp;<\/p>\n<p>Usa diariamente, ma\u00f1ana y noche, para obtener mejores resultados.<\/p>\n","protected":false},"excerpt":{"rendered":"<p>&nbsp; GLUTATHIONE GLOW &nbsp; Descubre una piel radiante\u00a0con el Glutathione Glow Serum de medicube. Este suero de alta calidad est\u00e1<\/p>\n","protected":false},"featured_media":103523,"comment_status":"open","ping_status":"closed","template":"","meta":{"nf_dc_page":""},"product_brand":[2664],"product_cat":[104],"product_tag":[3696],"class_list":{"0":"post-103522","1":"product","2":"type-product","3":"status-publish","4":"has-post-thumbnail","6":"product_brand-medicube","7":"product_cat-skin-care","8":"product_tag-3696","10":"first","11":"instock","12":"shipping-taxable","13":"purchasable","14":"product-type-simple"},"_links":{"self":[{"href":"https:\/\/brandss.com.py\/index\/wp-json\/wp\/v2\/product\/103522","targetHints":{"allow":["GET"]}}],"collection":[{"href":"https:\/\/brandss.com.py\/index\/wp-json\/wp\/v2\/product"}],"about":[{"href":"https:\/\/brandss.com.py\/index\/wp-json\/wp\/v2\/types\/product"}],"replies":[{"embeddable":true,"href":"https:\/\/brandss.com.py\/index\/wp-json\/wp\/v2\/comments?post=103522"}],"version-history":[{"count":1,"href":"https:\/\/brandss.com.py\/index\/wp-json\/wp\/v2\/product\/103522\/revisions"}],"predecessor-version":[{"id":103529,"href":"https:\/\/brandss.com.py\/index\/wp-json\/wp\/v2\/product\/103522\/revisions\/103529"}],"wp:featuredmedia":[{"embeddable":true,"href":"https:\/\/brandss.com.py\/index\/wp-json\/wp\/v2\/media\/103523"}],"wp:attachment":[{"href":"https:\/\/brandss.com.py\/index\/wp-json\/wp\/v2\/media?parent=103522"}],"wp:term":[{"taxonomy":"product_brand","embeddable":true,"href":"https:\/\/brandss.com.py\/index\/wp-json\/wp\/v2\/product_brand?post=103522"},{"taxonomy":"product_cat","embeddable":true,"href":"https:\/\/brandss.com.py\/index\/wp-json\/wp\/v2\/product_cat?post=103522"},{"taxonomy":"product_tag","embeddable":true,"href":"https:\/\/brandss.com.py\/index\/wp-json\/wp\/v2\/product_tag?post=103522"}],"curies":[{"name":"wp","href":"https:\/\/api.w.org\/{rel}","templated":true}]}}