{"id":103560,"date":"2026-05-12T18:58:27","date_gmt":"2026-05-12T18:58:27","guid":{"rendered":"https:\/\/brandss.com.py\/index\/?post_type=product&#038;p=103560"},"modified":"2026-05-12T18:58:48","modified_gmt":"2026-05-12T18:58:48","slug":"almohadilla-exfoliante-facial-celimax-ji-woo-gae-heartleaf-bha-peeling-60-pads-125ml","status":"publish","type":"product","link":"https:\/\/brandss.com.py\/index\/producto\/almohadilla-exfoliante-facial-celimax-ji-woo-gae-heartleaf-bha-peeling-60-pads-125ml\/","title":{"rendered":"ALMOHADILLA EXFOLIANTE FACIAL CELIMAX JI WOO GAE HEARTLEAF BHA PEELING 60 PADS 125ML"},"content":{"rendered":"<p><strong><img loading=\"lazy\" decoding=\"async\" class=\"\" src=\"https:\/\/venuseurope.com\/wp-content\/uploads\/2025\/04\/1749779637017_e70c8042c3cb4c198e39bfd4cd3ed238-1.png\" alt=\"celimax | VENUS EUROPE\" width=\"124\" height=\"43\" \/><\/strong><\/p>\n<h1>JI WOO GAE HEARTLEAF BHA PEELING<\/h1>\n<p>Descubra\u00a0Celimax Ji Woo Gae Almohadilla Limpiadora Facial Suave en un Solo Paso, su soluci\u00f3n para desmaquillar, equilibrar el pH e hidratar la piel en un solo gesto. Es un pad exfoliante 2-en-1 que elimina suavemente las c\u00e9lulas muertas de la piel y mejora la textura de la piel. Con ingredientes como BHA (\u00e1cido salic\u00edlico) y extracto de hoja de coraz\u00f3n, reduce el sebo y las impurezas, al mismo tiempo que hidrata y calma la piel. Estos pads est\u00e1n enriquecidos con \u00e1cido hialur\u00f3nico para proporcionar hidrataci\u00f3n, lo que los hace ideales para piel sensible y propensa al acn\u00e9. \u00a1Revele una piel m\u00e1s suave y limpia con una sola pasada!<\/p>\n<p><img loading=\"lazy\" decoding=\"async\" class=\"alignleft\" src=\"https:\/\/resources.sanborns.com.mx\/medios-plazavip\/t1\/1741212809Almohadillasexfoliantesjiwoogae3jpg?scale=50&amp;qlty=75\" width=\"669\" height=\"669\" \/><\/p>\n<h3><strong>Ingredientes claves<\/strong><\/h3>\n<p>&nbsp;<\/p>\n<ul>\n<li><strong>Escualeno:<\/strong>\u00a0hidrata y mejora la absorci\u00f3n<\/li>\n<li><strong>\u00c1cido hialur\u00f3nico:<\/strong>\u00a0retiene la humedad para dar volumen a la piel<\/li>\n<li><strong>Alanto\u00edna:<\/strong>\u00a0calma la piel<\/li>\n<\/ul>\n<p>Con su f\u00f3rmula multitarea,\u00a0Celimax Ji Woo Gae Almohadilla limpiadora facial suave de un solo paso\u00a0transforman la limpieza en un ritual reparador. Perfectas para todo tipo de pieles, proporcionan una piel limpia, equilibrada y radiante, lo que las convierte en un paso indispensable en cualquier r\u00e9gimen de belleza.<\/p>\n<p>&nbsp;<\/p>\n<h3><strong>Ventajas<\/strong><\/h3>\n<p>&nbsp;<\/p>\n<ul>\n<li><strong>Exfoliaci\u00f3n suave:<\/strong>\u00a0BHA (\u00e1cido salic\u00edlico) ayuda a eliminar las c\u00e9lulas muertas de la piel sin irritar.<\/li>\n<li><strong>Reduce el sebo y las impurezas: <\/strong>el extracto de hoja de coraz\u00f3n y el extracto de tea tree ayudan a equilibrar la piel grasa y reducir las impurezas.<\/li>\n<li><strong>Hidratante: <\/strong>enriquecido con \u00e1cido hialur\u00f3nico para hidratar la piel y proteger contra la deshidrataci\u00f3n.<\/li>\n<li><strong>Adecuado para piel sensible:<\/strong> una f\u00f3rmula suave que se puede usar a diario sin causar irritaci\u00f3n.<\/li>\n<li><strong>Uso pr\u00e1ctico:<\/strong> pads 2-en-1 con un lado suave y un lado \u00e1spero, adaptados a diferentes necesidades.<\/li>\n<\/ul>\n<h3><img loading=\"lazy\" decoding=\"async\" class=\"alignright\" src=\"https:\/\/m.media-amazon.com\/images\/I\/81Wpt0evu0L.jpg\" width=\"666\" height=\"933\" \/><\/h3>\n<h3><\/h3>\n<h3><\/h3>\n<h3><strong>Beneficios clave<\/strong><\/h3>\n<p>&nbsp;<\/p>\n<ul>\n<li>Elimina sin esfuerzo el maquillaje y las impurezas<\/li>\n<li>Mantiene el equilibrio \u00f3ptimo del pH<\/li>\n<li>Hidrata y nutre intensamente<\/li>\n<li>Calma la piel<\/li>\n<\/ul>\n<h3><\/h3>\n<h3><strong>Modo de uso<\/strong><\/h3>\n<p>&nbsp;<\/p>\n<ol>\n<li>Toma un pad y utiliza el lado suave para pasar suavemente por todo el rostro despu\u00e9s de la limpieza. Esto ayuda a eliminar eficazmente las c\u00e9lulas muertas de la piel y la suciedad.<\/li>\n<li>Usa el lado m\u00e1s \u00e1spero del pad para exfoliar cuidadosamente \u00e1reas como la nariz y el cuello.<\/li>\n<li>Da palmaditas en el exceso de t\u00f3nico que queda en la piel con las manos para mejorar su absorci\u00f3n.<\/li>\n<li>El producto es lo suficientemente suave para el uso diario y ayuda a mantener la piel limpia e hidratada.<\/li>\n<\/ol>\n<p>Evita su uso en piel da\u00f1ada o irritada,\u00a0y tambi\u00e9n evita el \u00e1rea alrededor de los ojos.<\/p>\n","protected":false},"excerpt":{"rendered":"<p>JI WOO GAE HEARTLEAF BHA PEELING Descubra\u00a0Celimax Ji Woo Gae Almohadilla Limpiadora Facial Suave en un Solo Paso, su soluci\u00f3n<\/p>\n","protected":false},"featured_media":103561,"comment_status":"open","ping_status":"closed","template":"","meta":{"nf_dc_page":""},"product_brand":[2660],"product_cat":[104],"product_tag":[3700],"class_list":{"0":"post-103560","1":"product","2":"type-product","3":"status-publish","4":"has-post-thumbnail","6":"product_brand-celimax","7":"product_cat-skin-care","8":"product_tag-3700","10":"first","11":"instock","12":"shipping-taxable","13":"purchasable","14":"product-type-simple"},"_links":{"self":[{"href":"https:\/\/brandss.com.py\/index\/wp-json\/wp\/v2\/product\/103560","targetHints":{"allow":["GET"]}}],"collection":[{"href":"https:\/\/brandss.com.py\/index\/wp-json\/wp\/v2\/product"}],"about":[{"href":"https:\/\/brandss.com.py\/index\/wp-json\/wp\/v2\/types\/product"}],"replies":[{"embeddable":true,"href":"https:\/\/brandss.com.py\/index\/wp-json\/wp\/v2\/comments?post=103560"}],"version-history":[{"count":1,"href":"https:\/\/brandss.com.py\/index\/wp-json\/wp\/v2\/product\/103560\/revisions"}],"predecessor-version":[{"id":103568,"href":"https:\/\/brandss.com.py\/index\/wp-json\/wp\/v2\/product\/103560\/revisions\/103568"}],"wp:featuredmedia":[{"embeddable":true,"href":"https:\/\/brandss.com.py\/index\/wp-json\/wp\/v2\/media\/103561"}],"wp:attachment":[{"href":"https:\/\/brandss.com.py\/index\/wp-json\/wp\/v2\/media?parent=103560"}],"wp:term":[{"taxonomy":"product_brand","embeddable":true,"href":"https:\/\/brandss.com.py\/index\/wp-json\/wp\/v2\/product_brand?post=103560"},{"taxonomy":"product_cat","embeddable":true,"href":"https:\/\/brandss.com.py\/index\/wp-json\/wp\/v2\/product_cat?post=103560"},{"taxonomy":"product_tag","embeddable":true,"href":"https:\/\/brandss.com.py\/index\/wp-json\/wp\/v2\/product_tag?post=103560"}],"curies":[{"name":"wp","href":"https:\/\/api.w.org\/{rel}","templated":true}]}}