{"id":103569,"date":"2026-05-14T10:58:11","date_gmt":"2026-05-14T10:58:11","guid":{"rendered":"https:\/\/brandss.com.py\/index\/?post_type=product&#038;p=103569"},"modified":"2026-05-14T11:05:21","modified_gmt":"2026-05-14T11:05:21","slug":"set-facial-celimax-the-vita-a-7-days-serum-booster","status":"publish","type":"product","link":"https:\/\/brandss.com.py\/index\/producto\/set-facial-celimax-the-vita-a-7-days-serum-booster\/","title":{"rendered":"SET FACIAL CELIMAX THE VITA A 7 DAYS S\u00c9RUM + BOOSTER"},"content":{"rendered":"<p><img loading=\"lazy\" decoding=\"async\" class=\"\" src=\"https:\/\/venuseurope.com\/wp-content\/uploads\/2025\/04\/1749779637017_e70c8042c3cb4c198e39bfd4cd3ed238-1.png\" alt=\"CREMA FACIAL CELIMAX DUAL BARRIER SKIN WEARABLE 50ML \u2013 Brands\" width=\"127\" height=\"44\" \/><\/p>\n<h1>THE VITA A 7 DAYS<\/h1>\n<p><span dir=\"auto\">El\u00a0<\/span><span dir=\"auto\">kit Celimax Vita-A de 7 d\u00edas\u00a0<\/span><span dir=\"auto\">ofrece un tratamiento eficaz y espec\u00edfico: retinoides avanzados (retinol + retinal), enriquecidos con p\u00e9ptidos, administrados mediante la microtecnolog\u00eda A-Shot. Los datos cl\u00ednicos respaldan mejoras r\u00e1pidas en arrugas y poros. Ideal para quienes buscan un efecto revitalizante r\u00e1pido y efectivo; solo tenga en cuenta la sensibilidad de la piel y la protecci\u00f3n solar.<img decoding=\"async\" class=\"alignleft\" src=\"https:\/\/songofskin.com\/cdn\/shop\/files\/celimax-THE-VITA-A-7-DAYS-KIT-Song-of-Skin-41642410311979.png?v=1768808143&amp;width=600\" \/> <\/span><\/p>\n<p><span dir=\"auto\">El innovador Kit Suero Tensor + Potenciador Celimax Vita-A 7-Days es un tratamiento avanzado dise\u00f1ado para revitalizar y rejuvenecer tu piel en solo una semana. Este kit, que combina el poder del retinol y el retinal, es perfecto para quienes buscan resultados r\u00e1pidos y visibles en la reducci\u00f3n de arrugas y mejora de la textura de la piel. Cada ampolla est\u00e1 formulada con la microtecnolog\u00eda A-Shot, asegurando una entrega eficaz de ingredientes activos como el retinol al 0.1% y el retinal encapsulado al 0.1%, junto con p\u00e9ptidos como el Complejo de 9 p\u00e9ptidos y Matrixyl 3000 al 3%. Este tratamiento intensivo est\u00e1 dise\u00f1ado para aumentar la elasticidad, suavizar la textura y minimizar los poros, proporcionando un aspecto m\u00e1s firme y joven. Ideal para un refuerzo semanal, el kit alterna entre el suero tensor Retinol Shot y el Potenciador Tensor Retinal Shot, garantizando un equilibrio perfecto entre eficacia y cuidado. Recuerda usar protecci\u00f3n solar para maximizar los beneficios y minimizar la sensibilidad. Experimenta la transformaci\u00f3n de tu piel con Celimax, donde ciencia y belleza se unen.<\/span><\/p>\n<p data-end=\"105\" data-start=\"68\"><span class=\"relative -mx-px my-[-0.2rem] rounded px-px py-[0.2rem] transition-colors duration-100 ease-in-out\"><span dir=\"auto\">Un completo\u00a0<\/span><span dir=\"auto\">kit de cuidado facial de 7 d\u00edas<\/span><span dir=\"auto\">\u00a0con el potente d\u00fao de retinoides Vita-A de Celimax:<\/span><\/span><\/p>\n<ol data-end=\"188\" data-start=\"107\">\n<li data-end=\"147\" data-start=\"107\">\n<p data-start=\"756\" data-end=\"845\"><span dir=\"auto\">Cada d\u00eda se administra una dosis previa con ampollas alternas para proporcionar un tratamiento con retinoides equilibrado:<\/span><\/p>\n<ul data-start=\"847\" data-end=\"1234\">\n<li data-start=\"847\" data-end=\"1037\">\n<p data-start=\"849\" data-end=\"902\"><strong data-start=\"849\" data-end=\"882\"><span dir=\"auto\">S\u00e9rum reafirmante con retinol<\/span><\/strong><span dir=\"auto\">\u00a0(D\u00edas 1, 3, 5, 7)<\/span><\/p>\n<ul data-start=\"905\" data-end=\"1037\">\n<li data-start=\"905\" data-end=\"925\">\n<p data-start=\"907\" data-end=\"925\"><span dir=\"auto\">Retinol 0,1%<\/span><\/p>\n<\/li>\n<li data-start=\"928\" data-end=\"953\">\n<p data-start=\"930\" data-end=\"953\"><span dir=\"auto\">9 Complejo pept\u00eddico<\/span><\/p>\n<\/li>\n<li data-start=\"956\" data-end=\"976\">\n<p data-start=\"958\" data-end=\"976\"><span dir=\"auto\">Pantenol 1%<\/span><\/p>\n<\/li>\n<li data-start=\"979\" data-end=\"1037\">\n<p data-start=\"981\" data-end=\"1037\"><span dir=\"auto\">Mejora la elasticidad, suaviza la textura y minimiza los poros.<\/span><\/p>\n<\/li>\n<\/ul>\n<\/li>\n<li data-start=\"1039\" data-end=\"1234\">\n<p data-start=\"1041\" data-end=\"1093\"><strong data-start=\"1041\" data-end=\"1076\"><span dir=\"auto\">Inyecci\u00f3n de retina de refuerzo para reafirmar la retina<\/span><\/strong><span dir=\"auto\">\u00a0(d\u00edas 2, 4 y 6)<\/span><\/p>\n<ul data-start=\"1096\" data-end=\"1234\">\n<li data-start=\"1096\" data-end=\"1129\">\n<p data-start=\"1098\" data-end=\"1129\"><span dir=\"auto\">Retinal encapsulado 0,1%<\/span><\/p>\n<\/li>\n<li data-start=\"1132\" data-end=\"1157\">\n<p data-start=\"1134\" data-end=\"1157\"><span dir=\"auto\">Matrixyl 3000\u00ae 3%<\/span><\/p>\n<\/li>\n<li data-start=\"1160\" data-end=\"1234\">\n<p data-start=\"1162\" data-end=\"1234\"><span dir=\"auto\">Act\u00faa sobre las arrugas m\u00e1s profundas y ayuda a restaurar la firmeza con menos irritaci\u00f3n.<\/span><\/p>\n<\/li>\n<\/ul>\n<\/li>\n<\/ul>\n<\/li>\n<\/ol>\n<p data-end=\"265\" data-start=\"190\"><span class=\"relative -mx-px my-[-0.2rem] rounded px-px py-[0.2rem] transition-colors duration-100 ease-in-out\"><span dir=\"auto\">Dise\u00f1ado para\u00a0<\/span><span dir=\"auto\">combatir las arrugas<\/span><span dir=\"auto\">\u00a0,\u00a0<\/span><span dir=\"auto\">minimizar los poros<\/span><span dir=\"auto\">\u00a0y promover\u00a0<\/span><span dir=\"auto\">una piel m\u00e1s firme y suave<\/span><span dir=\"auto\">\u00a0gracias a derivados puros de vitamina A y una tecnolog\u00eda de administraci\u00f3n avanzada.<\/span><\/span><\/p>\n<div class=\"modal-header\">\n<h3 id=\"specificationsModalLabel\" class=\"modal-title mt-1\">Especificaciones<\/h3>\n<div class=\"modal-header\"><\/div>\n<div id=\"modalBody\" class=\"modal-body\">\n<div class=\"specifications-container\">\n<div class=\"specification-item\">\n<div class=\"spec-label\">Nombre: The Vita-a 7 days.<\/div>\n<\/div>\n<div class=\"specification-item\">\n<div class=\"spec-label\">Imdicaci\u00f3n: Puede ser usado en todos los tipos de piel.<\/div>\n<\/div>\n<div class=\"specification-item\">\n<div class=\"spec-label\">Caracter\u00edsticas: Desarrollado con vitamina A, dise\u00f1ado para mejorar arrugas, texturas y poros de forma progresiva, ayudando a suavisar y dejar hidratado la piel.<\/div>\n<\/div>\n<div class=\"specification-item\">\n<div class=\"spec-label\">Cantidad: Retinol Shot Tightening: 4 &#8211; Retinal Shot Tightening Booster: 3.<\/div>\n<\/div>\n<div class=\"specification-item\"><\/div>\n<div class=\"specification-item\">\n<div class=\"spec-label\"><\/div>\n<\/div>\n<\/div>\n<\/div>\n<\/div>\n<div>\n<div class=\"summary__title\">\n<h2 class=\"h4 accordion__title\"><span dir=\"auto\">Modo de uso<\/span><\/h2>\n<\/div>\n<\/div>\n<div id=\"ProductAccordion-collapsible-row-3-template--15985684087018__main\" class=\"accordion__content rte\">\n<p><span class=\"metafield-multi_line_text_field\"><span dir=\"auto\">Rutina del d\u00eda 1 al 7 (solo noche)<\/span><\/span><\/p>\n<p><span class=\"metafield-multi_line_text_field\">[S\u00e9rum antiarrugas] celimax THE Vita-A Retinal Shot Tightening Booster 15ml<br \/>\nAplica una cantidad moderada de manera uniforme sobre el rostro en la rutina de cuidado de la piel por la noche y da suaves toques para una mejor absorci\u00f3n.<\/span><\/p>\n<p>[S\u00e9rum retinol] celimax The Vita-A Retinol Shot Tightening Serum 30ml<br \/>\nAplica una cantidad moderada sobre el rostro y da suaves toquecitos para una mejor absorci\u00f3n.<\/p>\n<p><span dir=\"auto\">Paso 1: Aplica una peque\u00f1a cantidad de Retinal Booster despu\u00e9s de la limpieza.<\/span><br \/>\n<span dir=\"auto\">Paso 2: Contin\u00faa con el Retinol Shot Serum para una mejor absorci\u00f3n de retinoides.<\/span><br \/>\n<span dir=\"auto\">(Alternativamente, puedes usarlos en noches alternas si tu piel es sensible).<\/span><br \/>\n<span dir=\"auto\">\ud83d\udd39 Seguimiento matutino: Usa siempre protector solar despu\u00e9s de las noches con retinoides; este d\u00fao aumenta la sensibilidad al sol.<\/span><\/p>\n<\/div>\n","protected":false},"excerpt":{"rendered":"<p>THE VITA A 7 DAYS El\u00a0kit Celimax Vita-A de 7 d\u00edas\u00a0ofrece un tratamiento eficaz y espec\u00edfico: retinoides avanzados (retinol +<\/p>\n","protected":false},"featured_media":103570,"comment_status":"open","ping_status":"closed","template":"","meta":{"nf_dc_page":""},"product_brand":[2660],"product_cat":[104],"product_tag":[3701],"class_list":{"0":"post-103569","1":"product","2":"type-product","3":"status-publish","4":"has-post-thumbnail","6":"product_brand-celimax","7":"product_cat-skin-care","8":"product_tag-3701","10":"first","11":"instock","12":"shipping-taxable","13":"purchasable","14":"product-type-simple"},"_links":{"self":[{"href":"https:\/\/brandss.com.py\/index\/wp-json\/wp\/v2\/product\/103569","targetHints":{"allow":["GET"]}}],"collection":[{"href":"https:\/\/brandss.com.py\/index\/wp-json\/wp\/v2\/product"}],"about":[{"href":"https:\/\/brandss.com.py\/index\/wp-json\/wp\/v2\/types\/product"}],"replies":[{"embeddable":true,"href":"https:\/\/brandss.com.py\/index\/wp-json\/wp\/v2\/comments?post=103569"}],"version-history":[{"count":3,"href":"https:\/\/brandss.com.py\/index\/wp-json\/wp\/v2\/product\/103569\/revisions"}],"predecessor-version":[{"id":103575,"href":"https:\/\/brandss.com.py\/index\/wp-json\/wp\/v2\/product\/103569\/revisions\/103575"}],"wp:featuredmedia":[{"embeddable":true,"href":"https:\/\/brandss.com.py\/index\/wp-json\/wp\/v2\/media\/103570"}],"wp:attachment":[{"href":"https:\/\/brandss.com.py\/index\/wp-json\/wp\/v2\/media?parent=103569"}],"wp:term":[{"taxonomy":"product_brand","embeddable":true,"href":"https:\/\/brandss.com.py\/index\/wp-json\/wp\/v2\/product_brand?post=103569"},{"taxonomy":"product_cat","embeddable":true,"href":"https:\/\/brandss.com.py\/index\/wp-json\/wp\/v2\/product_cat?post=103569"},{"taxonomy":"product_tag","embeddable":true,"href":"https:\/\/brandss.com.py\/index\/wp-json\/wp\/v2\/product_tag?post=103569"}],"curies":[{"name":"wp","href":"https:\/\/api.w.org\/{rel}","templated":true}]}}