{"id":103576,"date":"2026-05-14T11:26:58","date_gmt":"2026-05-14T11:26:58","guid":{"rendered":"https:\/\/brandss.com.py\/index\/?post_type=product&#038;p=103576"},"modified":"2026-05-14T11:27:46","modified_gmt":"2026-05-14T11:27:46","slug":"limpiador-facial-celimax-the-real-noni-acne-bubble-155ml","status":"publish","type":"product","link":"https:\/\/brandss.com.py\/index\/producto\/limpiador-facial-celimax-the-real-noni-acne-bubble-155ml\/","title":{"rendered":"LIMPIADOR FACIAL CELIMAX THE REAL NONI ACNE BUBBLE 155ML"},"content":{"rendered":"<p><img loading=\"lazy\" decoding=\"async\" class=\"\" src=\"https:\/\/venuseurope.com\/wp-content\/uploads\/2025\/04\/1749779637017_e70c8042c3cb4c198e39bfd4cd3ed238-1.png\" alt=\"CREMA FACIAL CELIMAX DUAL BARRIER SKIN WEARABLE 50ML \u2013 Brands\" width=\"147\" height=\"51\" \/><\/p>\n<h1>THE REAL NONI ACNE BUBBLE<\/h1>\n<p>Es una limpieza suave pero efectiva\u00a0para la piel propensa al acn\u00e9. Est\u00e1 enriquecido con un 35,51 % de extracto de noni, conocido por sus propiedades calmantes e hidratantes. La limpieza contiene \u00e1cido salic\u00edlico (BHA) que exfolia suavemente la piel y elimina las c\u00e9lulas muertas, mejorando tanto la textura como el tono de la piel. Su bajo pH y las microburbujas eliminan eficazmente el exceso de sebo y las impurezas, al mismo tiempo que hidratan y mantienen el equilibrio de humedad de la piel.<img decoding=\"async\" class=\"alignleft\" src=\"https:\/\/kosmeticos.cl\/wp-content\/uploads\/2026\/03\/CEM000101_CELIMAX-THE-REAL-NONI-ACNE-BUBBLE-CLEANSER-155ML_0002-800x800.jpg\" \/><\/p>\n<p>Este innovador limpiador sub\u00e1cido est\u00e1 dise\u00f1ado para ofrecer una limpieza profunda y suave, eliminando eficazmente las impurezas y el exceso de sebo de tu piel. Su f\u00f3rmula \u00fanica con espuma fina es ideal para mantener tu rostro fresco y revitalizado. El extracto de noni, uno de sus ingredientes estrella, proporciona una hidrataci\u00f3n duradera, asegurando que tu piel se sienta suave y flexible despu\u00e9s de cada uso. Adem\u00e1s, contiene BHA para exfoliar suavemente las c\u00e9lulas muertas, revelando un cutis m\u00e1s radiante y uniforme. El complejo ACZERO es un aliado perfecto para calmar la piel propensa al acn\u00e9, reduciendo visiblemente la irritaci\u00f3n y enrojecimiento. Apto para todo tipo de piel, incluyendo piel sensible y propensa al acn\u00e9, este limpiador hipoalerg\u00e9nico de Celimax es tu aliado ideal en la rutina diaria de cuidado facial. Ideal para quienes buscan un producto eficaz que no comprometa la salud de su piel, el limpiador facial Celimax se convierte en un esencial en tu rutina de belleza.<\/p>\n<h3><\/h3>\n<h3><strong>Ventajas<\/strong><\/h3>\n<p>&nbsp;<\/p>\n<ul>\n<li>Contiene un 35,51 % de extracto de noni que calma e hidrata la piel.<\/li>\n<li>El \u00e1cido salic\u00edlico (BHA) exfolia suavemente las c\u00e9lulas muertas y mejora la textura de la piel.<\/li>\n<li>Ayuda a controlar la producci\u00f3n de sebo y reduce la visibilidad de los poros.<\/li>\n<li>Formulado con un bajo pH para ser suave y adecuado para pieles sensibles.<\/li>\n<li>Hidrata la piel mientras elimina eficazmente las impurezas y el exceso de sebo.<\/li>\n<\/ul>\n<h3><\/h3>\n<h3><strong>Modo de uso<\/strong><\/h3>\n<p>&nbsp;<\/p>\n<ol>\n<li>Aplica 1-2 pulsaciones sobre la piel h\u00fameda.<\/li>\n<li>Masajea suavemente en movimientos circulares para disolver impurezas y maquillaje.<\/li>\n<li>Enjuaga bien con agua tibia.<\/li>\n<li>Si es necesario, deja que las burbujas act\u00faen como una mascarilla facial durante 10 segundos para una exfoliaci\u00f3n adicional.<\/li>\n<li>Para obtener los mejores resultados, \u00fasalo diariamente.<\/li>\n<\/ol>\n","protected":false},"excerpt":{"rendered":"<p>THE REAL NONI ACNE BUBBLE Es una limpieza suave pero efectiva\u00a0para la piel propensa al acn\u00e9. Est\u00e1 enriquecido con un<\/p>\n","protected":false},"featured_media":103577,"comment_status":"open","ping_status":"closed","template":"","meta":{"nf_dc_page":""},"product_brand":[2660],"product_cat":[104],"product_tag":[3702],"class_list":{"0":"post-103576","1":"product","2":"type-product","3":"status-publish","4":"has-post-thumbnail","6":"product_brand-celimax","7":"product_cat-skin-care","8":"product_tag-3702","10":"first","11":"instock","12":"shipping-taxable","13":"purchasable","14":"product-type-simple"},"_links":{"self":[{"href":"https:\/\/brandss.com.py\/index\/wp-json\/wp\/v2\/product\/103576","targetHints":{"allow":["GET"]}}],"collection":[{"href":"https:\/\/brandss.com.py\/index\/wp-json\/wp\/v2\/product"}],"about":[{"href":"https:\/\/brandss.com.py\/index\/wp-json\/wp\/v2\/types\/product"}],"replies":[{"embeddable":true,"href":"https:\/\/brandss.com.py\/index\/wp-json\/wp\/v2\/comments?post=103576"}],"version-history":[{"count":1,"href":"https:\/\/brandss.com.py\/index\/wp-json\/wp\/v2\/product\/103576\/revisions"}],"predecessor-version":[{"id":103581,"href":"https:\/\/brandss.com.py\/index\/wp-json\/wp\/v2\/product\/103576\/revisions\/103581"}],"wp:featuredmedia":[{"embeddable":true,"href":"https:\/\/brandss.com.py\/index\/wp-json\/wp\/v2\/media\/103577"}],"wp:attachment":[{"href":"https:\/\/brandss.com.py\/index\/wp-json\/wp\/v2\/media?parent=103576"}],"wp:term":[{"taxonomy":"product_brand","embeddable":true,"href":"https:\/\/brandss.com.py\/index\/wp-json\/wp\/v2\/product_brand?post=103576"},{"taxonomy":"product_cat","embeddable":true,"href":"https:\/\/brandss.com.py\/index\/wp-json\/wp\/v2\/product_cat?post=103576"},{"taxonomy":"product_tag","embeddable":true,"href":"https:\/\/brandss.com.py\/index\/wp-json\/wp\/v2\/product_tag?post=103576"}],"curies":[{"name":"wp","href":"https:\/\/api.w.org\/{rel}","templated":true}]}}