{"id":103582,"date":"2026-05-14T11:59:55","date_gmt":"2026-05-14T11:59:55","guid":{"rendered":"https:\/\/brandss.com.py\/index\/?post_type=product&#038;p=103582"},"modified":"2026-05-14T18:04:02","modified_gmt":"2026-05-14T18:04:02","slug":"mascara-facial-celimax-ji-woo-gae-cica-pha-peel-2-step-gel-4g30g-1-unidad","status":"publish","type":"product","link":"https:\/\/brandss.com.py\/index\/producto\/mascara-facial-celimax-ji-woo-gae-cica-pha-peel-2-step-gel-4g30g-1-unidad\/","title":{"rendered":"M\u00c1SCARA FACIAL CELIMAX JI WOO GAE CICA PHA PEEL 2 STEP GEL 4G+30G 1 UNIDAD"},"content":{"rendered":"<p><img loading=\"lazy\" decoding=\"async\" class=\"\" src=\"https:\/\/venuseurope.com\/wp-content\/uploads\/2025\/04\/1749779637017_e70c8042c3cb4c198e39bfd4cd3ed238-1.png\" alt=\"CREMA FACIAL CELIMAX DUAL BARRIER SKIN WEARABLE 50ML \u2013 Brands\" width=\"109\" height=\"38\" \/><\/p>\n<h1>JI WOO GAE CICA PHA PEEL 2 STEP GEL<\/h1>\n<div class=\"pro_infor_content_style\"><span dir=\"auto\">Un tratamiento profesional de dos pasos para calmar los poros, dise\u00f1ado para exfoliar suavemente, refrescar y aliviar la piel estresada en una rutina completa.<\/span><\/div>\n<div class=\"pro_infor_content_style\"><img loading=\"lazy\" decoding=\"async\" class=\"alignleft\" src=\"https:\/\/kkumskin.com\/cdn\/shop\/files\/8_9430b809-8850-4ad4-826f-129e46f22a4a.png?v=1769178166&amp;width=800\" width=\"665\" height=\"665\" \/><\/div>\n<div class=\"pro_infor_content_style\"><span dir=\"auto\">La mascarilla en gel de dos pasos Celimax Ji Woo Gae Cica Pore combina un exfoliante en barra con PHA con una mascarilla de hidrogel refrescante con centella asi\u00e1tica para minimizar la apariencia de los poros y calmar el enrojecimiento y la irritaci\u00f3n. El paso 1 elimina suavemente las c\u00e9lulas muertas y la acumulaci\u00f3n de impurezas superficiales con PHA, un \u00e1cido exfoliante suave apto para pieles sensibles. El paso 2 ofrece un tratamiento calmante intensivo con una mascarilla de hidrogel enriquecida con centella asi\u00e1tica e ingredientes que fortalecen la barrera cut\u00e1nea para refrescar la piel y restaurar su equilibrio.<\/span><\/div>\n<div class=\"pro_infor_content_style\"><\/div>\n<div class=\"pro_infor_content_style\"><span dir=\"auto\">Este tratamiento es ideal para pieles congestionadas, sensibles, que han sufrido un brote de acn\u00e9 o que est\u00e1n irritadas por el estr\u00e9s ambiental, tratamientos o exceso de grasa.<\/span><\/div>\n<div><strong><span dir=\"auto\">\u00a0<\/span><\/strong><\/div>\n<h3>Ingredientes claves<\/h3>\n<p>&nbsp;<\/p>\n<div>\n<p><b><span dir=\"auto\">La gluconolactona al 10 %<\/span><\/b><span dir=\"auto\">\u00a0(PHA) es un exfoliante suave de mol\u00e9cula grande que renueva delicadamente la piel sin riesgo de irritaci\u00f3n. Atrae activamente la humedad y fortalece la barrera lip\u00eddica, ayudando a unificar el microrrelieve y a mantener una densidad tisular saludable.<\/span><\/p>\n<p><b><span dir=\"auto\">El extracto de corteza de sauce blanco<\/span><\/b><span dir=\"auto\">\u00a0\u00a0es una fuente natural de salicina, que posee marcadas propiedades bactericidas y seborreguladoras. Limpia suavemente los poros del exceso de sebo, previniendo la inflamaci\u00f3n y puliendo delicadamente la epidermis para mantener un acabado limpio y mate.<\/span><\/p>\n<p><b><span dir=\"auto\">El aceite de \u00e1rbol de t\u00e9<\/span><\/b><span dir=\"auto\">\u00a0\u00a0ofrece beneficios antiinflamatorios, neutralizando las bacterias y reduciendo la reactividad de las zonas problem\u00e1ticas. Gracias a su alto contenido en terpenos, minimiza el riesgo de nuevos brotes y mantiene el equilibrio fisiol\u00f3gico, dejando la piel suave y calmada.<\/span><\/p>\n<p><b><span dir=\"auto\">La alanto\u00edna y el pantenol<\/span><\/b><span dir=\"auto\">\u00a0\u00a0act\u00faan como un d\u00fao calmante, neutralizando los efectos del estr\u00e9s externo. Bloquean la irritaci\u00f3n, aceleran la regeneraci\u00f3n de los tejidos y normalizan el equilibrio de hidrataci\u00f3n. La piel se alivia de los signos de sensibilidad, manteniendo su elasticidad e hidrataci\u00f3n.<\/span><\/p>\n<p><b><span dir=\"auto\">Un complejo de 9 tipos de \u00e1cido hialur\u00f3nico<\/span><\/b><span dir=\"auto\">\u00a0\u00a0proporciona hidrataci\u00f3n gradual a todas las capas de la epidermis. Mol\u00e9culas de distinto peso molecular crean una barrera protectora en la superficie y penetran profundamente en la dermis, manteniendo un equilibrio \u00f3ptimo de humedad y previniendo la deshidrataci\u00f3n.<\/span><\/p>\n<p><b><span dir=\"auto\">La niacinamida<\/span><\/b><span dir=\"auto\">\u00a0\u00a0activa la s\u00edntesis de ceramidas y col\u00e1geno naturales, aumentando la densidad y elasticidad de la piel. Sus marcadas propiedades antioxidantes neutralizan los efectos del estr\u00e9s oxidativo y previenen la opacidad, preservando la luminosidad natural de la piel.<\/span><\/p>\n<p><b><span dir=\"auto\">El Complejo CICA<\/span><\/b><span dir=\"auto\">\u00a0\u00a0es una combinaci\u00f3n sin\u00e9rgica de extracto de Centella asi\u00e1tica y sus derivados, que proporciona un potente efecto regenerador. Reduce instant\u00e1neamente la inflamaci\u00f3n, acelera la s\u00edntesis de col\u00e1geno y fortalece las paredes capilares, restaurando la integridad estructural de la piel.<\/span><\/p>\n<p><b><span dir=\"auto\">El betaglucano<\/span><\/b><span dir=\"auto\">\u00a0\u00a0es un polisac\u00e1rido altamente eficaz con marcadas propiedades hidratantes e inmunomoduladoras. Penetra profundamente en la epidermis, activando la s\u00edntesis de col\u00e1geno y fortaleciendo la barrera cut\u00e1nea, proporcionando una hidrataci\u00f3n intensa y duradera.<\/span><\/p>\n<p><b><span dir=\"auto\">La ceramida NP<\/span><\/b><span dir=\"auto\">\u00a0\u00a0es un l\u00edpido fisiol\u00f3gico id\u00e9ntico a las estructuras del estrato c\u00f3rneo. Se integra en el manto hidrolip\u00eddico, restaurando su integridad y minimizando la p\u00e9rdida de agua transepid\u00e9rmica. Esto ayuda a mantener niveles \u00f3ptimos de hidrataci\u00f3n.<\/span><\/p>\n<p><b><span dir=\"auto\">Un complejo de amino\u00e1cidos<\/span><\/b><span dir=\"auto\">\u00a0\u00a0repone los componentes deficientes del factor hidratante natural. Los amino\u00e1cidos estimulan la s\u00edntesis de col\u00e1geno y aceleran la regeneraci\u00f3n tisular, fortaleciendo la barrera protectora y restaurando la densidad estructural de la piel.<\/span><\/p>\n<\/div>\n<h3><strong><span dir=\"auto\">Ventajas<img loading=\"lazy\" decoding=\"async\" class=\"alignright\" src=\"https:\/\/kkumskin.com\/cdn\/shop\/files\/3_d97f2db7-5d54-44b7-aea3-ee4d84af3cd2.png?v=1769178166&amp;width=800\" width=\"654\" height=\"654\" \/><\/span><\/strong><\/h3>\n<div><span dir=\"auto\">\u2714\u00a0<\/span><strong><span dir=\"auto\">Exfoliaci\u00f3n suave con PHA:<\/span><\/strong><span dir=\"auto\">\u00a0Elimina las c\u00e9lulas muertas de la piel sin irritaci\u00f3n.<\/span><br \/>\n<span dir=\"auto\">\u2714\u00a0<\/span><strong><span dir=\"auto\">Cuidado refrescante con Cica:<\/span><\/strong><span dir=\"auto\">\u00a0La Centella Asi\u00e1tica calma el enrojecimiento y la piel estresada.<\/span><br \/>\n<span dir=\"auto\">\u2714\u00a0<\/span><strong><span dir=\"auto\">Refina los poros:<\/span><\/strong><span dir=\"auto\">\u00a0Ayuda a reducir el exceso de sebo y dep\u00f3sitos.<\/span><br \/>\n<span dir=\"auto\">\u2714\u00a0<\/span><strong><span dir=\"auto\">Ideal despu\u00e9s de brotes:<\/span><\/strong><span dir=\"auto\">\u00a0Perfecto para piel sensible y sobrecalentada.<\/span>&nbsp;<\/p>\n<p><span dir=\"auto\">Adecuado para piel sensible, grasa y con tendencia a imperfecciones, especialmente despu\u00e9s del estr\u00e9s, la contaminaci\u00f3n ambiental o tratamientos intensivos.<\/span><\/p>\n<p>&nbsp;<\/p>\n<\/div>\n<h3>Beneficios<\/h3>\n<p>&nbsp;<\/p>\n<div>\n<ul>\n<li><span dir=\"auto\">Exfoliaci\u00f3n suave sin descamaci\u00f3n<\/span><\/li>\n<li><span dir=\"auto\">Alivio instant\u00e1neo del estr\u00e9s y el enrojecimiento.<\/span><\/li>\n<li><span dir=\"auto\">Limpieza profunda y reducci\u00f3n de poros<\/span><\/li>\n<li><span dir=\"auto\">saturaci\u00f3n de humedad intensa<\/span><\/li>\n<li><span dir=\"auto\">Un formato pr\u00e1ctico para lograr un efecto de sal\u00f3n de belleza en casa.<\/span><\/li>\n<\/ul>\n<\/div>\n<h3>Modo de uso<\/h3>\n<p>&nbsp;<\/p>\n<div>\n<ol>\n<li><strong><span dir=\"auto\">PASO 1 \u2013 Barra exfoliante PHA<\/span><\/strong><br \/>\n<span dir=\"auto\">Despu\u00e9s de la limpieza, abra la tapa y deslice suavemente la barra exfoliante sobre la piel seca, comenzando desde el centro del rostro y extendi\u00e9ndose hacia afuera. Evite el \u00e1rea de los ojos y los labios.<\/span><br \/>\n<span dir=\"auto\">Enjuague bien con agua tibia.<\/span>&nbsp;<\/p>\n<p>&nbsp;<\/li>\n<li><strong><span dir=\"auto\">PASO 2 \u2013 Mascarilla de gel refrescante y calmante Cica<\/span><\/strong><br \/>\n<span dir=\"auto\">Retire las pel\u00edculas superior e inferior de la mascarilla de hidrogel. Aplique la mascarilla uniformemente sobre el rostro, aline\u00e1ndola alrededor de los ojos y la boca.<\/span><br \/>\n<span dir=\"auto\">Deje actuar durante 15-20 minutos, luego ret\u00edrela y d\u00e9 suaves palmaditas para que la esencia restante se absorba en la piel.<\/span><br \/>\n<span dir=\"auto\">Aplique crema hidratante si es necesario.<\/span><\/li>\n<\/ol>\n<\/div>\n","protected":false},"excerpt":{"rendered":"<p>JI WOO GAE CICA PHA PEEL 2 STEP GEL Un tratamiento profesional de dos pasos para calmar los poros, dise\u00f1ado<\/p>\n","protected":false},"featured_media":103583,"comment_status":"open","ping_status":"closed","template":"","meta":{"nf_dc_page":""},"product_brand":[2660],"product_cat":[104],"product_tag":[3703],"class_list":{"0":"post-103582","1":"product","2":"type-product","3":"status-publish","4":"has-post-thumbnail","6":"product_brand-celimax","7":"product_cat-skin-care","8":"product_tag-3703","10":"first","11":"instock","12":"shipping-taxable","13":"purchasable","14":"product-type-simple"},"_links":{"self":[{"href":"https:\/\/brandss.com.py\/index\/wp-json\/wp\/v2\/product\/103582","targetHints":{"allow":["GET"]}}],"collection":[{"href":"https:\/\/brandss.com.py\/index\/wp-json\/wp\/v2\/product"}],"about":[{"href":"https:\/\/brandss.com.py\/index\/wp-json\/wp\/v2\/types\/product"}],"replies":[{"embeddable":true,"href":"https:\/\/brandss.com.py\/index\/wp-json\/wp\/v2\/comments?post=103582"}],"version-history":[{"count":2,"href":"https:\/\/brandss.com.py\/index\/wp-json\/wp\/v2\/product\/103582\/revisions"}],"predecessor-version":[{"id":103661,"href":"https:\/\/brandss.com.py\/index\/wp-json\/wp\/v2\/product\/103582\/revisions\/103661"}],"wp:featuredmedia":[{"embeddable":true,"href":"https:\/\/brandss.com.py\/index\/wp-json\/wp\/v2\/media\/103583"}],"wp:attachment":[{"href":"https:\/\/brandss.com.py\/index\/wp-json\/wp\/v2\/media?parent=103582"}],"wp:term":[{"taxonomy":"product_brand","embeddable":true,"href":"https:\/\/brandss.com.py\/index\/wp-json\/wp\/v2\/product_brand?post=103582"},{"taxonomy":"product_cat","embeddable":true,"href":"https:\/\/brandss.com.py\/index\/wp-json\/wp\/v2\/product_cat?post=103582"},{"taxonomy":"product_tag","embeddable":true,"href":"https:\/\/brandss.com.py\/index\/wp-json\/wp\/v2\/product_tag?post=103582"}],"curies":[{"name":"wp","href":"https:\/\/api.w.org\/{rel}","templated":true}]}}