{"id":103598,"date":"2026-05-14T12:51:54","date_gmt":"2026-05-14T12:51:54","guid":{"rendered":"https:\/\/brandss.com.py\/index\/?post_type=product&#038;p=103598"},"modified":"2026-05-14T12:52:40","modified_gmt":"2026-05-14T12:52:40","slug":"mascara-facial-celimax-poredark-spot-brightening-serum-27ml","status":"publish","type":"product","link":"https:\/\/brandss.com.py\/index\/producto\/mascara-facial-celimax-poredark-spot-brightening-serum-27ml\/","title":{"rendered":"M\u00c1SCARA FACIAL CELIMAX PORE+DARK SPOT BRIGHTENING S\u00c9RUM 27ML"},"content":{"rendered":"<p><img loading=\"lazy\" decoding=\"async\" class=\"\" src=\"https:\/\/venuseurope.com\/wp-content\/uploads\/2025\/04\/1749779637017_e70c8042c3cb4c198e39bfd4cd3ed238-1.png\" alt=\"CREMA FACIAL CELIMAX DUAL BARRIER SKIN WEARABLE 50ML \u2013 Brands\" width=\"109\" height=\"38\" \/><\/p>\n<h1>PORE+DARK SPOT BRIGHTENING S\u00c9RUM<\/h1>\n<p><span dir=\"auto\">La mascarilla facial Celimax Pore+Dark Spot Brightening Serum Mask es una mascarilla de tela que refina el tono y la textura de la piel, ayudando a reducir la pigmentaci\u00f3n, minimizar los poros dilatados y disminuir la apariencia de filamentos seb\u00e1ceos y otras imperfecciones. Suaviza la textura de la piel, la deja tersa y restaura una tez sana y radiante.<\/span><\/p>\n<p><span dir=\"auto\">La tela el\u00e1stica a base de bamb\u00fa est\u00e1 impregnada de una esencia hidratante que se absorbe r\u00e1pidamente sin dejar residuos pegajosos. Sin perfume.<\/span><br \/>\n<span dir=\"auto\">Nivel de pH: 5.2\u20137.2.<\/span><\/p>\n<p><span dir=\"auto\">Apta para todo tipo de piel.<\/span><\/p>\n<p><img loading=\"lazy\" decoding=\"async\" class=\"alignleft\" src=\"https:\/\/koco.ee\/6452-large_default\/celimax-poredark-spot-brightening-serum-mask.jpg\" width=\"656\" height=\"656\" \/><\/p>\n<h3><span dir=\"auto\">Ingredientes clave<\/span><\/h3>\n<p>&nbsp;<\/p>\n<ul>\n<li><span dir=\"auto\">La niacinamida (vitamina B3) ralentiza la transferencia de melanina a la epidermis, ayudando a prevenir las manchas oscuras. Regula la producci\u00f3n de sebo y cierra los poros.<\/span><\/li>\n<li><span dir=\"auto\">El \u00e1cido tranex\u00e1mico inhibe la actividad de la tirosinasa, la enzima responsable de la s\u00edntesis de melanina. No causa fotosensibilidad y es apto para uso diurno.<\/span><\/li>\n<li><span dir=\"auto\">Melazero\u00ae: un complejo iluminador patentado de origen vegetal derivado de extractos de n\u00edspero y menta que ayuda a suprimir la producci\u00f3n de melanina y unificar el tono de la piel.<\/span><\/li>\n<li><span dir=\"auto\">La arbutina ayuda a prevenir la hiperpigmentaci\u00f3n y proporciona beneficios antibacterianos y calmantes.<\/span><\/li>\n<li><span dir=\"auto\">El glutati\u00f3n ralentiza el envejecimiento de la piel, reduce la opacidad y los signos de fatiga, y combate la pigmentaci\u00f3n relacionada con la edad y las marcas post-acn\u00e9.<\/span><\/li>\n<li><span dir=\"auto\">El PHA (gluconolactona) exfolia suavemente las c\u00e9lulas muertas de la piel, suaviza la textura de la piel e ilumina la tez, por lo que es apto para pieles sensibles.<\/span><\/li>\n<li><span dir=\"auto\">10 tipos de \u00e1cido hialur\u00f3nico con diferentes pesos moleculares:<\/span><br \/>\n<span dir=\"auto\">&#8211; El \u00e1cido hialur\u00f3nico de alto peso molecular fortalece la barrera cut\u00e1nea, acelera la recuperaci\u00f3n y reduce la descamaci\u00f3n;<\/span><br \/>\n<span dir=\"auto\">&#8211; El \u00e1cido hialur\u00f3nico de bajo peso molecular penetra m\u00e1s profundamente en la piel, ayudando a retener la humedad a nivel celular.<\/span><\/li>\n<\/ul>\n<p>&nbsp;<\/p>\n<h3><span dir=\"auto\">Modo de uso<\/span><\/h3>\n<p>&nbsp;<\/p>\n<ol>\n<li><span dir=\"auto\">Esta mascarilla contiene concentrados activos de fruta de noni de alta viscosidad. Frota la mascarilla con los dedos antes de usarla para distribuir uniformemente el contenido de la ampolla y lograr la m\u00e1xima absorci\u00f3n de la f\u00f3rmula.<\/span><\/li>\n<li><span dir=\"auto\">Despu\u00e9s de limpiar el rostro, utilice un t\u00f3nico para refinar la textura de la piel.<\/span><\/li>\n<li><span dir=\"auto\">Coloca la s\u00e1bana sobre el rostro, evitando la zona de los labios y los ojos.<\/span><\/li>\n<li><span dir=\"auto\">Retira la mascarilla despu\u00e9s de 10-20 minutos.\u00a0<\/span><span dir=\"auto\">Da suaves palmaditas para que la ampolla se adhiera al rostro y as\u00ed mejorar la absorci\u00f3n de nutrientes.<\/span><\/li>\n<\/ol>\n","protected":false},"excerpt":{"rendered":"<p>PORE+DARK SPOT BRIGHTENING S\u00c9RUM La mascarilla facial Celimax Pore+Dark Spot Brightening Serum Mask es una mascarilla de tela que refina<\/p>\n","protected":false},"featured_media":103599,"comment_status":"open","ping_status":"closed","template":"","meta":{"nf_dc_page":""},"product_brand":[2660],"product_cat":[104],"product_tag":[3705],"class_list":{"0":"post-103598","1":"product","2":"type-product","3":"status-publish","4":"has-post-thumbnail","6":"product_brand-celimax","7":"product_cat-skin-care","8":"product_tag-3705","10":"first","11":"instock","12":"shipping-taxable","13":"purchasable","14":"product-type-simple"},"_links":{"self":[{"href":"https:\/\/brandss.com.py\/index\/wp-json\/wp\/v2\/product\/103598","targetHints":{"allow":["GET"]}}],"collection":[{"href":"https:\/\/brandss.com.py\/index\/wp-json\/wp\/v2\/product"}],"about":[{"href":"https:\/\/brandss.com.py\/index\/wp-json\/wp\/v2\/types\/product"}],"replies":[{"embeddable":true,"href":"https:\/\/brandss.com.py\/index\/wp-json\/wp\/v2\/comments?post=103598"}],"version-history":[{"count":1,"href":"https:\/\/brandss.com.py\/index\/wp-json\/wp\/v2\/product\/103598\/revisions"}],"predecessor-version":[{"id":103603,"href":"https:\/\/brandss.com.py\/index\/wp-json\/wp\/v2\/product\/103598\/revisions\/103603"}],"wp:featuredmedia":[{"embeddable":true,"href":"https:\/\/brandss.com.py\/index\/wp-json\/wp\/v2\/media\/103599"}],"wp:attachment":[{"href":"https:\/\/brandss.com.py\/index\/wp-json\/wp\/v2\/media?parent=103598"}],"wp:term":[{"taxonomy":"product_brand","embeddable":true,"href":"https:\/\/brandss.com.py\/index\/wp-json\/wp\/v2\/product_brand?post=103598"},{"taxonomy":"product_cat","embeddable":true,"href":"https:\/\/brandss.com.py\/index\/wp-json\/wp\/v2\/product_cat?post=103598"},{"taxonomy":"product_tag","embeddable":true,"href":"https:\/\/brandss.com.py\/index\/wp-json\/wp\/v2\/product_tag?post=103598"}],"curies":[{"name":"wp","href":"https:\/\/api.w.org\/{rel}","templated":true}]}}