{"id":103604,"date":"2026-05-14T13:32:06","date_gmt":"2026-05-14T13:32:06","guid":{"rendered":"https:\/\/brandss.com.py\/index\/?post_type=product&#038;p=103604"},"modified":"2026-05-14T13:32:49","modified_gmt":"2026-05-14T13:32:49","slug":"protector-solar-facial-celimax-dual-barrier-watery-spf50-pa-40ml","status":"publish","type":"product","link":"https:\/\/brandss.com.py\/index\/producto\/protector-solar-facial-celimax-dual-barrier-watery-spf50-pa-40ml\/","title":{"rendered":"PROTECTOR SOLAR FACIAL CELIMAX DUAL BARRIER WATERY SPF50+ PA++++ 40ML"},"content":{"rendered":"<p><img loading=\"lazy\" decoding=\"async\" class=\"\" src=\"https:\/\/venuseurope.com\/wp-content\/uploads\/2025\/04\/1749779637017_e70c8042c3cb4c198e39bfd4cd3ed238-1.png\" alt=\"CREMA FACIAL CELIMAX DUAL BARRIER SKIN WEARABLE 50ML \u2013 Brands\" width=\"181\" height=\"63\" \/><\/p>\n<h1>DUAL BARRIER WATERY SPF50+<\/h1>\n<p><span dir=\"auto\">Protege tu piel con Celimax Dual Barrier Watery Sun Cream, un protector solar mineral de 40 ml con FPS 50+ PA++++, desarrollado para pieles sensibles y secas que buscan una potente protecci\u00f3n UV sin irritaci\u00f3n. Formulada con \u00f3xido de zinc no nano, cinco ceramidas naturales y la tecnolog\u00eda patentada Aquatide, esta crema ligera e hipoalerg\u00e9nica ofrece una protecci\u00f3n de amplio espectro contra los rayos UVA y UVB, a la vez que hidrata profundamente y fortalece la barrera cut\u00e1nea.<img loading=\"lazy\" decoding=\"async\" class=\"alignleft\" src=\"https:\/\/koreanskincare.pt\/cdn\/shop\/files\/Celimax_DualBarrierWaterySunCream_Photo4.jpg?v=1763715956\" width=\"516\" height=\"516\" \/><\/span><\/p>\n<p><span dir=\"auto\">Mejora tu rutina diaria de cuidado de la piel con la crema solar hidratante Dual Barrier, enriquecida con hialuronato de sodio y aceite de hoja de romero para una hidrataci\u00f3n duradera y un delicado aroma herbal que realza la experiencia sensorial. Perfecta para todo tipo de piel, este producto esencial de belleza coreana se aplica f\u00e1cilmente como hidratante, protegiendo contra las agresiones ambientales y calmando la piel sensible.<\/span><\/p>\n<p><strong><span dir=\"auto\">Recomendado para:<\/span><\/strong><span dir=\"auto\">\u00a0Todo tipo de piel, especialmente piel sensible y seca.<\/span><\/p>\n<h3><\/h3>\n<h3>Beneficios<img loading=\"lazy\" decoding=\"async\" class=\"alignright\" src=\"https:\/\/koreanskincare.pt\/cdn\/shop\/files\/Celimax_DualBarrierWaterySunCream_Photo1.jpg?v=1763715955\" width=\"514\" height=\"514\" \/><\/h3>\n<p>&nbsp;<\/p>\n<ul>\n<li><span dir=\"auto\">El protector solar con complejo de ceramidas <\/span><span dir=\"auto\">a base de filtros minerales tiene un efecto suave sobre la piel y no provoca irritaci\u00f3n.<\/span><\/li>\n<li>Hidrata intensamente y mantiene niveles \u00f3ptimos de humedad durante todo el d\u00eda.<\/li>\n<li>Un valor SPF alto protege de forma confiable contra los efectos agresivos de la radiaci\u00f3n ultravioleta, previene la formaci\u00f3n de manchas de la edad y ralentiza el proceso de envejecimiento.<\/li>\n<li>Bloquea la destrucci\u00f3n de las fibras de col\u00e1geno y elastina, manteniendo la elasticidad de la piel.<\/li>\n<li>Contiene aceite de romero, \u00e1cido hialur\u00f3nico, p\u00e9ptido y tocoferol.<\/li>\n<\/ul>\n<h3><\/h3>\n<h3><strong><span dir=\"auto\">Modo de uso<\/span><\/strong><\/h3>\n<p>&nbsp;<\/p>\n<ul>\n<li><span dir=\"auto\">Aplicar protector solar: Coloque una cantidad del tama\u00f1o de una moneda de diez centavos de Celimax Dual Barrier Watery Sun Cream en la palma de su mano.<\/span><\/li>\n<li><span dir=\"auto\">Aplicar uniformemente: Extienda la crema sobre el rostro y el cuello, evitando el contorno de los ojos, como \u00faltimo paso de su rutina matutina de cuidado facial.<\/span><\/li>\n<li><span dir=\"auto\">Aplique el producto suavemente sobre la piel con ligeros toques para facilitar su absorci\u00f3n: Aplique el producto suavemente sobre la piel con ligeros toques para asegurar una cobertura uniforme y una mejor absorci\u00f3n.<\/span><\/li>\n<li><span dir=\"auto\">Vuelva a aplicar seg\u00fan sea necesario: Vuelva a aplicar cada 2 horas, especialmente despu\u00e9s de nadar, sudar o estar expuesto al sol durante mucho tiempo, para una protecci\u00f3n continua.<\/span><\/li>\n<\/ul>\n","protected":false},"excerpt":{"rendered":"<p>DUAL BARRIER WATERY SPF50+ Protege tu piel con Celimax Dual Barrier Watery Sun Cream, un protector solar mineral de 40<\/p>\n","protected":false},"featured_media":103605,"comment_status":"open","ping_status":"closed","template":"","meta":{"nf_dc_page":""},"product_brand":[2660],"product_cat":[104],"product_tag":[3706],"class_list":{"0":"post-103604","1":"product","2":"type-product","3":"status-publish","4":"has-post-thumbnail","6":"product_brand-celimax","7":"product_cat-skin-care","8":"product_tag-3706","10":"first","11":"instock","12":"shipping-taxable","13":"purchasable","14":"product-type-simple"},"_links":{"self":[{"href":"https:\/\/brandss.com.py\/index\/wp-json\/wp\/v2\/product\/103604","targetHints":{"allow":["GET"]}}],"collection":[{"href":"https:\/\/brandss.com.py\/index\/wp-json\/wp\/v2\/product"}],"about":[{"href":"https:\/\/brandss.com.py\/index\/wp-json\/wp\/v2\/types\/product"}],"replies":[{"embeddable":true,"href":"https:\/\/brandss.com.py\/index\/wp-json\/wp\/v2\/comments?post=103604"}],"version-history":[{"count":1,"href":"https:\/\/brandss.com.py\/index\/wp-json\/wp\/v2\/product\/103604\/revisions"}],"predecessor-version":[{"id":103611,"href":"https:\/\/brandss.com.py\/index\/wp-json\/wp\/v2\/product\/103604\/revisions\/103611"}],"wp:featuredmedia":[{"embeddable":true,"href":"https:\/\/brandss.com.py\/index\/wp-json\/wp\/v2\/media\/103605"}],"wp:attachment":[{"href":"https:\/\/brandss.com.py\/index\/wp-json\/wp\/v2\/media?parent=103604"}],"wp:term":[{"taxonomy":"product_brand","embeddable":true,"href":"https:\/\/brandss.com.py\/index\/wp-json\/wp\/v2\/product_brand?post=103604"},{"taxonomy":"product_cat","embeddable":true,"href":"https:\/\/brandss.com.py\/index\/wp-json\/wp\/v2\/product_cat?post=103604"},{"taxonomy":"product_tag","embeddable":true,"href":"https:\/\/brandss.com.py\/index\/wp-json\/wp\/v2\/product_tag?post=103604"}],"curies":[{"name":"wp","href":"https:\/\/api.w.org\/{rel}","templated":true}]}}