{"id":103630,"date":"2026-05-14T14:46:50","date_gmt":"2026-05-14T14:46:50","guid":{"rendered":"https:\/\/brandss.com.py\/index\/?post_type=product&#038;p=103630"},"modified":"2026-05-14T14:47:53","modified_gmt":"2026-05-14T14:47:53","slug":"crema-facial-celimax-the-vita-a-retinal-shot-tightening-booster-1ml","status":"publish","type":"product","link":"https:\/\/brandss.com.py\/index\/producto\/crema-facial-celimax-the-vita-a-retinal-shot-tightening-booster-1ml\/","title":{"rendered":"CREMA FACIAL CELIMAX THE VITA A RETINAL SHOT TIGHTENING BOOSTER 1ML"},"content":{"rendered":"<p><img loading=\"lazy\" decoding=\"async\" class=\"\" src=\"https:\/\/venuseurope.com\/wp-content\/uploads\/2025\/04\/1749779637017_e70c8042c3cb4c198e39bfd4cd3ed238-1.png\" alt=\"CREMA FACIAL CELIMAX DUAL BARRIER SKIN WEARABLE 50ML \u2013 Brands\" width=\"141\" height=\"49\" \/><\/p>\n<h1>THE VITA A RETINAL SHOT TIGHTENING BOOSTER<\/h1>\n<p data-start=\"1641\" data-end=\"2042\"><span dir=\"auto\">Mejora tu rutina antiedad con el\u00a0<\/span><span dir=\"auto\">sobre reafirmante Celimax The Vita A Retinal Shot (1 ml)<\/span><span dir=\"auto\">\u00a0, un tratamiento reafirmante de \u00faltima generaci\u00f3n formulado con\u00a0<\/span><span dir=\"auto\">retinal (retinaldeh\u00eddo)<\/span><span dir=\"auto\">, una forma m\u00e1s avanzada y de acci\u00f3n r\u00e1pida de vitamina A. Este potente potenciador act\u00faa eficazmente para reducir las arrugas, minimizar los poros y mejorar la textura general de la piel con menos irritaci\u00f3n que el retinol tradicional.<\/span><\/p>\n<p data-start=\"2044\" data-end=\"2270\"><span dir=\"auto\">Su f\u00f3rmula concentrada penetra r\u00e1pidamente para estimular la s\u00edntesis de col\u00e1geno, suavizar la piel \u00e1spera y revelar una tez m\u00e1s luminosa y juvenil. El sobre de 1 ml ofrece una opci\u00f3n higi\u00e9nica y pr\u00e1ctica para llevar de viaje, ideal para tratamientos espec\u00edficos de la piel.<\/span><\/p>\n<h3 data-section-id=\"1cfawx3\" data-start=\"2277\" data-end=\"2300\"><span role=\"text\"><strong data-start=\"2281\" data-end=\"2300\"><span dir=\"auto\">Ingredientes clave<\/span><\/strong><\/span><\/h3>\n<ul data-start=\"2301\" data-end=\"2691\">\n<li data-section-id=\"1ouze5q\" data-start=\"2301\" data-end=\"2390\"><strong data-start=\"2303\" data-end=\"2331\"><span dir=\"auto\">Retinal (retinaldeh\u00eddo):<\/span><\/strong><span dir=\"auto\">\u00a0derivado de la vitamina A de acci\u00f3n m\u00e1s r\u00e1pida para la reducci\u00f3n de arrugas.<\/span><\/li>\n<li data-section-id=\"1296fn3\" data-start=\"2391\" data-end=\"2445\"><strong data-start=\"2393\" data-end=\"2409\"><span dir=\"auto\">Niacinamida:<\/span><\/strong><span dir=\"auto\">\u00a0Ilumina y unifica el tono de la piel.<\/span><\/li>\n<li data-section-id=\"6m44jd\" data-start=\"2446\" data-end=\"2500\"><strong data-start=\"2448\" data-end=\"2461\"><span dir=\"auto\">P\u00e9ptidos:<\/span><\/strong><span dir=\"auto\">\u00a0Favorecen la firmeza y elasticidad de la piel.<\/span><\/li>\n<li data-section-id=\"sad9ui\" data-start=\"2501\" data-end=\"2557\"><strong data-start=\"2503\" data-end=\"2523\"><span dir=\"auto\">\u00c1cido hialur\u00f3nico:<\/span><\/strong><span dir=\"auto\">\u00a0Proporciona hidrataci\u00f3n duradera.<\/span><\/li>\n<li data-section-id=\"1icntzy\" data-start=\"2558\" data-end=\"2623\"><strong data-start=\"2560\" data-end=\"2574\"><span dir=\"auto\">Pantenol:<\/span><\/strong><span dir=\"auto\">\u00a0Calma la irritaci\u00f3n y refuerza la barrera cut\u00e1nea.<\/span><\/li>\n<li data-section-id=\"1ookmjo\" data-start=\"2624\" data-end=\"2691\"><strong data-start=\"2626\" data-end=\"2656\"><span dir=\"auto\">Extracto de Centella Asi\u00e1tica:<\/span><\/strong><span dir=\"auto\">\u00a0Calma y repara la piel sensible.<\/span><\/li>\n<\/ul>\n<h3 data-section-id=\"qqu61a\" data-start=\"2698\" data-end=\"2716\"><span role=\"text\"><strong data-start=\"2702\" data-end=\"2716\"><span dir=\"auto\">Modo de uso<\/span><\/strong><\/span><\/h3>\n<ol data-start=\"2717\" data-end=\"2984\">\n<li data-section-id=\"vzes56\" data-start=\"2717\" data-end=\"2746\"><span dir=\"auto\">Limpiar y aplicar t\u00f3nico.<\/span><\/li>\n<li data-section-id=\"1mpd6rm\" data-start=\"2747\" data-end=\"2796\"><span dir=\"auto\">Aplique una cantidad del tama\u00f1o de un guisante de manera uniforme sobre el rostro.<\/span><\/li>\n<li data-section-id=\"ie4wyy\" data-start=\"2797\" data-end=\"2837\"><span dir=\"auto\">Evite las zonas sensibles (ojos, labios).<\/span><\/li>\n<li data-section-id=\"ysc7f0\" data-start=\"2838\" data-end=\"2869\"><span dir=\"auto\">A continuaci\u00f3n, aplica una crema hidratante.<\/span><\/li>\n<li data-section-id=\"1awhzdv\" data-start=\"2870\" data-end=\"2944\"><span dir=\"auto\">Utilizar \u00fanicamente por la noche, comenzando 1 o 2 veces por semana debido a su mayor potencia.<\/span><\/li>\n<li data-section-id=\"11yjz8j\" data-start=\"2945\" data-end=\"2984\"><span dir=\"auto\">Utilice siempre protector solar durante el d\u00eda.<\/span><\/li>\n<\/ol>\n","protected":false},"excerpt":{"rendered":"<p>THE VITA A RETINAL SHOT TIGHTENING BOOSTER Mejora tu rutina antiedad con el\u00a0sobre reafirmante Celimax The Vita A Retinal Shot<\/p>\n","protected":false},"featured_media":103631,"comment_status":"open","ping_status":"closed","template":"","meta":{"nf_dc_page":""},"product_brand":[2660],"product_cat":[104],"product_tag":[3709],"class_list":{"0":"post-103630","1":"product","2":"type-product","3":"status-publish","4":"has-post-thumbnail","6":"product_brand-celimax","7":"product_cat-skin-care","8":"product_tag-3709","10":"first","11":"instock","12":"shipping-taxable","13":"purchasable","14":"product-type-simple"},"_links":{"self":[{"href":"https:\/\/brandss.com.py\/index\/wp-json\/wp\/v2\/product\/103630","targetHints":{"allow":["GET"]}}],"collection":[{"href":"https:\/\/brandss.com.py\/index\/wp-json\/wp\/v2\/product"}],"about":[{"href":"https:\/\/brandss.com.py\/index\/wp-json\/wp\/v2\/types\/product"}],"replies":[{"embeddable":true,"href":"https:\/\/brandss.com.py\/index\/wp-json\/wp\/v2\/comments?post=103630"}],"version-history":[{"count":1,"href":"https:\/\/brandss.com.py\/index\/wp-json\/wp\/v2\/product\/103630\/revisions"}],"predecessor-version":[{"id":103633,"href":"https:\/\/brandss.com.py\/index\/wp-json\/wp\/v2\/product\/103630\/revisions\/103633"}],"wp:featuredmedia":[{"embeddable":true,"href":"https:\/\/brandss.com.py\/index\/wp-json\/wp\/v2\/media\/103631"}],"wp:attachment":[{"href":"https:\/\/brandss.com.py\/index\/wp-json\/wp\/v2\/media?parent=103630"}],"wp:term":[{"taxonomy":"product_brand","embeddable":true,"href":"https:\/\/brandss.com.py\/index\/wp-json\/wp\/v2\/product_brand?post=103630"},{"taxonomy":"product_cat","embeddable":true,"href":"https:\/\/brandss.com.py\/index\/wp-json\/wp\/v2\/product_cat?post=103630"},{"taxonomy":"product_tag","embeddable":true,"href":"https:\/\/brandss.com.py\/index\/wp-json\/wp\/v2\/product_tag?post=103630"}],"curies":[{"name":"wp","href":"https:\/\/api.w.org\/{rel}","templated":true}]}}