{"id":103647,"date":"2026-05-14T17:38:40","date_gmt":"2026-05-14T17:38:40","guid":{"rendered":"https:\/\/brandss.com.py\/index\/?post_type=product&#038;p=103647"},"modified":"2026-05-14T17:39:23","modified_gmt":"2026-05-14T17:39:23","slug":"almohadilla-facial-celimax-poredark-spot-brightening-40-pad-100ml","status":"publish","type":"product","link":"https:\/\/brandss.com.py\/index\/producto\/almohadilla-facial-celimax-poredark-spot-brightening-40-pad-100ml\/","title":{"rendered":"ALMOHADILLA FACIAL CELIMAX PORE+DARK SPOT BRIGHTENING 40 PAD 100ML"},"content":{"rendered":"<p><img loading=\"lazy\" decoding=\"async\" class=\"\" src=\"https:\/\/venuseurope.com\/wp-content\/uploads\/2025\/04\/1749779637017_e70c8042c3cb4c198e39bfd4cd3ed238-1.png\" alt=\"CREMA FACIAL CELIMAX DUAL BARRIER SKIN WEARABLE 50ML \u2013 Brands\" width=\"190\" height=\"66\" \/><\/p>\n<h1>PORE+DARK SPOT BRIGHTENING<\/h1>\n<p>Es un pad t\u00f3nico multifuncional desarrollado para mejorar la claridad de la piel, la estructura de los poros y el tono de la piel. Cada pad est\u00e1 impregnado con una esencia altamente concentrada que combina \u00e1cido tranex\u00e1mico, niacinamida y Melazero\u2122 V2. Estos ingredientes act\u00faan sin\u00e9rgicamente para reducir la visibilidad de la pigmentaci\u00f3n, manchas oscuras y desigualdades, mientras hidratan y equilibran la piel.<img loading=\"lazy\" decoding=\"async\" class=\"alignleft\" src=\"https:\/\/www.koreanbeauty.es\/cdn\/shop\/files\/Pore_Dark_Spot_Brightening_Pad_2.png?v=1761044820&amp;width=1080\" width=\"753\" height=\"753\" \/><\/p>\n<p>La f\u00f3rmula est\u00e1 enriquecida con\u00a0extracto de papaya y manzana\u00a0para una exfoliaci\u00f3n suave de las c\u00e9lulas muertas de la piel, as\u00ed como con diversas formas de\u00a0\u00e1cido hialur\u00f3nico\u00a0que proporcionan una hidrataci\u00f3n profunda. El resultado es una piel m\u00e1s suave con una textura refinada y un brillo aumentado.<\/p>\n<h3><\/h3>\n<h3><strong>Ingredientes claves<\/strong><\/h3>\n<p>&nbsp;<\/p>\n<ul>\n<li><strong>\u00c1cido tranex\u00e1mico<\/strong>\u00a0\u2013 Reduce la visibilidad de las manchas de pigmento y previene la nueva producci\u00f3n de melanina.<\/li>\n<li><strong>Niacinamida (Vitamina B3)<\/strong>\u00a0\u2013 Act\u00faa igualando el tono de la piel y contribuye a mejorar la elasticidad.<\/li>\n<li><strong>Melazero\u2122 V2 Complex<\/strong>\u00a0\u2013 Una f\u00f3rmula patentada desarrollada para reducir eficazmente las manchas oscuras y prevenir el da\u00f1o solar.<\/li>\n<li><strong>Extracto de papaya y manzana<\/strong>\u00a0\u2013 Fuentes naturales de \u00e1cidos AHA que exfolian suavemente la piel.<\/li>\n<li><strong>Complejo de \u00e1cido hialur\u00f3nico<\/strong>\u00a0\u2013 Un complejo que efectivamente retiene la humedad en las capas profundas de la piel para una suavidad y flexibilidad duraderas.<\/li>\n<\/ul>\n<h3><\/h3>\n<h3><strong>Ventajas<\/strong><\/h3>\n<p>&nbsp;<\/p>\n<ul>\n<li>Iguala el tono de la piel y reduce la pigmentaci\u00f3n visible.<\/li>\n<li>Reduce los poros y mejora la textura de la piel.<\/li>\n<li>Proporciona hidrataci\u00f3n intensa con una mezcla avanzada de \u00e1cidos hialur\u00f3nicos.<\/li>\n<li>Exfolia suavemente sin causar irritaci\u00f3n.<\/li>\n<li>Apto para todo tipo de piel, incluso piel sensible y combinada.<\/li>\n<\/ul>\n<h3 data-end=\"578\" data-start=\"564\"><\/h3>\n<h3 data-end=\"578\" data-start=\"564\"><strong data-end=\"576\" data-start=\"564\"><span dir=\"auto\">Beneficios<img loading=\"lazy\" decoding=\"async\" class=\"alignright\" src=\"https:\/\/moonglow.md\/wp-content\/uploads\/2024\/06\/celimax-poredark-spot-brightening-pad-40pads-3-min.jpg\" width=\"830\" height=\"830\" \/><\/span><\/strong><\/h3>\n<p>&nbsp;<\/p>\n<ul data-end=\"857\" data-start=\"579\">\n<li data-end=\"644\" data-section-id=\"ku0gjm\" data-start=\"579\">\n<p data-end=\"644\" data-start=\"581\"><span dir=\"auto\">Ayuda a reducir la apariencia de manchas oscuras y marcas posteriores al acn\u00e9.<\/span><\/p>\n<\/li>\n<li data-end=\"644\" data-section-id=\"ku0gjm\" data-start=\"579\">\n<p data-end=\"644\" data-start=\"581\"><span dir=\"auto\">Ilumina el tono de piel apagado y desigual.<\/span><\/p>\n<\/li>\n<li data-end=\"725\" data-section-id=\"15i3tj1\" data-start=\"685\">\n<p data-end=\"725\" data-start=\"687\"><span dir=\"auto\">Minimiza la apariencia de los poros dilatados.<\/span><\/p>\n<\/li>\n<li data-end=\"776\" data-section-id=\"1uwgvyo\" data-start=\"726\">\n<p data-end=\"776\" data-start=\"728\"><span dir=\"auto\">Proporciona una exfoliaci\u00f3n suave sin irritaci\u00f3n.<\/span><\/p>\n<\/li>\n<li data-end=\"810\" data-section-id=\"1xrzj2w\" data-start=\"777\">\n<p data-end=\"810\" data-start=\"779\"><span dir=\"auto\">Hidrata y calma la piel.<\/span><\/p>\n<\/li>\n<li data-end=\"857\" data-section-id=\"2lkk4y\" data-start=\"811\">\n<p data-end=\"857\" data-start=\"813\"><span dir=\"auto\">Mejora la textura y la luminosidad general de la piel.<\/span><\/p>\n<\/li>\n<\/ul>\n<h3><\/h3>\n<h3><strong>Modo de uso<\/strong><\/h3>\n<p>&nbsp;<\/p>\n<ol>\n<li>Limpia bien el rostro.<\/li>\n<li>Saca un pad y p\u00e1salo suavemente por todo el rostro, evitando el \u00e1rea de los ojos.<\/li>\n<li>Para un efecto extra: deja el pad en \u00e1reas con manchas oscuras durante 3-5 minutos.<\/li>\n<li>Da golpecitos hasta que la esencia sobrante se absorba completamente.<\/li>\n<li>Sigue con suero y crema hidratante. Usa protector solar durante el d\u00eda.<\/li>\n<\/ol>\n","protected":false},"excerpt":{"rendered":"<p>PORE+DARK SPOT BRIGHTENING Es un pad t\u00f3nico multifuncional desarrollado para mejorar la claridad de la piel, la estructura de los<\/p>\n","protected":false},"featured_media":103648,"comment_status":"open","ping_status":"closed","template":"","meta":{"nf_dc_page":""},"product_brand":[2660],"product_cat":[104],"product_tag":[3712],"class_list":{"0":"post-103647","1":"product","2":"type-product","3":"status-publish","4":"has-post-thumbnail","6":"product_brand-celimax","7":"product_cat-skin-care","8":"product_tag-3712","10":"first","11":"instock","12":"shipping-taxable","13":"purchasable","14":"product-type-simple"},"_links":{"self":[{"href":"https:\/\/brandss.com.py\/index\/wp-json\/wp\/v2\/product\/103647","targetHints":{"allow":["GET"]}}],"collection":[{"href":"https:\/\/brandss.com.py\/index\/wp-json\/wp\/v2\/product"}],"about":[{"href":"https:\/\/brandss.com.py\/index\/wp-json\/wp\/v2\/types\/product"}],"replies":[{"embeddable":true,"href":"https:\/\/brandss.com.py\/index\/wp-json\/wp\/v2\/comments?post=103647"}],"version-history":[{"count":1,"href":"https:\/\/brandss.com.py\/index\/wp-json\/wp\/v2\/product\/103647\/revisions"}],"predecessor-version":[{"id":103658,"href":"https:\/\/brandss.com.py\/index\/wp-json\/wp\/v2\/product\/103647\/revisions\/103658"}],"wp:featuredmedia":[{"embeddable":true,"href":"https:\/\/brandss.com.py\/index\/wp-json\/wp\/v2\/media\/103648"}],"wp:attachment":[{"href":"https:\/\/brandss.com.py\/index\/wp-json\/wp\/v2\/media?parent=103647"}],"wp:term":[{"taxonomy":"product_brand","embeddable":true,"href":"https:\/\/brandss.com.py\/index\/wp-json\/wp\/v2\/product_brand?post=103647"},{"taxonomy":"product_cat","embeddable":true,"href":"https:\/\/brandss.com.py\/index\/wp-json\/wp\/v2\/product_cat?post=103647"},{"taxonomy":"product_tag","embeddable":true,"href":"https:\/\/brandss.com.py\/index\/wp-json\/wp\/v2\/product_tag?post=103647"}],"curies":[{"name":"wp","href":"https:\/\/api.w.org\/{rel}","templated":true}]}}