{"id":103662,"date":"2026-05-14T18:26:20","date_gmt":"2026-05-14T18:26:20","guid":{"rendered":"https:\/\/brandss.com.py\/index\/?post_type=product&#038;p=103662"},"modified":"2026-05-14T18:26:58","modified_gmt":"2026-05-14T18:26:58","slug":"protector-solar-facial-celimax-oil-control-mattifying-stick-spf50-19gr","status":"publish","type":"product","link":"https:\/\/brandss.com.py\/index\/producto\/protector-solar-facial-celimax-oil-control-mattifying-stick-spf50-19gr\/","title":{"rendered":"PROTECTOR SOLAR FACIAL CELIMAX OIL CONTROL MATTIFYING STICK SPF50+ 19GR"},"content":{"rendered":"<p><img loading=\"lazy\" decoding=\"async\" class=\"\" src=\"https:\/\/venuseurope.com\/wp-content\/uploads\/2025\/04\/1749779637017_e70c8042c3cb4c198e39bfd4cd3ed238-1.png\" alt=\"CREMA FACIAL CELIMAX DUAL BARRIER SKIN WEARABLE 50ML \u2013 Brands\" width=\"187\" height=\"65\" \/><\/p>\n<h1>OIL CONTROL MATTIFYING STICK SPF50+<\/h1>\n<p>Protecci\u00f3n solar y control de brillo en un solo paso. Oil Control Mattifying Sun Stick de Celimax ofrece una alta protecci\u00f3n de amplio espectro SPF 50+ PA++++ con una f\u00f3rmula ligera y no comedog\u00e9nica, ideal para pieles grasas o con tendencia acneica. Su textura suave deja un acabado mate y sin sensaci\u00f3n pegajosa, perfecta para reaplicar durante el d\u00eda, incluso sobre el maquillaje.<img loading=\"lazy\" decoding=\"async\" class=\"alignleft\" src=\"https:\/\/celimax.ar\/cdn\/shop\/files\/1_6be01ac8-c072-4345-9bad-ed08ba104b3d.jpg?v=1775663215&amp;width=800\" width=\"439\" height=\"615\" \/><\/p>\n<p>Su pr\u00e1ctico dise\u00f1o en forma de gota facilita la aplicaci\u00f3n en zonas dif\u00edciles como alrededor de la nariz y los ojos, asegurando una cobertura uniforme y c\u00f3moda en todo momento. Ideal para mantener la piel protegida, fresca y sin brillo todo el d\u00eda.<\/p>\n<p>Un\u00a0protector solar en barra\u00a0que controla el sebo y ofrece una protecci\u00f3n solar efectiva con\u00a0SPF50+ PA++++ de amplio espectro.<br data-end=\"205\" data-start=\"202\" \/>Formulado con una\u00a0textura ligera y no comedog\u00e9nica, ideal para pieles con tendencia al acn\u00e9.<br data-end=\"304\" data-start=\"301\" \/>Proporciona un acabado\u00a0mate y suave de larga duraci\u00f3n, perfecto para reaplicar f\u00e1cilmente incluso sobre el maquillaje.<br data-end=\"429\" data-start=\"426\" \/>Dise\u00f1ado con un aplicador en forma de gota que permite una aplicaci\u00f3n precisa alrededor de los ojos y la nariz.<\/p>\n<h3>Beneficios<\/h3>\n<p>&nbsp;<\/p>\n<div class=\"cg-accordion-item\">\n<ul>\n<li><strong>Controla el exceso de sebo:<\/strong>\u00a0f\u00f3rmula absorbente con sales de s\u00edlica y pol\u00edmeros que mantienen la piel mate por m\u00e1s tiempo.<\/li>\n<li><strong>Alta protecci\u00f3n solar:<\/strong>\u00a0filtros de amplio espectro SPF\u202f50+ PA++++ defienden contra UVA y UVB.<\/li>\n<li><strong>Reaplicable sobre maquillaje:<\/strong>\u00a0sin transferirse ni dejar residuos, gracias al formato en barra.<\/li>\n<li><strong>Ingredientes calmantes y antioxidantes:<\/strong>\u00a0centella asi\u00e1tica, bisabolol y vitamina\u00a0E ayudan a calmar y proteger la piel.<\/li>\n<li><strong>Acabado suave y sin brillo:<\/strong>\u00a0ideal para climas h\u00famedos o pieles propensas al brillo.<\/li>\n<\/ul>\n<\/div>\n<h3><\/h3>\n<h3 class=\"h1\">Beneficios del uso diario<img loading=\"lazy\" decoding=\"async\" class=\"alignright\" src=\"https:\/\/glaskin.co\/wp-content\/uploads\/2025\/07\/CELIMAX-PROTECTOR-SOLAR-EN-BARRA-OIL-CONTROL-MATTIFYING-SUN-STICK-19G-presentacion.webp\" width=\"581\" height=\"581\" \/><\/h3>\n<p>&nbsp;<\/p>\n<div>\n<ul>\n<li>Protege la piel del da\u00f1o solar durante todo el d\u00eda.<\/li>\n<li>Controla el brillo y la oleosidad.<\/li>\n<li>Facilita la reaplicaci\u00f3n del protector solar.<\/li>\n<li>No arruina el maquillaje.<\/li>\n<li>Deja un acabado mate y suave.<\/li>\n<li>Ideal para llevar y usar en cualquier momento.<\/li>\n<\/ul>\n<\/div>\n<h3><\/h3>\n<h3><strong>Modo de Uso:<\/strong><\/h3>\n<p>&nbsp;<\/p>\n<p>1. Aplique el protector solar en barra como ultimo paso de su rutina de cuidado de la piel, es ideal para reaplicar tu protecci\u00f3n solar a lo largo del d\u00eda<br \/>\n2. Pase la barra de protector solar sobre la piel, cubriendo todas las \u00e1reas expuestas. Aseg\u00farese de aplicar generosamente en el rostro y cuello<br \/>\n3. Use las yemas de los dedos para extender y distribuir el producto uniformemente, asegur\u00e1ndose de cubrir todas las \u00e1reas con una capa adecuada.<br \/>\n4. Para mantener una protecci\u00f3n \u00f3ptima, reaplique cada tres horas, o despu\u00e9s de nadar, sudar o secarse con una toalla.<\/p>\n","protected":false},"excerpt":{"rendered":"<p>OIL CONTROL MATTIFYING STICK SPF50+ Protecci\u00f3n solar y control de brillo en un solo paso. Oil Control Mattifying Sun Stick<\/p>\n","protected":false},"featured_media":103663,"comment_status":"open","ping_status":"closed","template":"","meta":{"nf_dc_page":""},"product_brand":[2660],"product_cat":[104],"product_tag":[3714],"class_list":{"0":"post-103662","1":"product","2":"type-product","3":"status-publish","4":"has-post-thumbnail","6":"product_brand-celimax","7":"product_cat-skin-care","8":"product_tag-3714","10":"first","11":"instock","12":"shipping-taxable","13":"purchasable","14":"product-type-simple"},"_links":{"self":[{"href":"https:\/\/brandss.com.py\/index\/wp-json\/wp\/v2\/product\/103662","targetHints":{"allow":["GET"]}}],"collection":[{"href":"https:\/\/brandss.com.py\/index\/wp-json\/wp\/v2\/product"}],"about":[{"href":"https:\/\/brandss.com.py\/index\/wp-json\/wp\/v2\/types\/product"}],"replies":[{"embeddable":true,"href":"https:\/\/brandss.com.py\/index\/wp-json\/wp\/v2\/comments?post=103662"}],"version-history":[{"count":1,"href":"https:\/\/brandss.com.py\/index\/wp-json\/wp\/v2\/product\/103662\/revisions"}],"predecessor-version":[{"id":103670,"href":"https:\/\/brandss.com.py\/index\/wp-json\/wp\/v2\/product\/103662\/revisions\/103670"}],"wp:featuredmedia":[{"embeddable":true,"href":"https:\/\/brandss.com.py\/index\/wp-json\/wp\/v2\/media\/103663"}],"wp:attachment":[{"href":"https:\/\/brandss.com.py\/index\/wp-json\/wp\/v2\/media?parent=103662"}],"wp:term":[{"taxonomy":"product_brand","embeddable":true,"href":"https:\/\/brandss.com.py\/index\/wp-json\/wp\/v2\/product_brand?post=103662"},{"taxonomy":"product_cat","embeddable":true,"href":"https:\/\/brandss.com.py\/index\/wp-json\/wp\/v2\/product_cat?post=103662"},{"taxonomy":"product_tag","embeddable":true,"href":"https:\/\/brandss.com.py\/index\/wp-json\/wp\/v2\/product_tag?post=103662"}],"curies":[{"name":"wp","href":"https:\/\/api.w.org\/{rel}","templated":true}]}}